{"id":5558,"date":"2025-12-10T15:22:48","date_gmt":"2025-12-10T13:22:48","guid":{"rendered":"https:\/\/www.nordichotels.eu\/241225-jouluohtusook-restoranis-noho\/"},"modified":"2025-12-30T10:06:16","modified_gmt":"2025-12-30T08:06:16","slug":"uudenvuodenaaton-illallinen-nohossa-31122025","status":"publish","type":"page","link":"https:\/\/www.nordichotels.eu\/fi\/uudenvuodenaaton-illallinen-nohossa-31122025\/","title":{"rendered":"Uudenvuodenaaton illallinen ravintola Nohossa 31.12.2025"},"content":{"rendered":"<p><div class=\"fusion-fullwidth fullwidth-box fusion-builder-row-1 fusion-flex-container has-pattern-background has-mask-background nonhundred-percent-fullwidth non-hundred-percent-height-scrolling\" style=\"--awb-border-radius-top-left:0px;--awb-border-radius-top-right:0px;--awb-border-radius-bottom-right:0px;--awb-border-radius-bottom-left:0px;--awb-padding-top:0px;--awb-padding-bottom:0px;--awb-margin-top:0px;--awb-margin-bottom:0px;--awb-flex-wrap:wrap;\" ><div class=\"fusion-builder-row fusion-row fusion-flex-align-items-flex-start fusion-flex-content-wrap\" style=\"max-width:104%;margin-left: calc(-4% \/ 2 );margin-right: calc(-4% \/ 2 );\"><div class=\"fusion-layout-column fusion_builder_column fusion-builder-column-0 fusion_builder_column_1_1 1_1 fusion-flex-column\" style=\"--awb-bg-size:cover;--awb-width-large:100%;--awb-margin-top-large:0px;--awb-spacing-right-large:1.92%;--awb-margin-bottom-large:20px;--awb-spacing-left-large:1.92%;--awb-width-medium:100%;--awb-order-medium:0;--awb-spacing-right-medium:1.92%;--awb-spacing-left-medium:1.92%;--awb-width-small:100%;--awb-order-small:0;--awb-spacing-right-small:1.92%;--awb-spacing-left-small:1.92%;\"><div class=\"fusion-column-wrapper fusion-column-has-shadow fusion-flex-justify-content-flex-start fusion-content-layout-column\"><div class=\"fusion-image-element \" style=\"--awb-caption-title-font-family:var(--h2_typography-font-family);--awb-caption-title-font-weight:var(--h2_typography-font-weight);--awb-caption-title-font-style:var(--h2_typography-font-style);--awb-caption-title-size:var(--h2_typography-font-size);--awb-caption-title-transform:var(--h2_typography-text-transform);--awb-caption-title-line-height:var(--h2_typography-line-height);--awb-caption-title-letter-spacing:var(--h2_typography-letter-spacing);\"><span class=\" fusion-imageframe imageframe-none imageframe-1 hover-type-none\"><img decoding=\"async\" width=\"1920\" height=\"396\" src=\"https:\/\/www.nordichotels.eu\/wp-content\/uploads\/2024\/02\/toad.jpg\" alt class=\"img-responsive wp-image-870\" srcset=\"https:\/\/www.nordichotels.eu\/wp-content\/uploads\/2024\/02\/toad-200x41.jpg 200w, https:\/\/www.nordichotels.eu\/wp-content\/uploads\/2024\/02\/toad-400x83.jpg 400w, https:\/\/www.nordichotels.eu\/wp-content\/uploads\/2024\/02\/toad-600x124.jpg 600w, https:\/\/www.nordichotels.eu\/wp-content\/uploads\/2024\/02\/toad-800x165.jpg 800w, https:\/\/www.nordichotels.eu\/wp-content\/uploads\/2024\/02\/toad-1200x248.jpg 1200w, https:\/\/www.nordichotels.eu\/wp-content\/uploads\/2024\/02\/toad.jpg 1920w\" sizes=\"(max-width: 640px) 100vw, 1920px\" \/><\/span><\/div><\/div><\/div><\/div><\/div><div class=\"fusion-fullwidth fullwidth-box fusion-builder-row-2 fusion-flex-container has-pattern-background has-mask-background nonhundred-percent-fullwidth non-hundred-percent-height-scrolling\" style=\"--awb-border-radius-top-left:0px;--awb-border-radius-top-right:0px;--awb-border-radius-bottom-right:0px;--awb-border-radius-bottom-left:0px;--awb-flex-wrap:wrap;\" ><div class=\"fusion-builder-row fusion-row fusion-flex-align-items-stretch fusion-flex-content-wrap\" style=\"max-width:104%;margin-left: calc(-4% \/ 2 );margin-right: calc(-4% \/ 2 );\"><div class=\"fusion-layout-column fusion_builder_column fusion-builder-column-1 fusion_builder_column_3_5 3_5 fusion-flex-column\" style=\"--awb-padding-top:20px;--awb-padding-right:20px;--awb-padding-bottom:20px;--awb-padding-left:20px;--awb-bg-color:var(--awb-color1);--awb-bg-color-hover:var(--awb-color1);--awb-bg-size:cover;--awb-width-large:60%;--awb-margin-top-large:0px;--awb-spacing-right-large:3.2%;--awb-margin-bottom-large:20px;--awb-spacing-left-large:3.2%;--awb-width-medium:60%;--awb-order-medium:0;--awb-spacing-right-medium:3.2%;--awb-spacing-left-medium:3.2%;--awb-width-small:100%;--awb-order-small:0;--awb-spacing-right-small:1.92%;--awb-spacing-left-small:1.92%;\" data-scroll-devices=\"small-visibility,medium-visibility,large-visibility\"><div class=\"fusion-column-wrapper fusion-column-has-shadow fusion-flex-justify-content-flex-start fusion-content-layout-column\"><div class=\"fusion-title title fusion-title-1 fusion-sep-none fusion-title-text fusion-title-size-one\" style=\"--awb-margin-top:0px;--awb-margin-bottom:0px;--awb-margin-top-small:10px;--awb-margin-right-small:0px;--awb-margin-bottom-small:10px;--awb-margin-left-small:0px;--awb-font-size:26px;\"><h1 class=\"fusion-title-heading title-heading-left fusion-responsive-typography-calculated\" style=\"font-family:&quot;Accurat regular&quot;;font-style:normal;font-weight:400;margin:0;font-size:1em;--fontSize:26;line-height:1.3;\"><h1>J\u00e4tet\u00e4\u00e4n hyv\u00e4stit vanhalle vuodelle Nordic Hotel Forumissa<\/h1><\/h1><\/div><div class=\"fusion-separator\" style=\"align-self: flex-start;margin-right:auto;margin-top:15px;margin-bottom:40px;width:100%;max-width:50px;\"><div class=\"fusion-separator-border sep-single sep-solid\" style=\"--awb-height:20px;--awb-amount:20px;--awb-sep-color:var(--awb-color4);border-color:var(--awb-color4);border-top-width:2px;\"><\/div><\/div><div class=\"fusion-text fusion-text-1\"><h3>Uudenvuodenaatto 31. joulukuuta 2025 ravintola Nohossa<\/h3>\n<p data-path-to-node=\"3\">Vuoden viimeiset tunnit ja uudenvuodeny\u00f6 Tallinnassa ovat t\u00e4ynn\u00e4 el\u00e4m\u00e4\u00e4 ja juhlahumua. Nordic Hotel Forum sijaitsee vain lyhyen k\u00e4velymatkan p\u00e4\u00e4ss\u00e4 Vapaudenaukiolta, jossa j\u00e4rjestet\u00e4\u00e4n kaupungin virallinen uudenvuodenjuhla. T\u00e4m\u00e4 on loistava mahdollisuus yhdist\u00e4\u00e4 illallinen ravintola Nohossa ja ydinkeskustan juhlatapahtumat.<\/p>\n<h3 data-path-to-node=\"4\">Illallinen ravintola Nohossa<\/h3>\n<p data-path-to-node=\"5\">Ennen suuntaamista ydinkeskustan juhliin kutsumme teid nauttimaan uudenvuodenmenustamme. Olemme luoneet valikoiman annoksia, jotka heijastavat pohjoismaisia makuja ja juhlatunnelmaa tarjoten rauhallisen ilmapiirin kaupungin vilskeen keskell\u00e4. T\u00e4m\u00e4 on hieno tapa hyv\u00e4stell\u00e4 vanha vuosi ja valmistautua uuden vuoden vastaanottamiseen.<\/p>\n<h3 data-path-to-node=\"6\">Tallinnan uudenvuodenjuhla Vapaudenaukiolla<\/h3>\n<p data-path-to-node=\"7,0,0\">31. joulukuuta klo 22.00 alkaen Vapaudenaukiolla esiintyy <a href=\"https:\/\/www.tallinn.ee\/et\/aastavahetus?fbclid=IwY2xjawO_a7pleHRuA2FlbQIxMABicmlkETFlM3RFc2VZNm1ZellOVFhVc3J0YwZhcHBfaWQQMjIyMDM5MTc4ODIwMDg5MgABHtXZjLR1NzPg3BSaD5uo_7T5M6jCvOmGGgybywsFK7doQWSLb3c3PG5GQdbn_aem_wo8BmfimgW7mm-L6y8SliA\" target=\"_blank\" rel=\"noopener\">Viron rakastetuimpia artisteja<\/a>. Ilotulituksen sijaan uuden vuoden saapumista juhlistetaan musiikkiin s\u00e4velletyll\u00e4 valoshow\u2019lla, jossa n\u00e4hd\u00e4\u00e4n liekkej\u00e4, s\u00e4keni\u00e4 ja lasereita.<\/p>\n<p data-path-to-node=\"10\">Olette l\u00e4mpim\u00e4sti tervetulleita viett\u00e4m\u00e4\u00e4n ikimuistoista vuoden viimeist\u00e4 iltaa ja toivottamaan uuden vuoden tervetulleeksi kanssamme.<\/p>\n<h4>Uudenvuodenaaton illallinen<\/h4>\n<p>Hotellin keitti\u00f6mestarin ja h\u00e4nen tiimins\u00e4 valitsemat annokset tarjoavat makuja juhlavalla vivahteella. Nauttikaa illallisesta ja omistakaa aikanne l\u00e4heisten kanssa yhdess\u00e4ololle.<\/p>\n<p>Tutustu menuun <span style=\"color: #333399;\"><strong><a style=\"color: #333399;\" href=\"https:\/\/www.nordichotels.eu\/wp-content\/uploads\/2025\/12\/Nordic-Hotel-Forum-I-Nohon-Uudenvuoden-menu-2025.pdf\" target=\"_blank\" rel=\"noopener\">t\u00e4st\u00e4<\/a><\/strong><\/span> ja varaa p\u00f6yt\u00e4 jo t\u00e4n\u00e4\u00e4n.<\/p>\n<h4 class=\"\" data-fontsize=\"22\" data-lineheight=\"26.4px\">Illallinen on tarjolla keskiviikkona 31.12.2025 klo 12.00\u201323.00 Nordic Hotel Forumin ravintola Nohossa, osoitteessa Viru v\u00e4ljak 3, Tallinna.<\/h4>\n<h4>Lis\u00e4tiedot ja varaukset:<\/h4>\n<ul>\n<li>Hinta:\n<ul>\n<li>55\u20ac\/vieras*<\/li>\n<li>sis\u00e4lt\u00e4\u00e4 lasillisen tervetuliaisjuomaa, monipuolisen menun sek\u00e4 leip\u00e4- ja s\u00e4mpyl\u00e4valikoiman.<\/li>\n<\/ul>\n<\/li>\n<li>Varaukset ja lis\u00e4tiedot: forum@nordichotels.eu tai puh. +372 622 2999<\/li>\n<li>Annoksia ja juomia voi tilata my\u00f6s ravintolan tavalliselta \u00e0 la carte -listalta.<\/li>\n<li>Tallinnan kaupunki vastaa Vapaudenaukion uudenvuodenohjelmasta. Pyyd\u00e4mme yst\u00e4v\u00e4llisesti tarkistamaan yksityiskohdat ja aikataulun <strong><a href=\"https:\/\/www.tallinn.ee\/et\/aastavahetus?fbclid=IwY2xjawO_a7pleHRuA2FlbQIxMABicmlkETFlM3RFc2VZNm1ZellOVFhVc3J0YwZhcHBfaWQQMjIyMDM5MTc4ODIwMDg5MgABHtXZjLR1NzPg3BSaD5uo_7T5M6jCvOmGGgybywsFK7doQWSLb3c3PG5GQdbn_aem_wo8BmfimgW7mm-L6y8SliA\" target=\"_blank\" rel=\"noopener\">t\u00e4st\u00e4<\/a><\/strong>.<\/li>\n<\/ul>\n<\/div><div ><a class=\"fusion-button button-flat fusion-button-default-size button-custom fusion-button-default button-1 fusion-button-default-span fusion-button-default-type\" style=\"--button_accent_color:var(--awb-color7);--button_border_color:var(--awb-color4);--button_accent_hover_color:var(--awb-color6);--button_border_hover_color:var(--awb-color1);--button_border_width-top:2px;--button_border_width-right:2px;--button_border_width-bottom:2px;--button_border_width-left:2px;--button-border-radius-top-left:35px;--button-border-radius-top-right:35px;--button-border-radius-bottom-right:35px;--button-border-radius-bottom-left:35px;--button_gradient_top_color:var(--awb-color1);--button_gradient_bottom_color:var(--awb-color1);--button_gradient_top_color_hover:hsla(var(--awb-color4-h),calc(var(--awb-color4-s) - 5%),calc(var(--awb-color4-l) - 10%),var(--awb-color4-a));--button_gradient_bottom_color_hover:hsla(var(--awb-color4-h),calc(var(--awb-color4-s) - 5%),calc(var(--awb-color4-l) - 10%),var(--awb-color4-a));--button_font_size:14px;--button_typography-font-family:&quot;Accurat regular&quot;;--button_typography-font-style:normal;--button_typography-font-weight:400;\" target=\"_blank\" rel=\"noopener noreferrer\" href=\"https:\/\/www.nordichotels.eu\/wp-content\/uploads\/2025\/12\/Nordic-Hotel-Forum-I-Nohon-Uudenvuoden-menu-2025.pdf\"><span class=\"fusion-button-text awb-button__text awb-button__text--default\">KATSO RUOKALISTA<\/span><\/a><\/div><\/div><\/div><div class=\"fusion-layout-column fusion_builder_column fusion-builder-column-2 fusion_builder_column_2_5 2_5 fusion-flex-column\" style=\"--awb-padding-top:20px;--awb-padding-right:20px;--awb-padding-bottom:20px;--awb-padding-left:20px;--awb-bg-color:var(--awb-color1);--awb-bg-color-hover:var(--awb-color1);--awb-bg-size:cover;--awb-width-large:40%;--awb-margin-top-large:0px;--awb-spacing-right-large:4.8%;--awb-margin-bottom-large:20px;--awb-spacing-left-large:4.8%;--awb-width-medium:40%;--awb-order-medium:0;--awb-spacing-right-medium:4.8%;--awb-spacing-left-medium:4.8%;--awb-width-small:100%;--awb-order-small:0;--awb-spacing-right-small:1.92%;--awb-spacing-left-small:1.92%;\" data-scroll-devices=\"small-visibility,medium-visibility,large-visibility\"><div class=\"fusion-column-wrapper fusion-column-has-shadow fusion-flex-justify-content-flex-start fusion-content-layout-column\"><div class=\"fusion-image-element \" style=\"--awb-caption-title-font-family:var(--h2_typography-font-family);--awb-caption-title-font-weight:var(--h2_typography-font-weight);--awb-caption-title-font-style:var(--h2_typography-font-style);--awb-caption-title-size:var(--h2_typography-font-size);--awb-caption-title-transform:var(--h2_typography-text-transform);--awb-caption-title-line-height:var(--h2_typography-line-height);--awb-caption-title-letter-spacing:var(--h2_typography-letter-spacing);\"><span class=\" fusion-imageframe imageframe-none imageframe-2 hover-type-none\"><img decoding=\"async\" width=\"1120\" height=\"703\" alt=\"Restoran Noho pakub vana-aasta \u00f5htu mitmek\u00e4igulist men\u00fc\u00fcd\" src=\"https:\/\/www.nordichotels.eu\/wp-content\/uploads\/2025\/12\/NHF-Kodulehe-sisulehtede-pilt-1120-x-703-1.png\" class=\"img-responsive wp-image-5639\" srcset=\"https:\/\/www.nordichotels.eu\/wp-content\/uploads\/2025\/12\/NHF-Kodulehe-sisulehtede-pilt-1120-x-703-1-200x126.png 200w, https:\/\/www.nordichotels.eu\/wp-content\/uploads\/2025\/12\/NHF-Kodulehe-sisulehtede-pilt-1120-x-703-1-400x251.png 400w, https:\/\/www.nordichotels.eu\/wp-content\/uploads\/2025\/12\/NHF-Kodulehe-sisulehtede-pilt-1120-x-703-1-600x377.png 600w, https:\/\/www.nordichotels.eu\/wp-content\/uploads\/2025\/12\/NHF-Kodulehe-sisulehtede-pilt-1120-x-703-1-800x502.png 800w, https:\/\/www.nordichotels.eu\/wp-content\/uploads\/2025\/12\/NHF-Kodulehe-sisulehtede-pilt-1120-x-703-1.png 1120w\" sizes=\"(max-width: 640px) 100vw, 800px\" \/><\/span><\/div><div class=\"fusion-separator\" style=\"align-self: flex-start;margin-right:auto;margin-top:15px;margin-bottom:40px;width:100%;max-width:50px;\"><div class=\"fusion-separator-border sep-single sep-solid\" style=\"--awb-height:20px;--awb-amount:20px;--awb-sep-color:var(--awb-color4);border-color:var(--awb-color4);border-top-width:2px;\"><\/div><\/div><div class=\"fusion-text fusion-text-2\"><p>Ravintola Nohon annokset edustavat pohjoismaisia makuja tarjoillen sek\u00e4 rakastettuja skandinaavisia klassikoita ett\u00e4 kansainv\u00e4lisi\u00e4 ruokia. Nordic Hotel Forumissa sijaitseva ravintola on pidetty kohtaamispaikka kaupungin syd\u00e4mess\u00e4, vain k\u00e4velymatkan p\u00e4\u00e4ss\u00e4 historiallisesta Tallinnan vanhastakaupungista ja Vapaudenaukiolta. Nohon kokkien valmistamat annokset heijastavat vuodenaikoja, ja ne on luotu aidoista ja laadukkaista raaka-aineista. Ruoan kyytipojaksi tarjoamme huolella valittuja viinej\u00e4, joita ei paikallisista kaupoista l\u00f6ydy,<\/p>\n<\/div><\/div><\/div><\/div><\/div><\/p>\n","protected":false},"excerpt":{"rendered":"","protected":false},"author":3,"featured_media":0,"parent":0,"menu_order":0,"comment_status":"closed","ping_status":"closed","template":"100-width.php","meta":{"inline_featured_image":false,"footnotes":""},"class_list":["post-5558","page","type-page","status-publish","hentry"],"yoast_head":"<!-- This site is optimized with the Yoast SEO plugin v27.3 - https:\/\/yoast.com\/product\/yoast-seo-wordpress\/ -->\n<title>Uudenvuodenaaton illallinen ravintola Nohossa 31.12.2025 - Nordic Hotel Forum<\/title>\n<meta name=\"description\" content=\"Viet\u00e4 uudenvuodenaattoa 31.12. illallisen merkeiss\u00e4 Nohossa. Sijaitsemme vain k\u00e4velymatkan p\u00e4\u00e4ss\u00e4 Tallinnan ydinkeskustasta ja Vapaudenaukiolta.\" \/>\n<meta name=\"robots\" content=\"index, follow, max-snippet:-1, max-image-preview:large, max-video-preview:-1\" \/>\n<link rel=\"canonical\" href=\"https:\/\/www.nordichotels.eu\/fi\/uudenvuodenaaton-illallinen-nohossa-31122025\/\" \/>\n<meta property=\"og:locale\" content=\"fi_FI\" \/>\n<meta property=\"og:type\" content=\"article\" \/>\n<meta property=\"og:title\" content=\"Uudenvuodenaaton illallinen ravintola Nohossa 31.12.2025 - Nordic Hotel Forum\" \/>\n<meta property=\"og:description\" content=\"Viet\u00e4 uudenvuodenaattoa 31.12. illallisen merkeiss\u00e4 Nohossa. Sijaitsemme vain k\u00e4velymatkan p\u00e4\u00e4ss\u00e4 Tallinnan ydinkeskustasta ja Vapaudenaukiolta.\" \/>\n<meta property=\"og:url\" content=\"https:\/\/www.nordichotels.eu\/fi\/uudenvuodenaaton-illallinen-nohossa-31122025\/\" \/>\n<meta property=\"og:site_name\" content=\"Nordic Hotel Forum\" \/>\n<meta property=\"article:modified_time\" content=\"2025-12-30T08:06:16+00:00\" \/>\n<meta property=\"og:image\" content=\"https:\/\/www.nordichotels.eu\/wp-content\/uploads\/2024\/04\/Nordic-Hotel-Forum.jpg\" \/>\n\t<meta property=\"og:image:width\" content=\"1200\" \/>\n\t<meta property=\"og:image:height\" content=\"675\" \/>\n\t<meta property=\"og:image:type\" content=\"image\/jpeg\" \/>\n<meta name=\"twitter:card\" content=\"summary_large_image\" \/>\n<meta name=\"twitter:label1\" content=\"Arvioitu lukuaika\" \/>\n\t<meta name=\"twitter:data1\" content=\"2 minuuttia\" \/>\n<script type=\"application\/ld+json\" class=\"yoast-schema-graph\">{\"@context\":\"https:\\\/\\\/schema.org\",\"@graph\":[{\"@type\":\"WebPage\",\"@id\":\"https:\\\/\\\/www.nordichotels.eu\\\/fi\\\/uudenvuodenaaton-illallinen-nohossa-31122025\\\/\",\"url\":\"https:\\\/\\\/www.nordichotels.eu\\\/fi\\\/uudenvuodenaaton-illallinen-nohossa-31122025\\\/\",\"name\":\"Uudenvuodenaaton illallinen ravintola Nohossa 31.12.2025 - Nordic Hotel Forum\",\"isPartOf\":{\"@id\":\"https:\\\/\\\/www.nordichotels.eu\\\/fi\\\/#website\"},\"datePublished\":\"2025-12-10T13:22:48+00:00\",\"dateModified\":\"2025-12-30T08:06:16+00:00\",\"description\":\"Viet\u00e4 uudenvuodenaattoa 31.12. illallisen merkeiss\u00e4 Nohossa. Sijaitsemme vain k\u00e4velymatkan p\u00e4\u00e4ss\u00e4 Tallinnan ydinkeskustasta ja Vapaudenaukiolta.\",\"breadcrumb\":{\"@id\":\"https:\\\/\\\/www.nordichotels.eu\\\/fi\\\/uudenvuodenaaton-illallinen-nohossa-31122025\\\/#breadcrumb\"},\"inLanguage\":\"fi\",\"potentialAction\":[{\"@type\":\"ReadAction\",\"target\":[\"https:\\\/\\\/www.nordichotels.eu\\\/fi\\\/uudenvuodenaaton-illallinen-nohossa-31122025\\\/\"]}]},{\"@type\":\"BreadcrumbList\",\"@id\":\"https:\\\/\\\/www.nordichotels.eu\\\/fi\\\/uudenvuodenaaton-illallinen-nohossa-31122025\\\/#breadcrumb\",\"itemListElement\":[{\"@type\":\"ListItem\",\"position\":1,\"name\":\"Home\",\"item\":\"https:\\\/\\\/www.nordichotels.eu\\\/fi\\\/\"},{\"@type\":\"ListItem\",\"position\":2,\"name\":\"Uudenvuodenaaton illallinen ravintola Nohossa 31.12.2025\"}]},{\"@type\":\"WebSite\",\"@id\":\"https:\\\/\\\/www.nordichotels.eu\\\/fi\\\/#website\",\"url\":\"https:\\\/\\\/www.nordichotels.eu\\\/fi\\\/\",\"name\":\"Nordic Hotel Forum\",\"description\":\"Kaiken keskell\u00e4\",\"potentialAction\":[{\"@type\":\"SearchAction\",\"target\":{\"@type\":\"EntryPoint\",\"urlTemplate\":\"https:\\\/\\\/www.nordichotels.eu\\\/fi\\\/?s={search_term_string}\"},\"query-input\":{\"@type\":\"PropertyValueSpecification\",\"valueRequired\":true,\"valueName\":\"search_term_string\"}}],\"inLanguage\":\"fi\"}]}<\/script>\n<!-- \/ Yoast SEO plugin. -->","yoast_head_json":{"title":"Uudenvuodenaaton illallinen ravintola Nohossa 31.12.2025 - Nordic Hotel Forum","description":"Viet\u00e4 uudenvuodenaattoa 31.12. illallisen merkeiss\u00e4 Nohossa. Sijaitsemme vain k\u00e4velymatkan p\u00e4\u00e4ss\u00e4 Tallinnan ydinkeskustasta ja Vapaudenaukiolta.","robots":{"index":"index","follow":"follow","max-snippet":"max-snippet:-1","max-image-preview":"max-image-preview:large","max-video-preview":"max-video-preview:-1"},"canonical":"https:\/\/www.nordichotels.eu\/fi\/uudenvuodenaaton-illallinen-nohossa-31122025\/","og_locale":"fi_FI","og_type":"article","og_title":"Uudenvuodenaaton illallinen ravintola Nohossa 31.12.2025 - Nordic Hotel Forum","og_description":"Viet\u00e4 uudenvuodenaattoa 31.12. illallisen merkeiss\u00e4 Nohossa. Sijaitsemme vain k\u00e4velymatkan p\u00e4\u00e4ss\u00e4 Tallinnan ydinkeskustasta ja Vapaudenaukiolta.","og_url":"https:\/\/www.nordichotels.eu\/fi\/uudenvuodenaaton-illallinen-nohossa-31122025\/","og_site_name":"Nordic Hotel Forum","article_modified_time":"2025-12-30T08:06:16+00:00","og_image":[{"width":1200,"height":675,"url":"https:\/\/www.nordichotels.eu\/wp-content\/uploads\/2024\/04\/Nordic-Hotel-Forum.jpg","type":"image\/jpeg"}],"twitter_card":"summary_large_image","twitter_misc":{"Arvioitu lukuaika":"2 minuuttia"},"schema":{"@context":"https:\/\/schema.org","@graph":[{"@type":"WebPage","@id":"https:\/\/www.nordichotels.eu\/fi\/uudenvuodenaaton-illallinen-nohossa-31122025\/","url":"https:\/\/www.nordichotels.eu\/fi\/uudenvuodenaaton-illallinen-nohossa-31122025\/","name":"Uudenvuodenaaton illallinen ravintola Nohossa 31.12.2025 - Nordic Hotel Forum","isPartOf":{"@id":"https:\/\/www.nordichotels.eu\/fi\/#website"},"datePublished":"2025-12-10T13:22:48+00:00","dateModified":"2025-12-30T08:06:16+00:00","description":"Viet\u00e4 uudenvuodenaattoa 31.12. illallisen merkeiss\u00e4 Nohossa. Sijaitsemme vain k\u00e4velymatkan p\u00e4\u00e4ss\u00e4 Tallinnan ydinkeskustasta ja Vapaudenaukiolta.","breadcrumb":{"@id":"https:\/\/www.nordichotels.eu\/fi\/uudenvuodenaaton-illallinen-nohossa-31122025\/#breadcrumb"},"inLanguage":"fi","potentialAction":[{"@type":"ReadAction","target":["https:\/\/www.nordichotels.eu\/fi\/uudenvuodenaaton-illallinen-nohossa-31122025\/"]}]},{"@type":"BreadcrumbList","@id":"https:\/\/www.nordichotels.eu\/fi\/uudenvuodenaaton-illallinen-nohossa-31122025\/#breadcrumb","itemListElement":[{"@type":"ListItem","position":1,"name":"Home","item":"https:\/\/www.nordichotels.eu\/fi\/"},{"@type":"ListItem","position":2,"name":"Uudenvuodenaaton illallinen ravintola Nohossa 31.12.2025"}]},{"@type":"WebSite","@id":"https:\/\/www.nordichotels.eu\/fi\/#website","url":"https:\/\/www.nordichotels.eu\/fi\/","name":"Nordic Hotel Forum","description":"Kaiken keskell\u00e4","potentialAction":[{"@type":"SearchAction","target":{"@type":"EntryPoint","urlTemplate":"https:\/\/www.nordichotels.eu\/fi\/?s={search_term_string}"},"query-input":{"@type":"PropertyValueSpecification","valueRequired":true,"valueName":"search_term_string"}}],"inLanguage":"fi"}]}},"_links":{"self":[{"href":"https:\/\/www.nordichotels.eu\/fi\/wp-json\/wp\/v2\/pages\/5558","targetHints":{"allow":["GET"]}}],"collection":[{"href":"https:\/\/www.nordichotels.eu\/fi\/wp-json\/wp\/v2\/pages"}],"about":[{"href":"https:\/\/www.nordichotels.eu\/fi\/wp-json\/wp\/v2\/types\/page"}],"author":[{"embeddable":true,"href":"https:\/\/www.nordichotels.eu\/fi\/wp-json\/wp\/v2\/users\/3"}],"replies":[{"embeddable":true,"href":"https:\/\/www.nordichotels.eu\/fi\/wp-json\/wp\/v2\/comments?post=5558"}],"version-history":[{"count":10,"href":"https:\/\/www.nordichotels.eu\/fi\/wp-json\/wp\/v2\/pages\/5558\/revisions"}],"predecessor-version":[{"id":5651,"href":"https:\/\/www.nordichotels.eu\/fi\/wp-json\/wp\/v2\/pages\/5558\/revisions\/5651"}],"wp:attachment":[{"href":"https:\/\/www.nordichotels.eu\/fi\/wp-json\/wp\/v2\/media?parent=5558"}],"curies":[{"name":"wp","href":"https:\/\/api.w.org\/{rel}","templated":true}]}}