{"id":4061,"date":"2025-02-04T12:17:10","date_gmt":"2025-02-04T10:17:10","guid":{"rendered":"https:\/\/www.nordichotels.eu\/ravintolat\/sobrapaev-restoranis-noho\/"},"modified":"2026-02-04T16:31:29","modified_gmt":"2026-02-04T14:31:29","slug":"ystavanpaiva-noho-ravintolassa","status":"publish","type":"page","link":"https:\/\/www.nordichotels.eu\/fi\/ravintolat\/ystavanpaiva-noho-ravintolassa\/","title":{"rendered":"Yst\u00e4v\u00e4np\u00e4iv\u00e4 Noho-ravintolassa"},"content":{"rendered":"<p><div class=\"fusion-fullwidth fullwidth-box fusion-builder-row-1 fusion-flex-container has-pattern-background has-mask-background nonhundred-percent-fullwidth non-hundred-percent-height-scrolling\" style=\"--awb-border-radius-top-left:0px;--awb-border-radius-top-right:0px;--awb-border-radius-bottom-right:0px;--awb-border-radius-bottom-left:0px;--awb-padding-top:0px;--awb-padding-bottom:0px;--awb-margin-top:0px;--awb-margin-bottom:0px;--awb-flex-wrap:wrap;\" ><div class=\"fusion-builder-row fusion-row fusion-flex-align-items-flex-start fusion-flex-content-wrap\" style=\"max-width:104%;margin-left: calc(-4% \/ 2 );margin-right: calc(-4% \/ 2 );\"><div class=\"fusion-layout-column fusion_builder_column fusion-builder-column-0 fusion_builder_column_1_1 1_1 fusion-flex-column\" style=\"--awb-bg-size:cover;--awb-width-large:100%;--awb-margin-top-large:0px;--awb-spacing-right-large:1.92%;--awb-margin-bottom-large:20px;--awb-spacing-left-large:1.92%;--awb-width-medium:100%;--awb-order-medium:0;--awb-spacing-right-medium:1.92%;--awb-spacing-left-medium:1.92%;--awb-width-small:100%;--awb-order-small:0;--awb-spacing-right-small:1.92%;--awb-spacing-left-small:1.92%;\"><div class=\"fusion-column-wrapper fusion-column-has-shadow fusion-flex-justify-content-flex-start fusion-content-layout-column\"><div class=\"fusion-image-element \" style=\"--awb-caption-title-font-family:var(--h2_typography-font-family);--awb-caption-title-font-weight:var(--h2_typography-font-weight);--awb-caption-title-font-style:var(--h2_typography-font-style);--awb-caption-title-size:var(--h2_typography-font-size);--awb-caption-title-transform:var(--h2_typography-text-transform);--awb-caption-title-line-height:var(--h2_typography-line-height);--awb-caption-title-letter-spacing:var(--h2_typography-letter-spacing);\"><span class=\" fusion-imageframe imageframe-none imageframe-1 hover-type-none\"><img decoding=\"async\" width=\"1920\" height=\"396\" src=\"https:\/\/www.nordichotels.eu\/wp-content\/uploads\/2024\/02\/toad.jpg\" alt class=\"img-responsive wp-image-870\" srcset=\"https:\/\/www.nordichotels.eu\/wp-content\/uploads\/2024\/02\/toad-200x41.jpg 200w, https:\/\/www.nordichotels.eu\/wp-content\/uploads\/2024\/02\/toad-400x83.jpg 400w, https:\/\/www.nordichotels.eu\/wp-content\/uploads\/2024\/02\/toad-600x124.jpg 600w, https:\/\/www.nordichotels.eu\/wp-content\/uploads\/2024\/02\/toad-800x165.jpg 800w, https:\/\/www.nordichotels.eu\/wp-content\/uploads\/2024\/02\/toad-1200x248.jpg 1200w, https:\/\/www.nordichotels.eu\/wp-content\/uploads\/2024\/02\/toad.jpg 1920w\" sizes=\"(max-width: 640px) 100vw, 1920px\" \/><\/span><\/div><\/div><\/div><\/div><\/div><div class=\"fusion-fullwidth fullwidth-box fusion-builder-row-2 fusion-flex-container has-pattern-background has-mask-background nonhundred-percent-fullwidth non-hundred-percent-height-scrolling\" style=\"--awb-border-radius-top-left:0px;--awb-border-radius-top-right:0px;--awb-border-radius-bottom-right:0px;--awb-border-radius-bottom-left:0px;--awb-flex-wrap:wrap;\" ><div class=\"fusion-builder-row fusion-row fusion-flex-align-items-stretch fusion-flex-content-wrap\" style=\"max-width:104%;margin-left: calc(-4% \/ 2 );margin-right: calc(-4% \/ 2 );\"><div class=\"fusion-layout-column fusion_builder_column fusion-builder-column-1 fusion_builder_column_3_5 3_5 fusion-flex-column\" style=\"--awb-padding-top:20px;--awb-padding-right:20px;--awb-padding-bottom:20px;--awb-padding-left:20px;--awb-bg-color:var(--awb-color1);--awb-bg-color-hover:var(--awb-color1);--awb-bg-size:cover;--awb-width-large:60%;--awb-margin-top-large:0px;--awb-spacing-right-large:3.2%;--awb-margin-bottom-large:20px;--awb-spacing-left-large:3.2%;--awb-width-medium:60%;--awb-order-medium:0;--awb-spacing-right-medium:3.2%;--awb-spacing-left-medium:3.2%;--awb-width-small:100%;--awb-order-small:0;--awb-spacing-right-small:1.92%;--awb-spacing-left-small:1.92%;\" data-scroll-devices=\"small-visibility,medium-visibility,large-visibility\"><div class=\"fusion-column-wrapper fusion-column-has-shadow fusion-flex-justify-content-flex-start fusion-content-layout-column\"><div class=\"fusion-title title fusion-title-1 fusion-sep-none fusion-title-text fusion-title-size-one\" style=\"--awb-margin-top:0px;--awb-margin-bottom:0px;--awb-margin-top-small:10px;--awb-margin-right-small:0px;--awb-margin-bottom-small:10px;--awb-margin-left-small:0px;--awb-font-size:26px;\"><h1 class=\"fusion-title-heading title-heading-left fusion-responsive-typography-calculated\" style=\"font-family:&quot;Accurat regular&quot;;font-style:normal;font-weight:400;margin:0;font-size:1em;--fontSize:26;line-height:1.3;\">Yst\u00e4v\u00e4np\u00e4iv\u00e4<\/h1><\/div><div class=\"fusion-separator\" style=\"align-self: flex-start;margin-right:auto;margin-top:15px;margin-bottom:40px;width:100%;max-width:50px;\"><div class=\"fusion-separator-border sep-single sep-solid\" style=\"--awb-height:20px;--awb-amount:20px;--awb-sep-color:var(--awb-color4);border-color:var(--awb-color4);border-top-width:2px;\"><\/div><\/div><div class=\"fusion-text fusion-text-1\"><p>Yst\u00e4v\u00e4np\u00e4iv\u00e4 ravintolassa! Nordic Hotel Forumin Noho-ravintolan erikoisruokalista yst\u00e4v\u00e4np\u00e4iv\u00e4n\u00e4!<\/p>\n<p>Rakkautta ja yst\u00e4vyytt\u00e4 on ilmassa, ja ne kutsuvat sinua juhlimaan tyylill\u00e4.<\/p>\n<p><strong>Lauantai 14.2.2026<\/strong>\u00a0sopii ihanteellisesti romanttisen illallisen tai ikimuistoisen yhdess\u00e4oloajan viettoon hyvien yst\u00e4vien seurassa. Yst\u00e4v\u00e4np\u00e4iv\u00e4 ravintolassa on juuri sellainen. Nordic Hotel Forumin Noho-ravintolassa tarjotaan rennon tunnelman ja pohjoismaisen keitti\u00f6n innoittamia, sesongin raaka-aineista valmistettuja ruokalajeja. Ravintolan juomavalikoimasta l\u00f6ytyy huolellisesti valittuja viinej\u00e4, joita ei ole saatavilla perinteisiss\u00e4 myym\u00e4l\u00f6iss\u00e4. My\u00f6s mocktail- ja cocktailvalikoima on juuri sopiva.<\/p>\n<h4>3 ruokalajin <span style=\"color: #0000ff;\"><a style=\"color: #0000ff;\" href=\"https:\/\/www.nordichotels.eu\/wp-content\/uploads\/2026\/02\/Ystavanpaivan-2026.pdf\" target=\"_blank\" rel=\"noopener\">erikoisruokalista<\/a> <\/span>tervetuliaisjuomineen<\/h4>\n<p class=\"whitespace-pre-wrap break-words\"><strong>Noho-ravintolan tiimi on laatinut kiehtovista makuel\u00e4myksist\u00e4 <a href=\"https:\/\/www.nordichotels.eu\/wp-content\/uploads\/2026\/02\/Ystavanpaivan-2026.pdf\" target=\"_blank\" rel=\"noopener\">3 ruokalajin ruokalistan<\/a>, jota kutsumme maistamaan yst\u00e4v\u00e4np\u00e4iv\u00e4n\u00e4 seuralaisen kanssa:<\/strong><\/p>\n<ul class=\"&#091;&amp;:not(:last-child)_ul&#093;:pb-1 &#091;&amp;:not(:last-child)_ol&#093;:pb-1 list-disc space-y-1.5 pl-7\">\n<li>erikoismenu on <strong>tarjolla 9.02. \u2013 15.02.2026<\/strong> ravintola Nohossa.<\/li>\n<li>kuohuva tervetuliaisjuoma saapuessa<\/li>\n<li>huolella valittu alku- ja p\u00e4\u00e4ruoka<\/li>\n<li>makeaksi lopetukseksi suussasulavaa suklaakakkua<\/li>\n<li><strong>yst\u00e4v\u00e4np\u00e4iv\u00e4n\u00e4 14.02.26 lahjoitamme jokaiselle erikoismenun nauttijalle hotellin <a href=\"https:\/\/www.nordichotels.eu\/fi\/palvelut\/saunat-ja-uima-allas\/\" target=\"_blank\" rel=\"noopener\">rentoutuskeskuksen<\/a> lahjakortin<\/strong><\/li>\n<li>Noho-ravintolassa on tarjolla my\u00f6s <a href=\"https:\/\/www.nordichotels.eu\/fi\/ravintolat\/noho\/\" target=\"_blank\" rel=\"noopener\"><strong>\u00e0 la carte -ruokalista.<\/strong><\/a><\/li>\n<\/ul>\n<p><strong>Tutustu yst\u00e4v\u00e4np\u00e4iv\u00e4n erikoismenuun<\/strong> <strong>t\u00e4ss\u00e4.<\/strong><\/p>\n<p>Tarjoamme makuel\u00e4myksi\u00e4 t\u00e4ynn\u00e4 olevan<a href=\"https:\/\/www.nordichotels.eu\/wp-content\/uploads\/2026\/02\/Ystavanpaivan-2026.pdf\" target=\"_blank\" rel=\"noopener\"> menun<\/a> ja tervetuliaisjuoman <strong>09.02.\u201315.02.2026 ravintola Nohossa<\/strong>.<br \/>\nHinta <strong>45 \u20ac<\/strong> vierasta kohti (sis\u00e4lt\u00e4\u00e4 3 ruokalajin erikoisruokalistan tervetuliaisjuomineen, 14.02. lis\u00e4ksi lahjakortti rentoutuskeskukseen).<br \/>\nVaraa p\u00f6yt\u00e4 sinulle ja l\u00e4heisillesi jo t\u00e4n\u00e4\u00e4n!<\/p>\n<\/div><div ><a class=\"fusion-button button-flat fusion-button-default-size button-custom fusion-button-default button-1 fusion-button-default-span fusion-button-default-type\" style=\"--button_accent_color:var(--awb-color7);--button_border_color:var(--awb-color4);--button_accent_hover_color:var(--awb-color6);--button_border_hover_color:var(--awb-color1);--button_border_width-top:2px;--button_border_width-right:2px;--button_border_width-bottom:2px;--button_border_width-left:2px;--button-border-radius-top-left:35px;--button-border-radius-top-right:35px;--button-border-radius-bottom-right:35px;--button-border-radius-bottom-left:35px;--button_gradient_top_color:var(--awb-color1);--button_gradient_bottom_color:var(--awb-color1);--button_gradient_top_color_hover:hsla(var(--awb-color4-h),calc(var(--awb-color4-s) - 5%),calc(var(--awb-color4-l) - 10%),var(--awb-color4-a));--button_gradient_bottom_color_hover:hsla(var(--awb-color4-h),calc(var(--awb-color4-s) - 5%),calc(var(--awb-color4-l) - 10%),var(--awb-color4-a));--button_font_size:14px;--button_typography-font-family:&quot;Accurat regular&quot;;--button_typography-font-style:normal;--button_typography-font-weight:400;\" target=\"_blank\" rel=\"noopener noreferrer\" href=\"https:\/\/v2.tableonline.fi\/instabook\/bookings\/EU1TBzo\/?locale=fi\"><span class=\"fusion-button-text awb-button__text awb-button__text--default\">VARAA P\u00d6YT\u00c4<\/span><\/a><\/div><div class=\"fusion-separator\" style=\"align-self: flex-start;margin-right:auto;margin-top:15px;margin-bottom:40px;width:100%;max-width:50px;\"><div class=\"fusion-separator-border sep-single sep-solid\" style=\"--awb-height:20px;--awb-amount:20px;--awb-sep-color:var(--awb-color4);border-color:var(--awb-color4);border-top-width:2px;\"><\/div><\/div><\/div><\/div><div class=\"fusion-layout-column fusion_builder_column fusion-builder-column-2 fusion_builder_column_2_5 2_5 fusion-flex-column\" style=\"--awb-padding-top:20px;--awb-padding-right:20px;--awb-padding-bottom:20px;--awb-padding-left:20px;--awb-bg-color:var(--awb-color1);--awb-bg-color-hover:var(--awb-color1);--awb-bg-size:cover;--awb-width-large:40%;--awb-margin-top-large:0px;--awb-spacing-right-large:4.8%;--awb-margin-bottom-large:20px;--awb-spacing-left-large:4.8%;--awb-width-medium:40%;--awb-order-medium:0;--awb-spacing-right-medium:4.8%;--awb-spacing-left-medium:4.8%;--awb-width-small:100%;--awb-order-small:0;--awb-spacing-right-small:1.92%;--awb-spacing-left-small:1.92%;\" data-scroll-devices=\"small-visibility,medium-visibility,large-visibility\"><div class=\"fusion-column-wrapper fusion-column-has-shadow fusion-flex-justify-content-flex-start fusion-content-layout-column\"><div class=\"fusion-image-element awb-imageframe-style awb-imageframe-style-below awb-imageframe-style-2\" style=\"--awb-caption-title-font-family:var(--h2_typography-font-family);--awb-caption-title-font-weight:var(--h2_typography-font-weight);--awb-caption-title-font-style:var(--h2_typography-font-style);--awb-caption-title-size:var(--h2_typography-font-size);--awb-caption-title-transform:var(--h2_typography-text-transform);--awb-caption-title-line-height:var(--h2_typography-line-height);--awb-caption-title-letter-spacing:var(--h2_typography-letter-spacing);\"><span class=\" fusion-imageframe imageframe-none imageframe-2 hover-type-none\"><a class=\"fusion-no-lightbox\" href=\"https:\/\/v2.tableonline.fi\/instabook\/bookings\/EU1TBzo\/?locale=fi\" target=\"_blank\" rel=\"noopener noreferrer\"><img decoding=\"async\" width=\"1080\" height=\"1080\" alt=\"Yst\u00e4v\u00e4np\u00e4iv\u00e4-ravintolassa\" src=\"https:\/\/www.nordichotels.eu\/wp-content\/uploads\/2026\/01\/Sobrapaeva-ohtusook.png\" class=\"img-responsive wp-image-5795\" srcset=\"https:\/\/www.nordichotels.eu\/wp-content\/uploads\/2026\/01\/Sobrapaeva-ohtusook-200x200.png 200w, https:\/\/www.nordichotels.eu\/wp-content\/uploads\/2026\/01\/Sobrapaeva-ohtusook-400x400.png 400w, https:\/\/www.nordichotels.eu\/wp-content\/uploads\/2026\/01\/Sobrapaeva-ohtusook-600x600.png 600w, https:\/\/www.nordichotels.eu\/wp-content\/uploads\/2026\/01\/Sobrapaeva-ohtusook-800x800.png 800w, https:\/\/www.nordichotels.eu\/wp-content\/uploads\/2026\/01\/Sobrapaeva-ohtusook.png 1080w\" sizes=\"(max-width: 640px) 100vw, 800px\" \/><\/a><\/span><div class=\"awb-imageframe-caption-container\"><div class=\"awb-imageframe-caption\"><\/div><\/div><\/div><div class=\"fusion-separator\" style=\"align-self: flex-start;margin-right:auto;margin-top:15px;margin-bottom:40px;width:100%;max-width:50px;\"><div class=\"fusion-separator-border sep-single sep-solid\" style=\"--awb-height:20px;--awb-amount:20px;--awb-sep-color:var(--awb-color4);border-color:var(--awb-color4);border-top-width:2px;\"><\/div><\/div><div class=\"fusion-text fusion-text-2\"><p><strong>Yst\u00e4v\u00e4np\u00e4iv\u00e4n <span style=\"color: #0000ff;\"><a style=\"color: #0000ff;\" href=\"https:\/\/www.nordichotels.eu\/wp-content\/uploads\/2026\/02\/Ystavanpaivan-2026.pdf\" target=\"_blank\" rel=\"noopener\">erikoismenu<\/a><\/span> on tarjolla 09.02.\u201315.02.2026 Nordic Hotel Forumin ravintola Nohossa, osoitteessa Viru V\u00e4ljak 3, Tallinna.<\/strong><\/p>\n<p><strong>Lis\u00e4tietoja ja hinta:<\/strong><\/p>\n<ul>\n<li>Hintana on <strong>45 \u20ac\/vieras<\/strong><\/li>\n<li>14.02.26 lahjoitamme jokaiselle erikoismenun nauttijalle Nordic Hotel Forumin rentoutuskeskuksen lahjakortin.<\/li>\n<li><strong>Noho-ravintola on avoinna klo 11.30\u201323.00.<\/strong><\/li>\n<li>Sijainti Tallinnan keskustassa, Viru v\u00e4ljak 3, Tallinna.<\/li>\n<li>Puh: +372 622 2980<\/li>\n<li>S\u00e4hk\u00f6posti: noho@nordichotels.eu<\/li>\n<\/ul>\n<\/div><\/div><\/div><\/div><\/div><\/p>\n","protected":false},"excerpt":{"rendered":"","protected":false},"author":3,"featured_media":0,"parent":1203,"menu_order":0,"comment_status":"closed","ping_status":"closed","template":"100-width.php","meta":{"inline_featured_image":false,"footnotes":""},"class_list":["post-4061","page","type-page","status-publish","hentry"],"yoast_head":"<!-- This site is optimized with the Yoast SEO plugin v27.3 - https:\/\/yoast.com\/product\/yoast-seo-wordpress\/ -->\n<title>Yst\u00e4v\u00e4np\u00e4iv\u00e4 Noho-ravintolassa I Nordic Hotel Forum<\/title>\n<meta name=\"description\" content=\"Yst\u00e4v\u00e4np\u00e4iv\u00e4 ravintolassa! Nohon erikoismenu yst\u00e4v\u00e4np\u00e4iv\u00e4ksi! Tervetuliaisdrinkki ja maukas menu 14.02.2026 Tallinnan keskustassa.\" \/>\n<meta name=\"robots\" content=\"index, follow, max-snippet:-1, max-image-preview:large, max-video-preview:-1\" \/>\n<link rel=\"canonical\" href=\"https:\/\/www.nordichotels.eu\/fi\/ravintolat\/ystavanpaiva-noho-ravintolassa\/\" \/>\n<meta property=\"og:locale\" content=\"fi_FI\" \/>\n<meta property=\"og:type\" content=\"article\" \/>\n<meta property=\"og:title\" content=\"Yst\u00e4v\u00e4np\u00e4iv\u00e4 Noho-ravintolassa I Nordic Hotel Forum\" \/>\n<meta property=\"og:description\" content=\"Yst\u00e4v\u00e4np\u00e4iv\u00e4 ravintolassa! Nohon erikoismenu yst\u00e4v\u00e4np\u00e4iv\u00e4ksi! Tervetuliaisdrinkki ja maukas menu 14.02.2026 Tallinnan keskustassa.\" \/>\n<meta property=\"og:url\" content=\"https:\/\/www.nordichotels.eu\/fi\/ravintolat\/ystavanpaiva-noho-ravintolassa\/\" \/>\n<meta property=\"og:site_name\" content=\"Nordic Hotel Forum\" \/>\n<meta property=\"article:modified_time\" content=\"2026-02-04T14:31:29+00:00\" \/>\n<meta property=\"og:image\" content=\"https:\/\/www.nordichotels.eu\/wp-content\/uploads\/2025\/02\/Sobrapaev.png\" \/>\n\t<meta property=\"og:image:width\" content=\"1120\" \/>\n\t<meta property=\"og:image:height\" content=\"703\" \/>\n\t<meta property=\"og:image:type\" content=\"image\/png\" \/>\n<meta name=\"twitter:card\" content=\"summary_large_image\" \/>\n<meta name=\"twitter:label1\" content=\"Arvioitu lukuaika\" \/>\n\t<meta name=\"twitter:data1\" content=\"2 minuuttia\" \/>\n<script type=\"application\/ld+json\" class=\"yoast-schema-graph\">{\"@context\":\"https:\\\/\\\/schema.org\",\"@graph\":[{\"@type\":\"WebPage\",\"@id\":\"https:\\\/\\\/www.nordichotels.eu\\\/fi\\\/ravintolat\\\/ystavanpaiva-noho-ravintolassa\\\/\",\"url\":\"https:\\\/\\\/www.nordichotels.eu\\\/fi\\\/ravintolat\\\/ystavanpaiva-noho-ravintolassa\\\/\",\"name\":\"Yst\u00e4v\u00e4np\u00e4iv\u00e4 Noho-ravintolassa I Nordic Hotel Forum\",\"isPartOf\":{\"@id\":\"https:\\\/\\\/www.nordichotels.eu\\\/fi\\\/#website\"},\"datePublished\":\"2025-02-04T10:17:10+00:00\",\"dateModified\":\"2026-02-04T14:31:29+00:00\",\"description\":\"Yst\u00e4v\u00e4np\u00e4iv\u00e4 ravintolassa! Nohon erikoismenu yst\u00e4v\u00e4np\u00e4iv\u00e4ksi! Tervetuliaisdrinkki ja maukas menu 14.02.2026 Tallinnan keskustassa.\",\"breadcrumb\":{\"@id\":\"https:\\\/\\\/www.nordichotels.eu\\\/fi\\\/ravintolat\\\/ystavanpaiva-noho-ravintolassa\\\/#breadcrumb\"},\"inLanguage\":\"fi\",\"potentialAction\":[{\"@type\":\"ReadAction\",\"target\":[\"https:\\\/\\\/www.nordichotels.eu\\\/fi\\\/ravintolat\\\/ystavanpaiva-noho-ravintolassa\\\/\"]}]},{\"@type\":\"BreadcrumbList\",\"@id\":\"https:\\\/\\\/www.nordichotels.eu\\\/fi\\\/ravintolat\\\/ystavanpaiva-noho-ravintolassa\\\/#breadcrumb\",\"itemListElement\":[{\"@type\":\"ListItem\",\"position\":1,\"name\":\"Home\",\"item\":\"https:\\\/\\\/www.nordichotels.eu\\\/fi\\\/\"},{\"@type\":\"ListItem\",\"position\":2,\"name\":\"RAVINTOLA\",\"item\":\"https:\\\/\\\/www.nordichotels.eu\\\/fi\\\/ravintolat\\\/\"},{\"@type\":\"ListItem\",\"position\":3,\"name\":\"Yst\u00e4v\u00e4np\u00e4iv\u00e4 Noho-ravintolassa\"}]},{\"@type\":\"WebSite\",\"@id\":\"https:\\\/\\\/www.nordichotels.eu\\\/fi\\\/#website\",\"url\":\"https:\\\/\\\/www.nordichotels.eu\\\/fi\\\/\",\"name\":\"Nordic Hotel Forum\",\"description\":\"Kaiken keskell\u00e4\",\"potentialAction\":[{\"@type\":\"SearchAction\",\"target\":{\"@type\":\"EntryPoint\",\"urlTemplate\":\"https:\\\/\\\/www.nordichotels.eu\\\/fi\\\/?s={search_term_string}\"},\"query-input\":{\"@type\":\"PropertyValueSpecification\",\"valueRequired\":true,\"valueName\":\"search_term_string\"}}],\"inLanguage\":\"fi\"}]}<\/script>\n<!-- \/ Yoast SEO plugin. -->","yoast_head_json":{"title":"Yst\u00e4v\u00e4np\u00e4iv\u00e4 Noho-ravintolassa I Nordic Hotel Forum","description":"Yst\u00e4v\u00e4np\u00e4iv\u00e4 ravintolassa! Nohon erikoismenu yst\u00e4v\u00e4np\u00e4iv\u00e4ksi! Tervetuliaisdrinkki ja maukas menu 14.02.2026 Tallinnan keskustassa.","robots":{"index":"index","follow":"follow","max-snippet":"max-snippet:-1","max-image-preview":"max-image-preview:large","max-video-preview":"max-video-preview:-1"},"canonical":"https:\/\/www.nordichotels.eu\/fi\/ravintolat\/ystavanpaiva-noho-ravintolassa\/","og_locale":"fi_FI","og_type":"article","og_title":"Yst\u00e4v\u00e4np\u00e4iv\u00e4 Noho-ravintolassa I Nordic Hotel Forum","og_description":"Yst\u00e4v\u00e4np\u00e4iv\u00e4 ravintolassa! Nohon erikoismenu yst\u00e4v\u00e4np\u00e4iv\u00e4ksi! Tervetuliaisdrinkki ja maukas menu 14.02.2026 Tallinnan keskustassa.","og_url":"https:\/\/www.nordichotels.eu\/fi\/ravintolat\/ystavanpaiva-noho-ravintolassa\/","og_site_name":"Nordic Hotel Forum","article_modified_time":"2026-02-04T14:31:29+00:00","og_image":[{"width":1120,"height":703,"url":"https:\/\/www.nordichotels.eu\/wp-content\/uploads\/2025\/02\/Sobrapaev.png","type":"image\/png"}],"twitter_card":"summary_large_image","twitter_misc":{"Arvioitu lukuaika":"2 minuuttia"},"schema":{"@context":"https:\/\/schema.org","@graph":[{"@type":"WebPage","@id":"https:\/\/www.nordichotels.eu\/fi\/ravintolat\/ystavanpaiva-noho-ravintolassa\/","url":"https:\/\/www.nordichotels.eu\/fi\/ravintolat\/ystavanpaiva-noho-ravintolassa\/","name":"Yst\u00e4v\u00e4np\u00e4iv\u00e4 Noho-ravintolassa I Nordic Hotel Forum","isPartOf":{"@id":"https:\/\/www.nordichotels.eu\/fi\/#website"},"datePublished":"2025-02-04T10:17:10+00:00","dateModified":"2026-02-04T14:31:29+00:00","description":"Yst\u00e4v\u00e4np\u00e4iv\u00e4 ravintolassa! Nohon erikoismenu yst\u00e4v\u00e4np\u00e4iv\u00e4ksi! Tervetuliaisdrinkki ja maukas menu 14.02.2026 Tallinnan keskustassa.","breadcrumb":{"@id":"https:\/\/www.nordichotels.eu\/fi\/ravintolat\/ystavanpaiva-noho-ravintolassa\/#breadcrumb"},"inLanguage":"fi","potentialAction":[{"@type":"ReadAction","target":["https:\/\/www.nordichotels.eu\/fi\/ravintolat\/ystavanpaiva-noho-ravintolassa\/"]}]},{"@type":"BreadcrumbList","@id":"https:\/\/www.nordichotels.eu\/fi\/ravintolat\/ystavanpaiva-noho-ravintolassa\/#breadcrumb","itemListElement":[{"@type":"ListItem","position":1,"name":"Home","item":"https:\/\/www.nordichotels.eu\/fi\/"},{"@type":"ListItem","position":2,"name":"RAVINTOLA","item":"https:\/\/www.nordichotels.eu\/fi\/ravintolat\/"},{"@type":"ListItem","position":3,"name":"Yst\u00e4v\u00e4np\u00e4iv\u00e4 Noho-ravintolassa"}]},{"@type":"WebSite","@id":"https:\/\/www.nordichotels.eu\/fi\/#website","url":"https:\/\/www.nordichotels.eu\/fi\/","name":"Nordic Hotel Forum","description":"Kaiken keskell\u00e4","potentialAction":[{"@type":"SearchAction","target":{"@type":"EntryPoint","urlTemplate":"https:\/\/www.nordichotels.eu\/fi\/?s={search_term_string}"},"query-input":{"@type":"PropertyValueSpecification","valueRequired":true,"valueName":"search_term_string"}}],"inLanguage":"fi"}]}},"_links":{"self":[{"href":"https:\/\/www.nordichotels.eu\/fi\/wp-json\/wp\/v2\/pages\/4061","targetHints":{"allow":["GET"]}}],"collection":[{"href":"https:\/\/www.nordichotels.eu\/fi\/wp-json\/wp\/v2\/pages"}],"about":[{"href":"https:\/\/www.nordichotels.eu\/fi\/wp-json\/wp\/v2\/types\/page"}],"author":[{"embeddable":true,"href":"https:\/\/www.nordichotels.eu\/fi\/wp-json\/wp\/v2\/users\/3"}],"replies":[{"embeddable":true,"href":"https:\/\/www.nordichotels.eu\/fi\/wp-json\/wp\/v2\/comments?post=4061"}],"version-history":[{"count":13,"href":"https:\/\/www.nordichotels.eu\/fi\/wp-json\/wp\/v2\/pages\/4061\/revisions"}],"predecessor-version":[{"id":5839,"href":"https:\/\/www.nordichotels.eu\/fi\/wp-json\/wp\/v2\/pages\/4061\/revisions\/5839"}],"up":[{"embeddable":true,"href":"https:\/\/www.nordichotels.eu\/fi\/wp-json\/wp\/v2\/pages\/1203"}],"wp:attachment":[{"href":"https:\/\/www.nordichotels.eu\/fi\/wp-json\/wp\/v2\/media?parent=4061"}],"curies":[{"name":"wp","href":"https:\/\/api.w.org\/{rel}","templated":true}]}}