{"id":2175,"date":"2024-05-12T13:38:36","date_gmt":"2024-05-12T10:38:36","guid":{"rendered":"https:\/\/www.nordichotels.eu\/lennusadam\/"},"modified":"2024-05-12T14:13:32","modified_gmt":"2024-05-12T11:13:32","slug":"lentosatama","status":"publish","type":"page","link":"https:\/\/www.nordichotels.eu\/fi\/lentosatama\/","title":{"rendered":"Lennusadam"},"content":{"rendered":"<p><div class=\"fusion-fullwidth fullwidth-box fusion-builder-row-1 fusion-flex-container has-pattern-background has-mask-background nonhundred-percent-fullwidth non-hundred-percent-height-scrolling\" style=\"--awb-border-radius-top-left:0px;--awb-border-radius-top-right:0px;--awb-border-radius-bottom-right:0px;--awb-border-radius-bottom-left:0px;--awb-padding-top:0px;--awb-padding-bottom:0px;--awb-margin-top:0px;--awb-margin-bottom:0px;--awb-flex-wrap:wrap;\" ><div class=\"fusion-builder-row fusion-row fusion-flex-align-items-flex-start fusion-flex-content-wrap\" style=\"max-width:104%;margin-left: calc(-4% \/ 2 );margin-right: calc(-4% \/ 2 );\"><div class=\"fusion-layout-column fusion_builder_column fusion-builder-column-0 fusion_builder_column_1_1 1_1 fusion-flex-column\" style=\"--awb-bg-size:cover;--awb-width-large:100%;--awb-margin-top-large:0px;--awb-spacing-right-large:1.92%;--awb-margin-bottom-large:20px;--awb-spacing-left-large:1.92%;--awb-width-medium:100%;--awb-order-medium:0;--awb-spacing-right-medium:1.92%;--awb-spacing-left-medium:1.92%;--awb-width-small:100%;--awb-order-small:0;--awb-spacing-right-small:1.92%;--awb-spacing-left-small:1.92%;\"><div class=\"fusion-column-wrapper fusion-column-has-shadow fusion-flex-justify-content-flex-start fusion-content-layout-column\"><div class=\"fusion-image-element \" style=\"--awb-caption-title-font-family:var(--h2_typography-font-family);--awb-caption-title-font-weight:var(--h2_typography-font-weight);--awb-caption-title-font-style:var(--h2_typography-font-style);--awb-caption-title-size:var(--h2_typography-font-size);--awb-caption-title-transform:var(--h2_typography-text-transform);--awb-caption-title-line-height:var(--h2_typography-line-height);--awb-caption-title-letter-spacing:var(--h2_typography-letter-spacing);\"><span class=\" fusion-imageframe imageframe-none imageframe-1 hover-type-none\"><img decoding=\"async\" width=\"1920\" height=\"396\" src=\"https:\/\/www.nordichotels.eu\/wp-content\/uploads\/2024\/02\/toad.jpg\" alt class=\"img-responsive wp-image-870\" srcset=\"https:\/\/www.nordichotels.eu\/wp-content\/uploads\/2024\/02\/toad-200x41.jpg 200w, https:\/\/www.nordichotels.eu\/wp-content\/uploads\/2024\/02\/toad-400x83.jpg 400w, https:\/\/www.nordichotels.eu\/wp-content\/uploads\/2024\/02\/toad-600x124.jpg 600w, https:\/\/www.nordichotels.eu\/wp-content\/uploads\/2024\/02\/toad-800x165.jpg 800w, https:\/\/www.nordichotels.eu\/wp-content\/uploads\/2024\/02\/toad-1200x248.jpg 1200w, https:\/\/www.nordichotels.eu\/wp-content\/uploads\/2024\/02\/toad.jpg 1920w\" sizes=\"(max-width: 640px) 100vw, 1920px\" \/><\/span><\/div><\/div><\/div><\/div><\/div><div class=\"fusion-fullwidth fullwidth-box fusion-builder-row-2 fusion-flex-container has-pattern-background has-mask-background nonhundred-percent-fullwidth non-hundred-percent-height-scrolling\" style=\"--awb-border-radius-top-left:0px;--awb-border-radius-top-right:0px;--awb-border-radius-bottom-right:0px;--awb-border-radius-bottom-left:0px;--awb-flex-wrap:wrap;\" ><div class=\"fusion-builder-row fusion-row fusion-flex-align-items-stretch fusion-flex-content-wrap\" style=\"max-width:104%;margin-left: calc(-4% \/ 2 );margin-right: calc(-4% \/ 2 );\"><div class=\"fusion-layout-column fusion_builder_column fusion-builder-column-1 fusion_builder_column_3_5 3_5 fusion-flex-column\" style=\"--awb-padding-top:20px;--awb-padding-right:20px;--awb-padding-bottom:20px;--awb-padding-left:20px;--awb-bg-color:var(--awb-color1);--awb-bg-color-hover:var(--awb-color1);--awb-bg-size:cover;--awb-width-large:60%;--awb-margin-top-large:0px;--awb-spacing-right-large:3.2%;--awb-margin-bottom-large:20px;--awb-spacing-left-large:3.2%;--awb-width-medium:60%;--awb-order-medium:0;--awb-spacing-right-medium:3.2%;--awb-spacing-left-medium:3.2%;--awb-width-small:100%;--awb-order-small:0;--awb-spacing-right-small:1.92%;--awb-spacing-left-small:1.92%;\" data-scroll-devices=\"small-visibility,medium-visibility,large-visibility\"><div class=\"fusion-column-wrapper fusion-column-has-shadow fusion-flex-justify-content-flex-start fusion-content-layout-column\"><div class=\"fusion-title title fusion-title-1 fusion-sep-none fusion-title-text fusion-title-size-one\" style=\"--awb-margin-top:0px;--awb-margin-bottom:0px;--awb-margin-top-small:10px;--awb-margin-right-small:0px;--awb-margin-bottom-small:10px;--awb-margin-left-small:0px;--awb-font-size:26px;\"><h1 class=\"fusion-title-heading title-heading-left fusion-responsive-typography-calculated\" style=\"font-family:&quot;Accurat regular&quot;;font-style:normal;font-weight:400;margin:0;font-size:1em;--fontSize:26;line-height:1.3;\">Lentosatamasta merelle<\/h1><\/div><div class=\"fusion-separator\" style=\"align-self: flex-start;margin-right:auto;margin-top:15px;margin-bottom:40px;width:100%;max-width:50px;\"><div class=\"fusion-separator-border sep-single sep-solid\" style=\"--awb-height:20px;--awb-amount:20px;--awb-sep-color:var(--awb-color4);border-color:var(--awb-color4);border-top-width:2px;\"><\/div><\/div><div class=\"fusion-text fusion-text-1\"><p>Tervetuloa Viron t\u00e4rkeimp\u00e4\u00e4n museoon!<br \/>\nLentosatamassa sijaitsee yksi Euroopan suurimmista merimuseoista. Voit tutustua aitoon 1930-luvun Lembit-sukellusveneeseen, sadan vuoden ik\u00e4iseen h\u00f6yryk\u00e4ytt\u00f6iseen Suur T\u00f5ll -j\u00e4\u00e4nmurtajaan, Short 184 -merilentokoneen j\u00e4ljenn\u00f6kseen, miinoihin, tykkeihin ja moniin muihin aidon kokoisiin n\u00e4yttelyesineisiin. Lentosatama on vain lyhyen k\u00e4velymatkan p\u00e4\u00e4ss\u00e4 hotellistamme, kiehtovan Kulttuurikilometrin varrella.<\/p>\n<p><strong>Lentosataman jahtisatamasta merelle ja useisiin eri kohteisiin l\u00e4htee useita kiehtovia laivoja.<\/strong><\/p>\n<p>Lue lis\u00e4\u00e4 osoitteesta: <a href=\"https:\/\/meremuuseum.ee\/jahisadam\/fi\/sadamast-merele\/\">https:\/\/meremuuseum.ee\/jahisadam\/fi\/sadamast-merele\/<\/a><\/p>\n<\/div><\/div><\/div><div class=\"fusion-layout-column fusion_builder_column fusion-builder-column-2 fusion_builder_column_2_5 2_5 fusion-flex-column\" style=\"--awb-padding-top:20px;--awb-padding-right:20px;--awb-padding-bottom:20px;--awb-padding-left:20px;--awb-bg-color:var(--awb-color1);--awb-bg-color-hover:var(--awb-color1);--awb-bg-size:cover;--awb-width-large:40%;--awb-margin-top-large:0px;--awb-spacing-right-large:4.8%;--awb-margin-bottom-large:20px;--awb-spacing-left-large:4.8%;--awb-width-medium:40%;--awb-order-medium:0;--awb-spacing-right-medium:4.8%;--awb-spacing-left-medium:4.8%;--awb-width-small:100%;--awb-order-small:0;--awb-spacing-right-small:1.92%;--awb-spacing-left-small:1.92%;\" data-scroll-devices=\"small-visibility,medium-visibility,large-visibility\"><div class=\"fusion-column-wrapper fusion-column-has-shadow fusion-flex-justify-content-flex-start fusion-content-layout-column\"><div class=\"fusion-image-element awb-imageframe-style awb-imageframe-style-below awb-imageframe-style-2\" style=\"--awb-caption-title-font-family:var(--h2_typography-font-family);--awb-caption-title-font-weight:var(--h2_typography-font-weight);--awb-caption-title-font-style:var(--h2_typography-font-style);--awb-caption-title-size:var(--h2_typography-font-size);--awb-caption-title-transform:var(--h2_typography-text-transform);--awb-caption-title-line-height:var(--h2_typography-line-height);--awb-caption-title-letter-spacing:var(--h2_typography-letter-spacing);\"><span class=\" fusion-imageframe imageframe-none imageframe-2 hover-type-none\"><img decoding=\"async\" width=\"1120\" height=\"703\" alt=\"Lennusadam\" title=\"Lennusadam\" src=\"https:\/\/www.nordichotels.eu\/wp-content\/uploads\/2024\/05\/Lennusadam.png\" class=\"img-responsive wp-image-2164\" srcset=\"https:\/\/www.nordichotels.eu\/wp-content\/uploads\/2024\/05\/Lennusadam-200x126.png 200w, https:\/\/www.nordichotels.eu\/wp-content\/uploads\/2024\/05\/Lennusadam-400x251.png 400w, https:\/\/www.nordichotels.eu\/wp-content\/uploads\/2024\/05\/Lennusadam-600x377.png 600w, https:\/\/www.nordichotels.eu\/wp-content\/uploads\/2024\/05\/Lennusadam-800x502.png 800w, https:\/\/www.nordichotels.eu\/wp-content\/uploads\/2024\/05\/Lennusadam.png 1120w\" sizes=\"(max-width: 640px) 100vw, 800px\" \/><\/span><div class=\"awb-imageframe-caption-container\"><div class=\"awb-imageframe-caption\"><h2 class=\"awb-imageframe-caption-title\">Lennusadam<\/h2><p class=\"awb-imageframe-caption-text\">Lennusadam<\/p><\/div><\/div><\/div><\/div><\/div><\/div><\/div><\/p>\n","protected":false},"excerpt":{"rendered":"","protected":false},"author":3,"featured_media":0,"parent":0,"menu_order":0,"comment_status":"closed","ping_status":"closed","template":"100-width.php","meta":{"inline_featured_image":false,"footnotes":""},"class_list":["post-2175","page","type-page","status-publish","hentry"],"yoast_head":"<!-- This site is optimized with the Yoast SEO plugin v27.3 - https:\/\/yoast.com\/product\/yoast-seo-wordpress\/ -->\n<title>Lennusadam - Nordic Hotel Forum<\/title>\n<meta name=\"description\" content=\"Valgus vanalinnas. Jalutage keskaegsete Tallinna linnam\u00fc\u00fcride radadel, imetlege valguslahendusi vanalinnas ja saage osa Tallinna ajaloost.\" \/>\n<meta name=\"robots\" content=\"index, follow, max-snippet:-1, max-image-preview:large, max-video-preview:-1\" \/>\n<link rel=\"canonical\" href=\"https:\/\/www.nordichotels.eu\/fi\/lentosatama\/\" \/>\n<meta property=\"og:locale\" content=\"fi_FI\" \/>\n<meta property=\"og:type\" content=\"article\" \/>\n<meta property=\"og:title\" content=\"Lennusadam - Nordic Hotel Forum\" \/>\n<meta property=\"og:description\" content=\"Valgus vanalinnas. Jalutage keskaegsete Tallinna linnam\u00fc\u00fcride radadel, imetlege valguslahendusi vanalinnas ja saage osa Tallinna ajaloost.\" \/>\n<meta property=\"og:url\" content=\"https:\/\/www.nordichotels.eu\/fi\/lentosatama\/\" \/>\n<meta property=\"og:site_name\" content=\"Nordic Hotel Forum\" \/>\n<meta property=\"article:modified_time\" content=\"2024-05-12T11:13:32+00:00\" \/>\n<meta property=\"og:image\" content=\"https:\/\/www.nordichotels.eu\/wp-content\/uploads\/2024\/04\/Nordic-Hotel-Forum.jpg\" \/>\n\t<meta property=\"og:image:width\" content=\"1200\" \/>\n\t<meta property=\"og:image:height\" content=\"675\" \/>\n\t<meta property=\"og:image:type\" content=\"image\/jpeg\" \/>\n<meta name=\"twitter:card\" content=\"summary_large_image\" \/>\n<meta name=\"twitter:label1\" content=\"Arvioitu lukuaika\" \/>\n\t<meta name=\"twitter:data1\" content=\"1 minuutti\" \/>\n<script type=\"application\/ld+json\" class=\"yoast-schema-graph\">{\"@context\":\"https:\\\/\\\/schema.org\",\"@graph\":[{\"@type\":\"WebPage\",\"@id\":\"https:\\\/\\\/www.nordichotels.eu\\\/fi\\\/lentosatama\\\/\",\"url\":\"https:\\\/\\\/www.nordichotels.eu\\\/fi\\\/lentosatama\\\/\",\"name\":\"Lennusadam - Nordic Hotel Forum\",\"isPartOf\":{\"@id\":\"https:\\\/\\\/www.nordichotels.eu\\\/fi\\\/#website\"},\"datePublished\":\"2024-05-12T10:38:36+00:00\",\"dateModified\":\"2024-05-12T11:13:32+00:00\",\"description\":\"Valgus vanalinnas. Jalutage keskaegsete Tallinna linnam\u00fc\u00fcride radadel, imetlege valguslahendusi vanalinnas ja saage osa Tallinna ajaloost.\",\"breadcrumb\":{\"@id\":\"https:\\\/\\\/www.nordichotels.eu\\\/fi\\\/lentosatama\\\/#breadcrumb\"},\"inLanguage\":\"fi\",\"potentialAction\":[{\"@type\":\"ReadAction\",\"target\":[\"https:\\\/\\\/www.nordichotels.eu\\\/fi\\\/lentosatama\\\/\"]}]},{\"@type\":\"BreadcrumbList\",\"@id\":\"https:\\\/\\\/www.nordichotels.eu\\\/fi\\\/lentosatama\\\/#breadcrumb\",\"itemListElement\":[{\"@type\":\"ListItem\",\"position\":1,\"name\":\"Home\",\"item\":\"https:\\\/\\\/www.nordichotels.eu\\\/fi\\\/\"},{\"@type\":\"ListItem\",\"position\":2,\"name\":\"Lennusadam\"}]},{\"@type\":\"WebSite\",\"@id\":\"https:\\\/\\\/www.nordichotels.eu\\\/fi\\\/#website\",\"url\":\"https:\\\/\\\/www.nordichotels.eu\\\/fi\\\/\",\"name\":\"Nordic Hotel Forum\",\"description\":\"Kaiken keskell\u00e4\",\"potentialAction\":[{\"@type\":\"SearchAction\",\"target\":{\"@type\":\"EntryPoint\",\"urlTemplate\":\"https:\\\/\\\/www.nordichotels.eu\\\/fi\\\/?s={search_term_string}\"},\"query-input\":{\"@type\":\"PropertyValueSpecification\",\"valueRequired\":true,\"valueName\":\"search_term_string\"}}],\"inLanguage\":\"fi\"}]}<\/script>\n<!-- \/ Yoast SEO plugin. -->","yoast_head_json":{"title":"Lennusadam - Nordic Hotel Forum","description":"Valgus vanalinnas. Jalutage keskaegsete Tallinna linnam\u00fc\u00fcride radadel, imetlege valguslahendusi vanalinnas ja saage osa Tallinna ajaloost.","robots":{"index":"index","follow":"follow","max-snippet":"max-snippet:-1","max-image-preview":"max-image-preview:large","max-video-preview":"max-video-preview:-1"},"canonical":"https:\/\/www.nordichotels.eu\/fi\/lentosatama\/","og_locale":"fi_FI","og_type":"article","og_title":"Lennusadam - Nordic Hotel Forum","og_description":"Valgus vanalinnas. Jalutage keskaegsete Tallinna linnam\u00fc\u00fcride radadel, imetlege valguslahendusi vanalinnas ja saage osa Tallinna ajaloost.","og_url":"https:\/\/www.nordichotels.eu\/fi\/lentosatama\/","og_site_name":"Nordic Hotel Forum","article_modified_time":"2024-05-12T11:13:32+00:00","og_image":[{"width":1200,"height":675,"url":"https:\/\/www.nordichotels.eu\/wp-content\/uploads\/2024\/04\/Nordic-Hotel-Forum.jpg","type":"image\/jpeg"}],"twitter_card":"summary_large_image","twitter_misc":{"Arvioitu lukuaika":"1 minuutti"},"schema":{"@context":"https:\/\/schema.org","@graph":[{"@type":"WebPage","@id":"https:\/\/www.nordichotels.eu\/fi\/lentosatama\/","url":"https:\/\/www.nordichotels.eu\/fi\/lentosatama\/","name":"Lennusadam - Nordic Hotel Forum","isPartOf":{"@id":"https:\/\/www.nordichotels.eu\/fi\/#website"},"datePublished":"2024-05-12T10:38:36+00:00","dateModified":"2024-05-12T11:13:32+00:00","description":"Valgus vanalinnas. Jalutage keskaegsete Tallinna linnam\u00fc\u00fcride radadel, imetlege valguslahendusi vanalinnas ja saage osa Tallinna ajaloost.","breadcrumb":{"@id":"https:\/\/www.nordichotels.eu\/fi\/lentosatama\/#breadcrumb"},"inLanguage":"fi","potentialAction":[{"@type":"ReadAction","target":["https:\/\/www.nordichotels.eu\/fi\/lentosatama\/"]}]},{"@type":"BreadcrumbList","@id":"https:\/\/www.nordichotels.eu\/fi\/lentosatama\/#breadcrumb","itemListElement":[{"@type":"ListItem","position":1,"name":"Home","item":"https:\/\/www.nordichotels.eu\/fi\/"},{"@type":"ListItem","position":2,"name":"Lennusadam"}]},{"@type":"WebSite","@id":"https:\/\/www.nordichotels.eu\/fi\/#website","url":"https:\/\/www.nordichotels.eu\/fi\/","name":"Nordic Hotel Forum","description":"Kaiken keskell\u00e4","potentialAction":[{"@type":"SearchAction","target":{"@type":"EntryPoint","urlTemplate":"https:\/\/www.nordichotels.eu\/fi\/?s={search_term_string}"},"query-input":{"@type":"PropertyValueSpecification","valueRequired":true,"valueName":"search_term_string"}}],"inLanguage":"fi"}]}},"_links":{"self":[{"href":"https:\/\/www.nordichotels.eu\/fi\/wp-json\/wp\/v2\/pages\/2175","targetHints":{"allow":["GET"]}}],"collection":[{"href":"https:\/\/www.nordichotels.eu\/fi\/wp-json\/wp\/v2\/pages"}],"about":[{"href":"https:\/\/www.nordichotels.eu\/fi\/wp-json\/wp\/v2\/types\/page"}],"author":[{"embeddable":true,"href":"https:\/\/www.nordichotels.eu\/fi\/wp-json\/wp\/v2\/users\/3"}],"replies":[{"embeddable":true,"href":"https:\/\/www.nordichotels.eu\/fi\/wp-json\/wp\/v2\/comments?post=2175"}],"version-history":[{"count":2,"href":"https:\/\/www.nordichotels.eu\/fi\/wp-json\/wp\/v2\/pages\/2175\/revisions"}],"predecessor-version":[{"id":2177,"href":"https:\/\/www.nordichotels.eu\/fi\/wp-json\/wp\/v2\/pages\/2175\/revisions\/2177"}],"wp:attachment":[{"href":"https:\/\/www.nordichotels.eu\/fi\/wp-json\/wp\/v2\/media?parent=2175"}],"curies":[{"name":"wp","href":"https:\/\/api.w.org\/{rel}","templated":true}]}}