{"id":1544,"date":"2024-03-12T08:03:36","date_gmt":"2024-03-12T06:03:36","guid":{"rendered":"https:\/\/www.nordichotels.eu\/?page_id=1544"},"modified":"2025-11-24T10:23:55","modified_gmt":"2025-11-24T08:23:55","slug":"tallinnan_joulumarkkinat","status":"publish","type":"page","link":"https:\/\/www.nordichotels.eu\/fi\/tallinnan_joulumarkkinat\/","title":{"rendered":"Tallinnan joulumarkkinat"},"content":{"rendered":"<p><div class=\"fusion-fullwidth fullwidth-box fusion-builder-row-1 fusion-flex-container has-pattern-background has-mask-background nonhundred-percent-fullwidth non-hundred-percent-height-scrolling\" style=\"--awb-border-radius-top-left:0px;--awb-border-radius-top-right:0px;--awb-border-radius-bottom-right:0px;--awb-border-radius-bottom-left:0px;--awb-padding-top:0px;--awb-padding-bottom:0px;--awb-margin-top:0px;--awb-margin-bottom:0px;--awb-flex-wrap:wrap;\" ><div class=\"fusion-builder-row fusion-row fusion-flex-align-items-flex-start fusion-flex-content-wrap\" style=\"max-width:104%;margin-left: calc(-4% \/ 2 );margin-right: calc(-4% \/ 2 );\"><div class=\"fusion-layout-column fusion_builder_column fusion-builder-column-0 fusion_builder_column_1_1 1_1 fusion-flex-column\" style=\"--awb-bg-size:cover;--awb-width-large:100%;--awb-margin-top-large:0px;--awb-spacing-right-large:1.92%;--awb-margin-bottom-large:20px;--awb-spacing-left-large:1.92%;--awb-width-medium:100%;--awb-order-medium:0;--awb-spacing-right-medium:1.92%;--awb-spacing-left-medium:1.92%;--awb-width-small:100%;--awb-order-small:0;--awb-spacing-right-small:1.92%;--awb-spacing-left-small:1.92%;\"><div class=\"fusion-column-wrapper fusion-column-has-shadow fusion-flex-justify-content-flex-start fusion-content-layout-column\"><div class=\"fusion-image-element \" style=\"--awb-caption-title-font-family:var(--h2_typography-font-family);--awb-caption-title-font-weight:var(--h2_typography-font-weight);--awb-caption-title-font-style:var(--h2_typography-font-style);--awb-caption-title-size:var(--h2_typography-font-size);--awb-caption-title-transform:var(--h2_typography-text-transform);--awb-caption-title-line-height:var(--h2_typography-line-height);--awb-caption-title-letter-spacing:var(--h2_typography-letter-spacing);\"><span class=\" fusion-imageframe imageframe-none imageframe-1 hover-type-none\"><img decoding=\"async\" width=\"1920\" height=\"396\" src=\"https:\/\/www.nordichotels.eu\/wp-content\/uploads\/2024\/02\/toad.jpg\" alt class=\"img-responsive wp-image-870\" srcset=\"https:\/\/www.nordichotels.eu\/wp-content\/uploads\/2024\/02\/toad-200x41.jpg 200w, https:\/\/www.nordichotels.eu\/wp-content\/uploads\/2024\/02\/toad-400x83.jpg 400w, https:\/\/www.nordichotels.eu\/wp-content\/uploads\/2024\/02\/toad-600x124.jpg 600w, https:\/\/www.nordichotels.eu\/wp-content\/uploads\/2024\/02\/toad-800x165.jpg 800w, https:\/\/www.nordichotels.eu\/wp-content\/uploads\/2024\/02\/toad-1200x248.jpg 1200w, https:\/\/www.nordichotels.eu\/wp-content\/uploads\/2024\/02\/toad.jpg 1920w\" sizes=\"(max-width: 640px) 100vw, 1920px\" \/><\/span><\/div><\/div><\/div><\/div><\/div><div class=\"fusion-fullwidth fullwidth-box fusion-builder-row-2 fusion-flex-container has-pattern-background has-mask-background nonhundred-percent-fullwidth non-hundred-percent-height-scrolling\" style=\"--awb-border-radius-top-left:0px;--awb-border-radius-top-right:0px;--awb-border-radius-bottom-right:0px;--awb-border-radius-bottom-left:0px;--awb-flex-wrap:wrap;\" ><div class=\"fusion-builder-row fusion-row fusion-flex-align-items-stretch fusion-flex-content-wrap\" style=\"max-width:104%;margin-left: calc(-4% \/ 2 );margin-right: calc(-4% \/ 2 );\"><div class=\"fusion-layout-column fusion_builder_column fusion-builder-column-1 fusion_builder_column_3_5 3_5 fusion-flex-column\" style=\"--awb-padding-top:20px;--awb-padding-right:20px;--awb-padding-bottom:20px;--awb-padding-left:20px;--awb-bg-color:var(--awb-color1);--awb-bg-color-hover:var(--awb-color1);--awb-bg-size:cover;--awb-width-large:60%;--awb-margin-top-large:0px;--awb-spacing-right-large:3.2%;--awb-margin-bottom-large:20px;--awb-spacing-left-large:3.2%;--awb-width-medium:60%;--awb-order-medium:0;--awb-spacing-right-medium:3.2%;--awb-spacing-left-medium:3.2%;--awb-width-small:100%;--awb-order-small:0;--awb-spacing-right-small:1.92%;--awb-spacing-left-small:1.92%;\" data-scroll-devices=\"small-visibility,medium-visibility,large-visibility\"><div class=\"fusion-column-wrapper fusion-column-has-shadow fusion-flex-justify-content-flex-start fusion-content-layout-column\"><div class=\"fusion-title title fusion-title-1 fusion-sep-none fusion-title-text fusion-title-size-one\" style=\"--awb-margin-top:0px;--awb-margin-bottom:0px;--awb-margin-top-small:10px;--awb-margin-right-small:0px;--awb-margin-bottom-small:10px;--awb-margin-left-small:0px;--awb-font-size:26px;\"><h1 class=\"fusion-title-heading title-heading-left fusion-responsive-typography-calculated\" style=\"font-family:&quot;Accurat regular&quot;;font-style:normal;font-weight:400;margin:0;font-size:1em;--fontSize:26;line-height:1.3;\">Tallinnan joulumarkkinat<\/h1><\/div><div class=\"fusion-separator\" style=\"align-self: flex-start;margin-right:auto;margin-top:15px;margin-bottom:40px;width:100%;max-width:50px;\"><div class=\"fusion-separator-border sep-single sep-solid\" style=\"--awb-height:20px;--awb-amount:20px;--awb-sep-color:var(--awb-color4);border-color:var(--awb-color4);border-top-width:2px;\"><\/div><\/div><div class=\"fusion-text fusion-text-1\"><h3><strong>Tallinnan joulumarkkinat ovat avoinna 27.12.2025 asti.<\/strong><\/h3>\n<p>Tallinnassa perinteik\u00e4s joulunaika alkaa Tallinnan vanhan kaupungin joulumarkkinoiden avajaisista. Historiallisen Tallinnan keskustassa Raatihuoneentorilla korkeuksiin kohoaa kaupungin kaunein ja muhkein joulukuusi. T\u00e4m\u00e4 perinne, joka on jatkunut jo 580 vuotta. Tallinnan joulumarkkinat on \u00e4\u00e4nestetty Euroopan kauneimmiksi joulumarkkinoiksi.<\/p>\n<p>Joulumarkkinat tuovat mukanaan ihanaa joulun taikaa. K\u00e4vij\u00f6it\u00e4 tervehdit\u00e4\u00e4n l\u00e4mpimien joulujuomien ja -leivonnaisten tuoksulla sek\u00e4 hansakaupungin kauppiaiden kojuista l\u00f6ytyvill\u00e4 kauniilla k\u00e4sit\u00f6ill\u00e4. Se on upea paikka nauttia joulun tunnelmasta perheen ja yst\u00e4vien kanssa, kuunnella musiikkia, osallistua tapahtumiin ja l\u00f6yt\u00e4\u00e4 ainutlaatuisia lahjoja.<\/p>\n<h3><strong>Loma ja vierailu joulumarkkinoilla<\/strong><\/h3>\n<p>Vieraile Tallinnan joulumarkkinoilla ja tutustu Tallinnan vanhan kaupungin unohtumattomaan loistoon. Nordic Hotel Forum sijaitsee Tallinnan vanhan kaupungin juurella 11 minuutin k\u00e4velymatkan p\u00e4\u00e4ss\u00e4 Tallinnan joulumarkkinoilta. Valitse <strong><a href=\"https:\/\/www.nordichotels.eu\/fi\/huoneet\/\">huone<\/a><\/strong>, varaa majoitus ja nauti satumaisesta joulunajasta Tallinnan vanhan kaupungin joulumarkkinoilla. Nordic Hotel Forumissa sinua odottaa loma nauttien ensiluokkaisesta palvelusta kauniiden ja taianomaisten <strong><a href=\"https:\/\/www.nordichotels.eu\/fi\/joulu_tallinnan_keskustassa\/\">joulumarkkinoiden<\/a> <\/strong>l\u00e4heisyydess\u00e4. Hotellin Noho-ravintolassa on laadittu juhlava ruokalista, jolla vieraiden tyhj\u00e4t vatsat t\u00e4yttyv\u00e4t palattaessa k\u00e4velylt\u00e4 Tallinnan vanhankaupungin historiallisilla kaduilla.<\/p>\n<\/div><div ><a class=\"fusion-button button-flat fusion-button-default-size button-custom fusion-button-default button-1 fusion-button-default-span fusion-button-default-type\" style=\"--button_accent_color:var(--awb-color7);--button_border_color:var(--awb-color4);--button_accent_hover_color:var(--awb-color6);--button_border_hover_color:var(--awb-color1);--button_border_width-top:2px;--button_border_width-right:2px;--button_border_width-bottom:2px;--button_border_width-left:2px;--button-border-radius-top-left:35px;--button-border-radius-top-right:35px;--button-border-radius-bottom-right:35px;--button-border-radius-bottom-left:35px;--button_gradient_top_color:var(--awb-color1);--button_gradient_bottom_color:var(--awb-color1);--button_gradient_top_color_hover:hsla(var(--awb-color4-h),calc(var(--awb-color4-s) - 5%),calc(var(--awb-color4-l) - 10%),var(--awb-color4-a));--button_gradient_bottom_color_hover:hsla(var(--awb-color4-h),calc(var(--awb-color4-s) - 5%),calc(var(--awb-color4-l) - 10%),var(--awb-color4-a));--button_font_size:14px;--button_typography-font-family:&quot;Accurat regular&quot;;--button_typography-font-style:normal;--button_typography-font-weight:400;\" target=\"_blank\" rel=\"noopener noreferrer\" href=\"https:\/\/book.bwhhotelgroup.com\/content\/ibe-86137\/fi_FI\/booking-path\/hotel-rooms.86137.html?_gl=1*1v4ea1b*_ga*NzY0ODkzMzUyLjE3MDk1NTA4MzM.*_ga_F6RB0XS6WM*MTcxMTAwNTUyMS4yNS4xLjE3MTEwMDc2NjUuNjAuMC4w\"><span class=\"fusion-button-text awb-button__text awb-button__text--default\">VARAA HUONE<\/span><\/a><\/div><\/div><\/div><div class=\"fusion-layout-column fusion_builder_column fusion-builder-column-2 fusion_builder_column_2_5 2_5 fusion-flex-column\" style=\"--awb-padding-top:20px;--awb-padding-right:20px;--awb-padding-bottom:20px;--awb-padding-left:20px;--awb-bg-color:var(--awb-color1);--awb-bg-color-hover:var(--awb-color1);--awb-bg-size:cover;--awb-width-large:40%;--awb-margin-top-large:0px;--awb-spacing-right-large:4.8%;--awb-margin-bottom-large:20px;--awb-spacing-left-large:4.8%;--awb-width-medium:40%;--awb-order-medium:0;--awb-spacing-right-medium:4.8%;--awb-spacing-left-medium:4.8%;--awb-width-small:100%;--awb-order-small:0;--awb-spacing-right-small:1.92%;--awb-spacing-left-small:1.92%;\" data-scroll-devices=\"small-visibility,medium-visibility,large-visibility\"><div class=\"fusion-column-wrapper fusion-column-has-shadow fusion-flex-justify-content-flex-start fusion-content-layout-column\"><div class=\"fusion-image-element awb-imageframe-style awb-imageframe-style-below awb-imageframe-style-2\" style=\"--awb-caption-title-font-family:var(--h2_typography-font-family);--awb-caption-title-font-weight:var(--h2_typography-font-weight);--awb-caption-title-font-style:var(--h2_typography-font-style);--awb-caption-title-size:var(--h2_typography-font-size);--awb-caption-title-transform:var(--h2_typography-text-transform);--awb-caption-title-line-height:var(--h2_typography-line-height);--awb-caption-title-letter-spacing:var(--h2_typography-letter-spacing);\"><span class=\" fusion-imageframe imageframe-none imageframe-2 hover-type-none\"><img decoding=\"async\" width=\"1120\" height=\"703\" src=\"https:\/\/www.nordichotels.eu\/wp-content\/uploads\/2024\/03\/tallinna-jouluturg-foto-Kaupo-Kalda.jpg\" alt class=\"img-responsive wp-image-1080\" srcset=\"https:\/\/www.nordichotels.eu\/wp-content\/uploads\/2024\/03\/tallinna-jouluturg-foto-Kaupo-Kalda-200x126.jpg 200w, https:\/\/www.nordichotels.eu\/wp-content\/uploads\/2024\/03\/tallinna-jouluturg-foto-Kaupo-Kalda-400x251.jpg 400w, https:\/\/www.nordichotels.eu\/wp-content\/uploads\/2024\/03\/tallinna-jouluturg-foto-Kaupo-Kalda-600x377.jpg 600w, https:\/\/www.nordichotels.eu\/wp-content\/uploads\/2024\/03\/tallinna-jouluturg-foto-Kaupo-Kalda-800x502.jpg 800w, https:\/\/www.nordichotels.eu\/wp-content\/uploads\/2024\/03\/tallinna-jouluturg-foto-Kaupo-Kalda.jpg 1120w\" sizes=\"(max-width: 640px) 100vw, 800px\" \/><\/span><div class=\"awb-imageframe-caption-container\"><div class=\"awb-imageframe-caption\"><p class=\"awb-imageframe-caption-text\">Kuva: Kaupo Kalda, l\u00e4hde: Tallinnan Strategiakeskuksen yritys- ja matkailuosasto<\/p><\/div><\/div><\/div><\/div><\/div><\/div><\/div><\/p>\n","protected":false},"excerpt":{"rendered":"","protected":false},"author":2,"featured_media":0,"parent":0,"menu_order":0,"comment_status":"closed","ping_status":"closed","template":"100-width.php","meta":{"inline_featured_image":false,"footnotes":""},"class_list":["post-1544","page","type-page","status-publish","hentry"],"yoast_head":"<!-- This site is optimized with the Yoast SEO plugin v27.3 - https:\/\/yoast.com\/product\/yoast-seo-wordpress\/ -->\n<title>Tallinnan joulumarkkinat - Nordic Hotel Forum<\/title>\n<meta name=\"description\" content=\"Tallinnan joulumarkkinat ovat avoinna 7.1.2024 asti. Majoittukaa Nordic Hotel Forumissa, vain lyhyen k\u00e4velymatkan p\u00e4\u00e4ss\u00e4 joulutorista.\" \/>\n<meta name=\"robots\" content=\"index, follow, max-snippet:-1, max-image-preview:large, max-video-preview:-1\" \/>\n<link rel=\"canonical\" href=\"https:\/\/www.nordichotels.eu\/fi\/tallinnan_joulumarkkinat\/\" \/>\n<meta property=\"og:locale\" content=\"fi_FI\" \/>\n<meta property=\"og:type\" content=\"article\" \/>\n<meta property=\"og:title\" content=\"Tallinnan joulumarkkinat - Nordic Hotel Forum\" \/>\n<meta property=\"og:description\" content=\"Tallinnan joulumarkkinat ovat avoinna 7.1.2024 asti. Majoittukaa Nordic Hotel Forumissa, vain lyhyen k\u00e4velymatkan p\u00e4\u00e4ss\u00e4 joulutorista.\" \/>\n<meta property=\"og:url\" content=\"https:\/\/www.nordichotels.eu\/fi\/tallinnan_joulumarkkinat\/\" \/>\n<meta property=\"og:site_name\" content=\"Nordic Hotel Forum\" \/>\n<meta property=\"article:modified_time\" content=\"2025-11-24T08:23:55+00:00\" \/>\n<meta property=\"og:image\" content=\"https:\/\/www.nordichotels.eu\/wp-content\/uploads\/2024\/04\/Nordic-Hotel-Forum.jpg\" \/>\n\t<meta property=\"og:image:width\" content=\"1200\" \/>\n\t<meta property=\"og:image:height\" content=\"675\" \/>\n\t<meta property=\"og:image:type\" content=\"image\/jpeg\" \/>\n<meta name=\"twitter:card\" content=\"summary_large_image\" \/>\n<meta name=\"twitter:label1\" content=\"Arvioitu lukuaika\" \/>\n\t<meta name=\"twitter:data1\" content=\"2 minuuttia\" \/>\n<script type=\"application\/ld+json\" class=\"yoast-schema-graph\">{\"@context\":\"https:\\\/\\\/schema.org\",\"@graph\":[{\"@type\":\"WebPage\",\"@id\":\"https:\\\/\\\/www.nordichotels.eu\\\/fi\\\/tallinnan_joulumarkkinat\\\/\",\"url\":\"https:\\\/\\\/www.nordichotels.eu\\\/fi\\\/tallinnan_joulumarkkinat\\\/\",\"name\":\"Tallinnan joulumarkkinat - Nordic Hotel Forum\",\"isPartOf\":{\"@id\":\"https:\\\/\\\/www.nordichotels.eu\\\/fi\\\/#website\"},\"datePublished\":\"2024-03-12T06:03:36+00:00\",\"dateModified\":\"2025-11-24T08:23:55+00:00\",\"description\":\"Tallinnan joulumarkkinat ovat avoinna 7.1.2024 asti. Majoittukaa Nordic Hotel Forumissa, vain lyhyen k\u00e4velymatkan p\u00e4\u00e4ss\u00e4 joulutorista.\",\"breadcrumb\":{\"@id\":\"https:\\\/\\\/www.nordichotels.eu\\\/fi\\\/tallinnan_joulumarkkinat\\\/#breadcrumb\"},\"inLanguage\":\"fi\",\"potentialAction\":[{\"@type\":\"ReadAction\",\"target\":[\"https:\\\/\\\/www.nordichotels.eu\\\/fi\\\/tallinnan_joulumarkkinat\\\/\"]}]},{\"@type\":\"BreadcrumbList\",\"@id\":\"https:\\\/\\\/www.nordichotels.eu\\\/fi\\\/tallinnan_joulumarkkinat\\\/#breadcrumb\",\"itemListElement\":[{\"@type\":\"ListItem\",\"position\":1,\"name\":\"Home\",\"item\":\"https:\\\/\\\/www.nordichotels.eu\\\/fi\\\/\"},{\"@type\":\"ListItem\",\"position\":2,\"name\":\"Tallinnan joulumarkkinat\"}]},{\"@type\":\"WebSite\",\"@id\":\"https:\\\/\\\/www.nordichotels.eu\\\/fi\\\/#website\",\"url\":\"https:\\\/\\\/www.nordichotels.eu\\\/fi\\\/\",\"name\":\"Nordic Hotel Forum\",\"description\":\"Kaiken keskell\u00e4\",\"potentialAction\":[{\"@type\":\"SearchAction\",\"target\":{\"@type\":\"EntryPoint\",\"urlTemplate\":\"https:\\\/\\\/www.nordichotels.eu\\\/fi\\\/?s={search_term_string}\"},\"query-input\":{\"@type\":\"PropertyValueSpecification\",\"valueRequired\":true,\"valueName\":\"search_term_string\"}}],\"inLanguage\":\"fi\"}]}<\/script>\n<!-- \/ Yoast SEO plugin. -->","yoast_head_json":{"title":"Tallinnan joulumarkkinat - Nordic Hotel Forum","description":"Tallinnan joulumarkkinat ovat avoinna 7.1.2024 asti. Majoittukaa Nordic Hotel Forumissa, vain lyhyen k\u00e4velymatkan p\u00e4\u00e4ss\u00e4 joulutorista.","robots":{"index":"index","follow":"follow","max-snippet":"max-snippet:-1","max-image-preview":"max-image-preview:large","max-video-preview":"max-video-preview:-1"},"canonical":"https:\/\/www.nordichotels.eu\/fi\/tallinnan_joulumarkkinat\/","og_locale":"fi_FI","og_type":"article","og_title":"Tallinnan joulumarkkinat - Nordic Hotel Forum","og_description":"Tallinnan joulumarkkinat ovat avoinna 7.1.2024 asti. Majoittukaa Nordic Hotel Forumissa, vain lyhyen k\u00e4velymatkan p\u00e4\u00e4ss\u00e4 joulutorista.","og_url":"https:\/\/www.nordichotels.eu\/fi\/tallinnan_joulumarkkinat\/","og_site_name":"Nordic Hotel Forum","article_modified_time":"2025-11-24T08:23:55+00:00","og_image":[{"width":1200,"height":675,"url":"https:\/\/www.nordichotels.eu\/wp-content\/uploads\/2024\/04\/Nordic-Hotel-Forum.jpg","type":"image\/jpeg"}],"twitter_card":"summary_large_image","twitter_misc":{"Arvioitu lukuaika":"2 minuuttia"},"schema":{"@context":"https:\/\/schema.org","@graph":[{"@type":"WebPage","@id":"https:\/\/www.nordichotels.eu\/fi\/tallinnan_joulumarkkinat\/","url":"https:\/\/www.nordichotels.eu\/fi\/tallinnan_joulumarkkinat\/","name":"Tallinnan joulumarkkinat - Nordic Hotel Forum","isPartOf":{"@id":"https:\/\/www.nordichotels.eu\/fi\/#website"},"datePublished":"2024-03-12T06:03:36+00:00","dateModified":"2025-11-24T08:23:55+00:00","description":"Tallinnan joulumarkkinat ovat avoinna 7.1.2024 asti. Majoittukaa Nordic Hotel Forumissa, vain lyhyen k\u00e4velymatkan p\u00e4\u00e4ss\u00e4 joulutorista.","breadcrumb":{"@id":"https:\/\/www.nordichotels.eu\/fi\/tallinnan_joulumarkkinat\/#breadcrumb"},"inLanguage":"fi","potentialAction":[{"@type":"ReadAction","target":["https:\/\/www.nordichotels.eu\/fi\/tallinnan_joulumarkkinat\/"]}]},{"@type":"BreadcrumbList","@id":"https:\/\/www.nordichotels.eu\/fi\/tallinnan_joulumarkkinat\/#breadcrumb","itemListElement":[{"@type":"ListItem","position":1,"name":"Home","item":"https:\/\/www.nordichotels.eu\/fi\/"},{"@type":"ListItem","position":2,"name":"Tallinnan joulumarkkinat"}]},{"@type":"WebSite","@id":"https:\/\/www.nordichotels.eu\/fi\/#website","url":"https:\/\/www.nordichotels.eu\/fi\/","name":"Nordic Hotel Forum","description":"Kaiken keskell\u00e4","potentialAction":[{"@type":"SearchAction","target":{"@type":"EntryPoint","urlTemplate":"https:\/\/www.nordichotels.eu\/fi\/?s={search_term_string}"},"query-input":{"@type":"PropertyValueSpecification","valueRequired":true,"valueName":"search_term_string"}}],"inLanguage":"fi"}]}},"_links":{"self":[{"href":"https:\/\/www.nordichotels.eu\/fi\/wp-json\/wp\/v2\/pages\/1544","targetHints":{"allow":["GET"]}}],"collection":[{"href":"https:\/\/www.nordichotels.eu\/fi\/wp-json\/wp\/v2\/pages"}],"about":[{"href":"https:\/\/www.nordichotels.eu\/fi\/wp-json\/wp\/v2\/types\/page"}],"author":[{"embeddable":true,"href":"https:\/\/www.nordichotels.eu\/fi\/wp-json\/wp\/v2\/users\/2"}],"replies":[{"embeddable":true,"href":"https:\/\/www.nordichotels.eu\/fi\/wp-json\/wp\/v2\/comments?post=1544"}],"version-history":[{"count":7,"href":"https:\/\/www.nordichotels.eu\/fi\/wp-json\/wp\/v2\/pages\/1544\/revisions"}],"predecessor-version":[{"id":5437,"href":"https:\/\/www.nordichotels.eu\/fi\/wp-json\/wp\/v2\/pages\/1544\/revisions\/5437"}],"wp:attachment":[{"href":"https:\/\/www.nordichotels.eu\/fi\/wp-json\/wp\/v2\/media?parent=1544"}],"curies":[{"name":"wp","href":"https:\/\/api.w.org\/{rel}","templated":true}]}}