{"id":1345,"date":"2024-03-04T12:39:48","date_gmt":"2024-03-04T10:39:48","guid":{"rendered":"https:\/\/www.nordichotels.eu\/toad\/superior-klassi-tuba\/"},"modified":"2026-04-09T16:37:20","modified_gmt":"2026-04-09T13:37:20","slug":"superior-huone","status":"publish","type":"page","link":"https:\/\/www.nordichotels.eu\/fi\/huoneet\/superior-huone\/","title":{"rendered":"Superior-huone"},"content":{"rendered":"<p><div class=\"fusion-fullwidth fullwidth-box fusion-builder-row-1 fusion-flex-container has-pattern-background has-mask-background nonhundred-percent-fullwidth non-hundred-percent-height-scrolling\" style=\"--awb-border-radius-top-left:0px;--awb-border-radius-top-right:0px;--awb-border-radius-bottom-right:0px;--awb-border-radius-bottom-left:0px;--awb-padding-top:0px;--awb-padding-bottom:0px;--awb-margin-top:0px;--awb-margin-bottom:0px;--awb-flex-wrap:wrap;\" ><div class=\"fusion-builder-row fusion-row fusion-flex-align-items-flex-start fusion-flex-content-wrap\" style=\"max-width:104%;margin-left: calc(-4% \/ 2 );margin-right: calc(-4% \/ 2 );\"><div class=\"fusion-layout-column fusion_builder_column fusion-builder-column-0 fusion_builder_column_1_1 1_1 fusion-flex-column\" style=\"--awb-bg-size:cover;--awb-width-large:100%;--awb-margin-top-large:0px;--awb-spacing-right-large:1.92%;--awb-margin-bottom-large:20px;--awb-spacing-left-large:1.92%;--awb-width-medium:100%;--awb-order-medium:0;--awb-spacing-right-medium:1.92%;--awb-spacing-left-medium:1.92%;--awb-width-small:100%;--awb-order-small:0;--awb-spacing-right-small:1.92%;--awb-spacing-left-small:1.92%;\"><div class=\"fusion-column-wrapper fusion-column-has-shadow fusion-flex-justify-content-flex-start fusion-content-layout-column\"><div class=\"fusion-image-element \" style=\"--awb-caption-title-font-family:var(--h2_typography-font-family);--awb-caption-title-font-weight:var(--h2_typography-font-weight);--awb-caption-title-font-style:var(--h2_typography-font-style);--awb-caption-title-size:var(--h2_typography-font-size);--awb-caption-title-transform:var(--h2_typography-text-transform);--awb-caption-title-line-height:var(--h2_typography-line-height);--awb-caption-title-letter-spacing:var(--h2_typography-letter-spacing);\"><span class=\" fusion-imageframe imageframe-none imageframe-1 hover-type-none\"><img decoding=\"async\" width=\"1920\" height=\"396\" src=\"https:\/\/www.nordichotels.eu\/wp-content\/uploads\/2024\/02\/toad.jpg\" alt class=\"img-responsive wp-image-870\" srcset=\"https:\/\/www.nordichotels.eu\/wp-content\/uploads\/2024\/02\/toad-200x41.jpg 200w, https:\/\/www.nordichotels.eu\/wp-content\/uploads\/2024\/02\/toad-400x83.jpg 400w, https:\/\/www.nordichotels.eu\/wp-content\/uploads\/2024\/02\/toad-600x124.jpg 600w, https:\/\/www.nordichotels.eu\/wp-content\/uploads\/2024\/02\/toad-800x165.jpg 800w, https:\/\/www.nordichotels.eu\/wp-content\/uploads\/2024\/02\/toad-1200x248.jpg 1200w, https:\/\/www.nordichotels.eu\/wp-content\/uploads\/2024\/02\/toad.jpg 1920w\" sizes=\"(max-width: 640px) 100vw, 1920px\" \/><\/span><\/div><\/div><\/div><\/div><\/div><div class=\"fusion-fullwidth fullwidth-box fusion-builder-row-2 fusion-flex-container has-pattern-background has-mask-background nonhundred-percent-fullwidth non-hundred-percent-height-scrolling\" style=\"--awb-border-radius-top-left:0px;--awb-border-radius-top-right:0px;--awb-border-radius-bottom-right:0px;--awb-border-radius-bottom-left:0px;--awb-margin-top:20px;--awb-flex-wrap:wrap;\" ><div class=\"fusion-builder-row fusion-row fusion-flex-align-items-stretch fusion-flex-content-wrap\" style=\"max-width:104%;margin-left: calc(-4% \/ 2 );margin-right: calc(-4% \/ 2 );\"><div class=\"fusion-layout-column fusion_builder_column fusion-builder-column-1 fusion_builder_column_3_5 3_5 fusion-flex-column\" style=\"--awb-bg-color:var(--awb-color1);--awb-bg-color-hover:var(--awb-color1);--awb-bg-size:cover;--awb-width-large:60%;--awb-margin-top-large:0px;--awb-spacing-right-large:3.2%;--awb-margin-bottom-large:20px;--awb-spacing-left-large:3.2%;--awb-width-medium:60%;--awb-order-medium:0;--awb-spacing-right-medium:3.2%;--awb-spacing-left-medium:3.2%;--awb-width-small:100%;--awb-order-small:0;--awb-spacing-right-small:1.92%;--awb-spacing-left-small:1.92%;\" data-scroll-devices=\"small-visibility,medium-visibility,large-visibility\"><div class=\"fusion-column-wrapper fusion-column-has-shadow fusion-flex-justify-content-flex-start fusion-content-layout-column\"><div class=\"fusion-slider-sc\"><div class=\"fusion-flexslider-loading flexslider flexslider-hover-type-none\" data-slideshow_autoplay=\"1\" data-slideshow_smooth_height=\"0\" data-slideshow_speed=\"7000\" style=\"max-width:100%;height:100%;\"><ul class=\"slides\"><li class=\"image\"><a class=\"lightbox-enabled fusion-lightbox\" data-rel=\"iLightbox[slider_carousel_1]\" title=\"Nordic Hotel Forum: Superior\" data-title=\"Nordic Hotel Forum: Superior\" aria-label=\"Nordic Hotel Forum: Superior\" href=\"https:\/\/www.nordichotels.eu\/wp-content\/uploads\/2024\/03\/Standard-Double_street-view_V_Tuul-min.jpg\" target=\"_self\"><span class=\"fusion-image-hover-element hover-type-none\"><img decoding=\"async\" src=\"https:\/\/www.nordichotels.eu\/wp-content\/uploads\/2024\/03\/Standard-Double_street-view_V_Tuul-min.jpg\" width=\"2000\" height=\"1333\" class=\"wp-image-922\" srcset=\"https:\/\/www.nordichotels.eu\/wp-content\/uploads\/2024\/03\/Standard-Double_street-view_V_Tuul-min-200x133.jpg 200w, https:\/\/www.nordichotels.eu\/wp-content\/uploads\/2024\/03\/Standard-Double_street-view_V_Tuul-min-400x267.jpg 400w, https:\/\/www.nordichotels.eu\/wp-content\/uploads\/2024\/03\/Standard-Double_street-view_V_Tuul-min-600x400.jpg 600w, https:\/\/www.nordichotels.eu\/wp-content\/uploads\/2024\/03\/Standard-Double_street-view_V_Tuul-min-800x533.jpg 800w, https:\/\/www.nordichotels.eu\/wp-content\/uploads\/2024\/03\/Standard-Double_street-view_V_Tuul-min-1200x800.jpg 1200w, https:\/\/www.nordichotels.eu\/wp-content\/uploads\/2024\/03\/Standard-Double_street-view_V_Tuul-min.jpg 2000w\" sizes=\"(max-width: 640px) 100vw, 1200px\" \/><\/span><\/a><\/li><li class=\"image\"><a class=\"lightbox-enabled fusion-lightbox\" data-rel=\"iLightbox[slider_carousel_1]\" href=\"https:\/\/www.nordichotels.eu\/wp-content\/uploads\/2024\/08\/2-Superior_bathroom-bath.jpg\" target=\"_self\"><span class=\"fusion-image-hover-element hover-type-none\"><img decoding=\"async\" src=\"https:\/\/www.nordichotels.eu\/wp-content\/uploads\/2024\/08\/2-Superior_bathroom-bath.jpg\" width=\"2000\" height=\"1333\" class=\"wp-image-3002\" srcset=\"https:\/\/www.nordichotels.eu\/wp-content\/uploads\/2024\/08\/2-Superior_bathroom-bath-200x133.jpg 200w, https:\/\/www.nordichotels.eu\/wp-content\/uploads\/2024\/08\/2-Superior_bathroom-bath-400x267.jpg 400w, https:\/\/www.nordichotels.eu\/wp-content\/uploads\/2024\/08\/2-Superior_bathroom-bath-600x400.jpg 600w, https:\/\/www.nordichotels.eu\/wp-content\/uploads\/2024\/08\/2-Superior_bathroom-bath-800x533.jpg 800w, https:\/\/www.nordichotels.eu\/wp-content\/uploads\/2024\/08\/2-Superior_bathroom-bath-1200x800.jpg 1200w, https:\/\/www.nordichotels.eu\/wp-content\/uploads\/2024\/08\/2-Superior_bathroom-bath.jpg 2000w\" sizes=\"(max-width: 640px) 100vw, 1200px\" \/><\/span><\/a><\/li><\/ul><\/div><\/div><\/div><\/div><div class=\"fusion-layout-column fusion_builder_column fusion-builder-column-2 fusion_builder_column_2_5 2_5 fusion-flex-column\" style=\"--awb-bg-color:var(--awb-color1);--awb-bg-color-hover:var(--awb-color1);--awb-bg-size:cover;--awb-width-large:40%;--awb-margin-top-large:0px;--awb-spacing-right-large:4.8%;--awb-margin-bottom-large:20px;--awb-spacing-left-large:4.8%;--awb-width-medium:40%;--awb-order-medium:0;--awb-spacing-right-medium:4.8%;--awb-spacing-left-medium:4.8%;--awb-width-small:100%;--awb-order-small:0;--awb-spacing-right-small:1.92%;--awb-spacing-left-small:1.92%;\" data-scroll-devices=\"small-visibility,medium-visibility,large-visibility\"><div class=\"fusion-column-wrapper fusion-column-has-shadow fusion-flex-justify-content-flex-start fusion-content-layout-column\"><div class=\"fusion-text fusion-text-1 nhf-rooms-navigation\"><ul class=\"nhf-rooms-navigation\">\n<li><a href=\"https:\/\/www.nordichotels.eu\/fi\/huoneet\/standard-huone\/\">STANDARD-HUONE<\/a><\/li>\n<li><a href=\"https:\/\/www.nordichotels.eu\/fi\/huoneet\/superior-huone\/\">SUPERIOR-HUONE<\/a><\/li>\n<li><a href=\"https:\/\/www.nordichotels.eu\/fi\/huoneet\/perhehuone\/\">PERHEHUONEET<\/a><\/li>\n<li><a href=\"https:\/\/www.nordichotels.eu\/fi\/huoneet\/deluxe_perhehuone\/\">DELUXE PERHEHUONE<\/a><\/li>\n<li><a href=\"https:\/\/www.nordichotels.eu\/fi\/huoneet\/double-deluxe-huone\/\">DOUBLE DELUXE -HUONE<\/a><\/li>\n<li><a href=\"https:\/\/www.nordichotels.eu\/fi\/huoneet\/sviitti\/\">SVIITTI<\/a><\/li>\n<li><a href=\"https:\/\/www.nordichotels.eu\/fi\/huoneet\/executive-sviitti\/\">EXECUTIVE-SVIITTI<\/a><\/li>\n<\/ul>\n<\/div>\n<div class=\"fusion-title title fusion-title-1 fusion-sep-none fusion-title-text fusion-title-size-one\" style=\"--awb-margin-top:0px;--awb-margin-bottom:0px;--awb-margin-top-small:10px;--awb-margin-right-small:0px;--awb-margin-bottom-small:10px;--awb-margin-left-small:0px;--awb-font-size:26px;\"><h1 class=\"fusion-title-heading title-heading-left fusion-responsive-typography-calculated\" style=\"font-family:&quot;Accurat regular&quot;;font-style:normal;font-weight:400;margin:0;font-size:1em;--fontSize:26;line-height:1.3;\">Superior-huone<\/h1><\/div><div class=\"fusion-separator\" style=\"align-self: flex-start;margin-right:auto;margin-top:15px;margin-bottom:40px;width:100%;max-width:50px;\"><div class=\"fusion-separator-border sep-single sep-solid\" style=\"--awb-height:20px;--awb-amount:20px;--awb-sep-color:var(--awb-color4);border-color:var(--awb-color4);border-top-width:2px;\"><\/div><\/div><div class=\"fusion-text fusion-text-2\"><p>Nordic Hotel Forumin Superior-huoneet t\u00e4ytt\u00e4v\u00e4t vaativammatkin odotuksesi. T\u00e4ss\u00e4 huoneessa oleskellessasi voit vakuuttua: Nordic Hotel Forum on paras paikka sek\u00e4 liike- ett\u00e4 konferenssimatkaa varten. Hotellin ylemmiss\u00e4 kerroksissa sijaitsevissa Superior-huoneissa on valittavana joko yksi leve\u00e4 vuode tai kaksi erillist\u00e4 vuodetta sek\u00e4 upea kaupunkin\u00e4k\u00f6ala ja kylpyammeellinen kylpyhuone. Vieraille, jotka kylpyammeen sijaan suosivat suihkua ja lis\u00e4tilaa, tarjoamme majoitusta tilavammissa, avarammalla pohjaratkaisulla olevissa huoneissamme.<\/p>\n<p>Jotta voisit rentoutua kunnolla rasittavan p\u00e4iv\u00e4n j\u00e4lkeen, huoneessa sinua odottavat kylpytakki ja tossut, ilmainen kivenn\u00e4isvesi, kahvinkeitin ja teen valmistusv\u00e4lineet. Kaapissa on my\u00f6s silitysrauta ja -lauta, jotta voisit viimeistell\u00e4 ulkoasusi ennen seuraavaa liiketapaamista.<\/p>\n<p>Jos saavut autolla, voit pys\u00e4k\u00f6id\u00e4 autosi maksulliseen maanalaiseen parkkihalliin saatavuuden mukaan.<\/p>\n<p>Huoneen lis\u00e4mukavuudet:<\/p>\n<ul>\n<li>ilmainen WiFi<\/li>\n<li>ilmastointi<\/li>\n<li>ilmainen vesi ja mehu j\u00e4\u00e4kaapissa saapumisp\u00e4iv\u00e4n\u00e4<\/li>\n<li>kahvinkeitin<\/li>\n<li>kahvin ja teen valmistusv\u00e4lineet, kahvi ja teevalikoima<\/li>\n<li>pieni tallelokero<\/li>\n<li>pimennysverhot<\/li>\n<li>silitysrauta ja -lauta<\/li>\n<li>kylpyhuone kylpyammeella<\/li>\n<li>kylpytakit ja tossut<\/li>\n<li>hiustenkuivaaja<\/li>\n<li>hotellin rentoutumisalueen ja kuntosalin rajoittamaton k\u00e4ytt\u00f6<\/li>\n<li>parkettilattia<\/li>\n<li>upeat kaupunkin\u00e4kym\u00e4t tarjoava huone hotellin yl\u00e4kerrassa<\/li>\n<\/ul>\n<\/div><div ><a class=\"fusion-button button-flat fusion-button-default-size button-custom fusion-button-default button-1 fusion-button-default-span fusion-button-default-type\" style=\"--button_accent_color:var(--awb-color7);--button_border_color:var(--awb-color4);--button_accent_hover_color:var(--awb-color6);--button_border_hover_color:var(--awb-color1);--button_border_width-top:2px;--button_border_width-right:2px;--button_border_width-bottom:2px;--button_border_width-left:2px;--button-border-radius-top-left:35px;--button-border-radius-top-right:35px;--button-border-radius-bottom-right:35px;--button-border-radius-bottom-left:35px;--button_gradient_top_color:var(--awb-color1);--button_gradient_bottom_color:var(--awb-color1);--button_gradient_top_color_hover:hsla(var(--awb-color4-h),calc(var(--awb-color4-s) - 5%),calc(var(--awb-color4-l) - 10%),var(--awb-color4-a));--button_gradient_bottom_color_hover:hsla(var(--awb-color4-h),calc(var(--awb-color4-s) - 5%),calc(var(--awb-color4-l) - 10%),var(--awb-color4-a));--button_font_size:14px;--button_typography-font-family:&quot;Accurat regular&quot;;--button_typography-font-style:normal;--button_typography-font-weight:400;--button_margin-top:20px;\" target=\"_blank\" rel=\"noopener noreferrer\" href=\"https:\/\/book.bwhhotelgroup.com\/content\/ibe-86137\/en_US\/booking-path\/hotel-rooms.86137.html?_gl=1*1cx03hk*_ga*NzY0ODkzMzUyLjE3MDk1NTA4MzM.*_ga_F6RB0XS6WM*MTcxMDkzMzkzNi4yMy4xLjE3MTA5MzcwOTQuNTYuMC4w\"><span class=\"fusion-button-text awb-button__text awb-button__text--default\">VARAA HUONE<\/span><\/a><\/div><\/div><\/div><\/div><\/div><\/p>\n","protected":false},"excerpt":{"rendered":"","protected":false},"author":2,"featured_media":0,"parent":1321,"menu_order":0,"comment_status":"closed","ping_status":"closed","template":"100-width.php","meta":{"inline_featured_image":false,"footnotes":""},"class_list":["post-1345","page","type-page","status-publish","hentry"],"yoast_head":"<!-- This site is optimized with the Yoast SEO plugin v27.3 - https:\/\/yoast.com\/product\/yoast-seo-wordpress\/ -->\n<title>Superior-huone - Nordic Hotel Forum<\/title>\n<meta name=\"robots\" content=\"index, follow, max-snippet:-1, max-image-preview:large, max-video-preview:-1\" \/>\n<link rel=\"canonical\" href=\"https:\/\/www.nordichotels.eu\/fi\/huoneet\/superior-huone\/\" \/>\n<meta property=\"og:locale\" content=\"fi_FI\" \/>\n<meta property=\"og:type\" content=\"article\" \/>\n<meta property=\"og:title\" content=\"Superior-huone - Nordic Hotel Forum\" \/>\n<meta property=\"og:url\" content=\"https:\/\/www.nordichotels.eu\/fi\/huoneet\/superior-huone\/\" \/>\n<meta property=\"og:site_name\" content=\"Nordic Hotel Forum\" \/>\n<meta property=\"article:modified_time\" content=\"2026-04-09T13:37:20+00:00\" \/>\n<meta property=\"og:image\" content=\"https:\/\/www.nordichotels.eu\/wp-content\/uploads\/2024\/04\/Nordic-Hotel-Forum.jpg\" \/>\n\t<meta property=\"og:image:width\" content=\"1200\" \/>\n\t<meta property=\"og:image:height\" content=\"675\" \/>\n\t<meta property=\"og:image:type\" content=\"image\/jpeg\" \/>\n<meta name=\"twitter:card\" content=\"summary_large_image\" \/>\n<meta name=\"twitter:label1\" content=\"Arvioitu lukuaika\" \/>\n\t<meta name=\"twitter:data1\" content=\"2 minuuttia\" \/>\n<script type=\"application\/ld+json\" class=\"yoast-schema-graph\">{\"@context\":\"https:\\\/\\\/schema.org\",\"@graph\":[{\"@type\":\"WebPage\",\"@id\":\"https:\\\/\\\/www.nordichotels.eu\\\/fi\\\/huoneet\\\/superior-huone\\\/\",\"url\":\"https:\\\/\\\/www.nordichotels.eu\\\/fi\\\/huoneet\\\/superior-huone\\\/\",\"name\":\"Superior-huone - Nordic Hotel Forum\",\"isPartOf\":{\"@id\":\"https:\\\/\\\/www.nordichotels.eu\\\/fi\\\/#website\"},\"datePublished\":\"2024-03-04T10:39:48+00:00\",\"dateModified\":\"2026-04-09T13:37:20+00:00\",\"breadcrumb\":{\"@id\":\"https:\\\/\\\/www.nordichotels.eu\\\/fi\\\/huoneet\\\/superior-huone\\\/#breadcrumb\"},\"inLanguage\":\"fi\",\"potentialAction\":[{\"@type\":\"ReadAction\",\"target\":[\"https:\\\/\\\/www.nordichotels.eu\\\/fi\\\/huoneet\\\/superior-huone\\\/\"]}]},{\"@type\":\"BreadcrumbList\",\"@id\":\"https:\\\/\\\/www.nordichotels.eu\\\/fi\\\/huoneet\\\/superior-huone\\\/#breadcrumb\",\"itemListElement\":[{\"@type\":\"ListItem\",\"position\":1,\"name\":\"Home\",\"item\":\"https:\\\/\\\/www.nordichotels.eu\\\/fi\\\/\"},{\"@type\":\"ListItem\",\"position\":2,\"name\":\"HUONEET\",\"item\":\"https:\\\/\\\/www.nordichotels.eu\\\/fi\\\/huoneet\\\/\"},{\"@type\":\"ListItem\",\"position\":3,\"name\":\"Superior-huone\"}]},{\"@type\":\"WebSite\",\"@id\":\"https:\\\/\\\/www.nordichotels.eu\\\/fi\\\/#website\",\"url\":\"https:\\\/\\\/www.nordichotels.eu\\\/fi\\\/\",\"name\":\"Nordic Hotel Forum\",\"description\":\"Kaiken keskell\u00e4\",\"potentialAction\":[{\"@type\":\"SearchAction\",\"target\":{\"@type\":\"EntryPoint\",\"urlTemplate\":\"https:\\\/\\\/www.nordichotels.eu\\\/fi\\\/?s={search_term_string}\"},\"query-input\":{\"@type\":\"PropertyValueSpecification\",\"valueRequired\":true,\"valueName\":\"search_term_string\"}}],\"inLanguage\":\"fi\"}]}<\/script>\n<!-- \/ Yoast SEO plugin. -->","yoast_head_json":{"title":"Superior-huone - Nordic Hotel Forum","robots":{"index":"index","follow":"follow","max-snippet":"max-snippet:-1","max-image-preview":"max-image-preview:large","max-video-preview":"max-video-preview:-1"},"canonical":"https:\/\/www.nordichotels.eu\/fi\/huoneet\/superior-huone\/","og_locale":"fi_FI","og_type":"article","og_title":"Superior-huone - Nordic Hotel Forum","og_url":"https:\/\/www.nordichotels.eu\/fi\/huoneet\/superior-huone\/","og_site_name":"Nordic Hotel Forum","article_modified_time":"2026-04-09T13:37:20+00:00","og_image":[{"width":1200,"height":675,"url":"https:\/\/www.nordichotels.eu\/wp-content\/uploads\/2024\/04\/Nordic-Hotel-Forum.jpg","type":"image\/jpeg"}],"twitter_card":"summary_large_image","twitter_misc":{"Arvioitu lukuaika":"2 minuuttia"},"schema":{"@context":"https:\/\/schema.org","@graph":[{"@type":"WebPage","@id":"https:\/\/www.nordichotels.eu\/fi\/huoneet\/superior-huone\/","url":"https:\/\/www.nordichotels.eu\/fi\/huoneet\/superior-huone\/","name":"Superior-huone - Nordic Hotel Forum","isPartOf":{"@id":"https:\/\/www.nordichotels.eu\/fi\/#website"},"datePublished":"2024-03-04T10:39:48+00:00","dateModified":"2026-04-09T13:37:20+00:00","breadcrumb":{"@id":"https:\/\/www.nordichotels.eu\/fi\/huoneet\/superior-huone\/#breadcrumb"},"inLanguage":"fi","potentialAction":[{"@type":"ReadAction","target":["https:\/\/www.nordichotels.eu\/fi\/huoneet\/superior-huone\/"]}]},{"@type":"BreadcrumbList","@id":"https:\/\/www.nordichotels.eu\/fi\/huoneet\/superior-huone\/#breadcrumb","itemListElement":[{"@type":"ListItem","position":1,"name":"Home","item":"https:\/\/www.nordichotels.eu\/fi\/"},{"@type":"ListItem","position":2,"name":"HUONEET","item":"https:\/\/www.nordichotels.eu\/fi\/huoneet\/"},{"@type":"ListItem","position":3,"name":"Superior-huone"}]},{"@type":"WebSite","@id":"https:\/\/www.nordichotels.eu\/fi\/#website","url":"https:\/\/www.nordichotels.eu\/fi\/","name":"Nordic Hotel Forum","description":"Kaiken keskell\u00e4","potentialAction":[{"@type":"SearchAction","target":{"@type":"EntryPoint","urlTemplate":"https:\/\/www.nordichotels.eu\/fi\/?s={search_term_string}"},"query-input":{"@type":"PropertyValueSpecification","valueRequired":true,"valueName":"search_term_string"}}],"inLanguage":"fi"}]}},"_links":{"self":[{"href":"https:\/\/www.nordichotels.eu\/fi\/wp-json\/wp\/v2\/pages\/1345","targetHints":{"allow":["GET"]}}],"collection":[{"href":"https:\/\/www.nordichotels.eu\/fi\/wp-json\/wp\/v2\/pages"}],"about":[{"href":"https:\/\/www.nordichotels.eu\/fi\/wp-json\/wp\/v2\/types\/page"}],"author":[{"embeddable":true,"href":"https:\/\/www.nordichotels.eu\/fi\/wp-json\/wp\/v2\/users\/2"}],"replies":[{"embeddable":true,"href":"https:\/\/www.nordichotels.eu\/fi\/wp-json\/wp\/v2\/comments?post=1345"}],"version-history":[{"count":13,"href":"https:\/\/www.nordichotels.eu\/fi\/wp-json\/wp\/v2\/pages\/1345\/revisions"}],"predecessor-version":[{"id":6176,"href":"https:\/\/www.nordichotels.eu\/fi\/wp-json\/wp\/v2\/pages\/1345\/revisions\/6176"}],"up":[{"embeddable":true,"href":"https:\/\/www.nordichotels.eu\/fi\/wp-json\/wp\/v2\/pages\/1321"}],"wp:attachment":[{"href":"https:\/\/www.nordichotels.eu\/fi\/wp-json\/wp\/v2\/media?parent=1345"}],"curies":[{"name":"wp","href":"https:\/\/api.w.org\/{rel}","templated":true}]}}