{"id":1329,"date":"2024-03-04T12:50:17","date_gmt":"2024-03-04T10:50:17","guid":{"rendered":"https:\/\/www.nordichotels.eu\/toad\/double-deluxe-tuba\/"},"modified":"2025-10-22T11:08:00","modified_gmt":"2025-10-22T08:08:00","slug":"double-deluxe-huone","status":"publish","type":"page","link":"https:\/\/www.nordichotels.eu\/fi\/huoneet\/double-deluxe-huone\/","title":{"rendered":"Double deluxe -huone"},"content":{"rendered":"<p><div class=\"fusion-fullwidth fullwidth-box fusion-builder-row-1 fusion-flex-container has-pattern-background has-mask-background nonhundred-percent-fullwidth non-hundred-percent-height-scrolling\" style=\"--awb-border-radius-top-left:0px;--awb-border-radius-top-right:0px;--awb-border-radius-bottom-right:0px;--awb-border-radius-bottom-left:0px;--awb-padding-top:0px;--awb-padding-bottom:0px;--awb-margin-top:0px;--awb-margin-bottom:0px;--awb-flex-wrap:wrap;\" ><div class=\"fusion-builder-row fusion-row fusion-flex-align-items-flex-start fusion-flex-content-wrap\" style=\"max-width:104%;margin-left: calc(-4% \/ 2 );margin-right: calc(-4% \/ 2 );\"><div class=\"fusion-layout-column fusion_builder_column fusion-builder-column-0 fusion_builder_column_1_1 1_1 fusion-flex-column\" style=\"--awb-bg-size:cover;--awb-width-large:100%;--awb-margin-top-large:0px;--awb-spacing-right-large:1.92%;--awb-margin-bottom-large:20px;--awb-spacing-left-large:1.92%;--awb-width-medium:100%;--awb-order-medium:0;--awb-spacing-right-medium:1.92%;--awb-spacing-left-medium:1.92%;--awb-width-small:100%;--awb-order-small:0;--awb-spacing-right-small:1.92%;--awb-spacing-left-small:1.92%;\"><div class=\"fusion-column-wrapper fusion-column-has-shadow fusion-flex-justify-content-flex-start fusion-content-layout-column\"><div class=\"fusion-image-element \" style=\"--awb-caption-title-font-family:var(--h2_typography-font-family);--awb-caption-title-font-weight:var(--h2_typography-font-weight);--awb-caption-title-font-style:var(--h2_typography-font-style);--awb-caption-title-size:var(--h2_typography-font-size);--awb-caption-title-transform:var(--h2_typography-text-transform);--awb-caption-title-line-height:var(--h2_typography-line-height);--awb-caption-title-letter-spacing:var(--h2_typography-letter-spacing);\"><span class=\" fusion-imageframe imageframe-none imageframe-1 hover-type-none\"><img decoding=\"async\" width=\"1920\" height=\"396\" src=\"https:\/\/www.nordichotels.eu\/wp-content\/uploads\/2024\/02\/toad.jpg\" alt class=\"img-responsive wp-image-870\" srcset=\"https:\/\/www.nordichotels.eu\/wp-content\/uploads\/2024\/02\/toad-200x41.jpg 200w, https:\/\/www.nordichotels.eu\/wp-content\/uploads\/2024\/02\/toad-400x83.jpg 400w, https:\/\/www.nordichotels.eu\/wp-content\/uploads\/2024\/02\/toad-600x124.jpg 600w, https:\/\/www.nordichotels.eu\/wp-content\/uploads\/2024\/02\/toad-800x165.jpg 800w, https:\/\/www.nordichotels.eu\/wp-content\/uploads\/2024\/02\/toad-1200x248.jpg 1200w, https:\/\/www.nordichotels.eu\/wp-content\/uploads\/2024\/02\/toad.jpg 1920w\" sizes=\"(max-width: 640px) 100vw, 1920px\" \/><\/span><\/div><\/div><\/div><\/div><\/div><div class=\"fusion-fullwidth fullwidth-box fusion-builder-row-2 fusion-flex-container has-pattern-background has-mask-background nonhundred-percent-fullwidth non-hundred-percent-height-scrolling\" style=\"--awb-border-radius-top-left:0px;--awb-border-radius-top-right:0px;--awb-border-radius-bottom-right:0px;--awb-border-radius-bottom-left:0px;--awb-margin-top:20px;--awb-flex-wrap:wrap;\" ><div class=\"fusion-builder-row fusion-row fusion-flex-align-items-stretch fusion-flex-content-wrap\" style=\"max-width:104%;margin-left: calc(-4% \/ 2 );margin-right: calc(-4% \/ 2 );\"><div class=\"fusion-layout-column fusion_builder_column fusion-builder-column-1 fusion_builder_column_3_5 3_5 fusion-flex-column\" style=\"--awb-bg-color:var(--awb-color1);--awb-bg-color-hover:var(--awb-color1);--awb-bg-size:cover;--awb-width-large:60%;--awb-margin-top-large:0px;--awb-spacing-right-large:3.2%;--awb-margin-bottom-large:20px;--awb-spacing-left-large:3.2%;--awb-width-medium:60%;--awb-order-medium:0;--awb-spacing-right-medium:3.2%;--awb-spacing-left-medium:3.2%;--awb-width-small:100%;--awb-order-small:0;--awb-spacing-right-small:1.92%;--awb-spacing-left-small:1.92%;\" data-scroll-devices=\"small-visibility,medium-visibility,large-visibility\"><div class=\"fusion-column-wrapper fusion-column-has-shadow fusion-flex-justify-content-flex-start fusion-content-layout-column\"><div class=\"fusion-slider-sc\"><div class=\"fusion-flexslider-loading flexslider flexslider-hover-type-none\" data-slideshow_autoplay=\"1\" data-slideshow_smooth_height=\"0\" data-slideshow_speed=\"7000\" style=\"max-width:100%;height:100%;\"><ul class=\"slides\"><li class=\"image\"><a class=\"lightbox-enabled fusion-lightbox\" data-rel=\"iLightbox[slider_carousel_1]\" title=\"Double Deluxe_V_Tuul\" data-title=\"Double Deluxe_V_Tuul\" aria-label=\"Double Deluxe_V_Tuul\" href=\"https:\/\/www.nordichotels.eu\/wp-content\/uploads\/2024\/03\/Double-deluxe-tuba-min.jpg\" target=\"_self\"><span class=\"fusion-image-hover-element hover-type-none\"><img decoding=\"async\" src=\"https:\/\/www.nordichotels.eu\/wp-content\/uploads\/2024\/07\/Double-Deluxe_V_Tuul-800x533.jpg\" width=\"800\" height=\"533\" class=\"wp-image-2682\" srcset=\"https:\/\/www.nordichotels.eu\/wp-content\/uploads\/2024\/07\/Double-Deluxe_V_Tuul-200x133.jpg 200w, https:\/\/www.nordichotels.eu\/wp-content\/uploads\/2024\/07\/Double-Deluxe_V_Tuul-400x267.jpg 400w, https:\/\/www.nordichotels.eu\/wp-content\/uploads\/2024\/07\/Double-Deluxe_V_Tuul-600x400.jpg 600w, https:\/\/www.nordichotels.eu\/wp-content\/uploads\/2024\/07\/Double-Deluxe_V_Tuul-800x533.jpg 800w, https:\/\/www.nordichotels.eu\/wp-content\/uploads\/2024\/07\/Double-Deluxe_V_Tuul-1200x800.jpg 1200w\" sizes=\"(max-width: 640px) 100vw, 1200px\" \/><\/span><\/a><\/li><li class=\"image\"><a class=\"lightbox-enabled fusion-lightbox\" data-rel=\"iLightbox[slider_carousel_1]\" title=\"Nordic Hotel Forum: Double deluxe tuba\" data-title=\"Nordic Hotel Forum: Double deluxe tuba\" aria-label=\"Nordic Hotel Forum: Double deluxe tuba\" href=\"https:\/\/www.nordichotels.eu\/wp-content\/uploads\/2024\/03\/Superior-Double-Room-scaled-1.jpg\" target=\"_self\"><span class=\"fusion-image-hover-element hover-type-none\"><img decoding=\"async\" src=\"https:\/\/www.nordichotels.eu\/wp-content\/uploads\/2024\/03\/Superior-Double-Room-scaled-1.jpg\" width=\"2560\" height=\"1708\" class=\"wp-image-335\" srcset=\"https:\/\/www.nordichotels.eu\/wp-content\/uploads\/2024\/03\/Superior-Double-Room-scaled-1-200x133.jpg 200w, https:\/\/www.nordichotels.eu\/wp-content\/uploads\/2024\/03\/Superior-Double-Room-scaled-1-400x267.jpg 400w, https:\/\/www.nordichotels.eu\/wp-content\/uploads\/2024\/03\/Superior-Double-Room-scaled-1-600x400.jpg 600w, https:\/\/www.nordichotels.eu\/wp-content\/uploads\/2024\/03\/Superior-Double-Room-scaled-1-800x534.jpg 800w, https:\/\/www.nordichotels.eu\/wp-content\/uploads\/2024\/03\/Superior-Double-Room-scaled-1-1200x801.jpg 1200w, https:\/\/www.nordichotels.eu\/wp-content\/uploads\/2024\/03\/Superior-Double-Room-scaled-1.jpg 2560w\" sizes=\"(max-width: 640px) 100vw, 1200px\" \/><\/span><\/a><\/li><li class=\"image\"><a class=\"lightbox-enabled fusion-lightbox\" data-rel=\"iLightbox[slider_carousel_1]\" title=\"Double Deluxe_Bathroom_V_Tuul\" data-title=\"Double Deluxe_Bathroom_V_Tuul\" aria-label=\"Double Deluxe_Bathroom_V_Tuul\" href=\"https:\/\/www.nordichotels.eu\/wp-content\/uploads\/2024\/03\/Double-deluxe-vannituba1-min.jpg\" target=\"_self\"><span class=\"fusion-image-hover-element hover-type-none\"><img decoding=\"async\" src=\"https:\/\/www.nordichotels.eu\/wp-content\/uploads\/2024\/07\/Double-Deluxe_Bathroom_V_Tuul-800x533.jpg\" width=\"800\" height=\"533\" class=\"wp-image-2686\" srcset=\"https:\/\/www.nordichotels.eu\/wp-content\/uploads\/2024\/07\/Double-Deluxe_Bathroom_V_Tuul-200x133.jpg 200w, https:\/\/www.nordichotels.eu\/wp-content\/uploads\/2024\/07\/Double-Deluxe_Bathroom_V_Tuul-400x267.jpg 400w, https:\/\/www.nordichotels.eu\/wp-content\/uploads\/2024\/07\/Double-Deluxe_Bathroom_V_Tuul-600x400.jpg 600w, https:\/\/www.nordichotels.eu\/wp-content\/uploads\/2024\/07\/Double-Deluxe_Bathroom_V_Tuul-800x533.jpg 800w, https:\/\/www.nordichotels.eu\/wp-content\/uploads\/2024\/07\/Double-Deluxe_Bathroom_V_Tuul-1200x800.jpg 1200w\" sizes=\"(max-width: 640px) 100vw, 1200px\" \/><\/span><\/a><\/li><\/ul><\/div><\/div><\/div><\/div><div class=\"fusion-layout-column fusion_builder_column fusion-builder-column-2 fusion_builder_column_2_5 2_5 fusion-flex-column\" style=\"--awb-bg-color:var(--awb-color1);--awb-bg-color-hover:var(--awb-color1);--awb-bg-size:cover;--awb-width-large:40%;--awb-margin-top-large:0px;--awb-spacing-right-large:4.8%;--awb-margin-bottom-large:20px;--awb-spacing-left-large:4.8%;--awb-width-medium:40%;--awb-order-medium:0;--awb-spacing-right-medium:4.8%;--awb-spacing-left-medium:4.8%;--awb-width-small:100%;--awb-order-small:0;--awb-spacing-right-small:1.92%;--awb-spacing-left-small:1.92%;\" data-scroll-devices=\"small-visibility,medium-visibility,large-visibility\"><div class=\"fusion-column-wrapper fusion-column-has-shadow fusion-flex-justify-content-flex-start fusion-content-layout-column\"><div class=\"fusion-text fusion-text-1 nhf-rooms-navigation\"><ul class=\"nhf-rooms-navigation\">\n<li><a href=\"https:\/\/www.nordichotels.eu\/fi\/huoneet\/standard-huone\/\">STANDARD-HUONE<\/a><\/li>\n<li><a href=\"https:\/\/www.nordichotels.eu\/fi\/huoneet\/superior-huone\/\">SUPERIOR-HUONE<\/a><\/li>\n<li><a href=\"https:\/\/www.nordichotels.eu\/fi\/huoneet\/perhehuone\/\">PERHEHUONEET<\/a><\/li>\n<li><a href=\"https:\/\/www.nordichotels.eu\/fi\/huoneet\/deluxe_perhehuone\/\">DELUXE PERHEHUONE<\/a><\/li>\n<li><a href=\"https:\/\/www.nordichotels.eu\/fi\/huoneet\/double-deluxe-huone\/\">DOUBLE DELUXE -HUONE<\/a><\/li>\n<li><a href=\"https:\/\/www.nordichotels.eu\/fi\/huoneet\/sviitti\/\">SVIITTI<\/a><\/li>\n<li><a href=\"https:\/\/www.nordichotels.eu\/fi\/huoneet\/executive-sviitti\/\">EXECUTIVE-SVIITTI<\/a><\/li>\n<\/ul>\n<\/div>\n<div class=\"fusion-title title fusion-title-1 fusion-sep-none fusion-title-text fusion-title-size-one\" style=\"--awb-margin-top:0px;--awb-margin-bottom:0px;--awb-margin-top-small:10px;--awb-margin-right-small:0px;--awb-margin-bottom-small:10px;--awb-margin-left-small:0px;--awb-font-size:26px;\"><h1 class=\"fusion-title-heading title-heading-left fusion-responsive-typography-calculated\" style=\"font-family:&quot;Accurat regular&quot;;font-style:normal;font-weight:400;margin:0;font-size:1em;--fontSize:26;line-height:1.3;\">Double deluxe -huone<\/h1><\/div><div class=\"fusion-separator\" style=\"align-self: flex-start;margin-right:auto;margin-top:15px;margin-bottom:40px;width:100%;max-width:50px;\"><div class=\"fusion-separator-border sep-single sep-solid\" style=\"--awb-height:20px;--awb-amount:20px;--awb-sep-color:var(--awb-color4);border-color:var(--awb-color4);border-top-width:2px;\"><\/div><\/div><div class=\"fusion-text fusion-text-2\"><p>Sinua odottaa tilava 40 m\u00b2 huone, jossa tunnet olosi yht\u00e4 rennoksi ja mukavaksi kuin kotona. L\u00e4mmin ja valoisa ilmapiiri antaa hyv\u00e4\u00e4 energiaa uuteen p\u00e4iv\u00e4\u00e4n, laadukas sisustus luo viihtyis\u00e4n iltatunnelman. Tilavassa kylpyhuoneessa on sek\u00e4 kylpyamme ett\u00e4 suihku, lis\u00e4ksi kaikki mukavuustarvikkeet sek\u00e4 kylpytakit ja tossut. T\u00e4h\u00e4n kaikkeen liittyy tietenkin Nordic Hotel Forumin korkea palvelutaso, joka ylitt\u00e4\u00e4 vieraidemme odotukset yh\u00e4 uudelleen.<\/p>\n<p>Huoneen lis\u00e4mukavuudet:<\/p>\n<ul>\n<li>ilmainen WiFi<\/li>\n<li>ilmastointi<\/li>\n<li>ilmainen vesi ja mehu j\u00e4\u00e4kaapissa saapumisp\u00e4iv\u00e4n\u00e4<\/li>\n<li>kahvinkeitin<\/li>\n<li>kahvin ja teen valmistusv\u00e4lineet, kahvi ja teevalikoima<\/li>\n<li>pieni tallelokero<\/li>\n<li>pimennysverhot<\/li>\n<li>silitysrauta ja -lauta<\/li>\n<li>tilava kylpyhuone, jossa suihku ja kylpyamme<\/li>\n<li>kylpytakit ja tossut<\/li>\n<li>hiustenkuivaaja<\/li>\n<li>parkettilattia<\/li>\n<li>sohva huoneessa<\/li>\n<li>hotellin rentoutumisalueen ja kuntosalin rajoittamaton k\u00e4ytt\u00f6<\/li>\n<\/ul>\n<\/div><div ><a class=\"fusion-button button-flat fusion-button-default-size button-custom fusion-button-default button-1 fusion-button-default-span fusion-button-default-type\" style=\"--button_accent_color:var(--awb-color7);--button_border_color:var(--awb-color4);--button_accent_hover_color:var(--awb-color6);--button_border_hover_color:var(--awb-color1);--button_border_width-top:2px;--button_border_width-right:2px;--button_border_width-bottom:2px;--button_border_width-left:2px;--button-border-radius-top-left:35px;--button-border-radius-top-right:35px;--button-border-radius-bottom-right:35px;--button-border-radius-bottom-left:35px;--button_gradient_top_color:var(--awb-color1);--button_gradient_bottom_color:var(--awb-color1);--button_gradient_top_color_hover:hsla(var(--awb-color4-h),calc(var(--awb-color4-s) - 5%),calc(var(--awb-color4-l) - 10%),var(--awb-color4-a));--button_gradient_bottom_color_hover:hsla(var(--awb-color4-h),calc(var(--awb-color4-s) - 5%),calc(var(--awb-color4-l) - 10%),var(--awb-color4-a));--button_font_size:14px;--button_typography-font-family:&quot;Accurat regular&quot;;--button_typography-font-style:normal;--button_typography-font-weight:400;--button_margin-top:20px;\" target=\"_blank\" rel=\"noopener noreferrer\" href=\"https:\/\/book.bwhhotelgroup.com\/content\/ibe-86137\/en_US\/booking-path\/hotel-rooms.86137.html?_gl=1*1ti7up7*_ga*NzY0ODkzMzUyLjE3MDk1NTA4MzM.*_ga_F6RB0XS6WM*MTcxMDkzMzkzNi4yMy4xLjE3MTA5MzcyMjcuMTAuMC4w\"><span class=\"fusion-button-text awb-button__text awb-button__text--default\">VARAA HUONE<\/span><\/a><\/div><\/div><\/div><\/div><\/div><\/p>\n","protected":false},"excerpt":{"rendered":"","protected":false},"author":2,"featured_media":0,"parent":1321,"menu_order":0,"comment_status":"closed","ping_status":"closed","template":"100-width.php","meta":{"inline_featured_image":false,"footnotes":""},"class_list":["post-1329","page","type-page","status-publish","hentry"],"yoast_head":"<!-- This site is optimized with the Yoast SEO plugin v27.3 - https:\/\/yoast.com\/product\/yoast-seo-wordpress\/ -->\n<title>Double deluxe -huone - Nordic Hotel Forum<\/title>\n<meta name=\"robots\" content=\"index, follow, max-snippet:-1, max-image-preview:large, max-video-preview:-1\" \/>\n<link rel=\"canonical\" href=\"https:\/\/www.nordichotels.eu\/fi\/huoneet\/double-deluxe-huone\/\" \/>\n<meta property=\"og:locale\" content=\"fi_FI\" \/>\n<meta property=\"og:type\" content=\"article\" \/>\n<meta property=\"og:title\" content=\"Double deluxe -huone - Nordic Hotel Forum\" \/>\n<meta property=\"og:url\" content=\"https:\/\/www.nordichotels.eu\/fi\/huoneet\/double-deluxe-huone\/\" \/>\n<meta property=\"og:site_name\" content=\"Nordic Hotel Forum\" \/>\n<meta property=\"article:modified_time\" content=\"2025-10-22T08:08:00+00:00\" \/>\n<meta property=\"og:image\" content=\"https:\/\/www.nordichotels.eu\/wp-content\/uploads\/2024\/04\/Nordic-Hotel-Forum.jpg\" \/>\n\t<meta property=\"og:image:width\" content=\"1200\" \/>\n\t<meta property=\"og:image:height\" content=\"675\" \/>\n\t<meta property=\"og:image:type\" content=\"image\/jpeg\" \/>\n<meta name=\"twitter:card\" content=\"summary_large_image\" \/>\n<meta name=\"twitter:label1\" content=\"Arvioitu lukuaika\" \/>\n\t<meta name=\"twitter:data1\" content=\"2 minuuttia\" \/>\n<script type=\"application\/ld+json\" class=\"yoast-schema-graph\">{\"@context\":\"https:\\\/\\\/schema.org\",\"@graph\":[{\"@type\":\"WebPage\",\"@id\":\"https:\\\/\\\/www.nordichotels.eu\\\/fi\\\/huoneet\\\/double-deluxe-huone\\\/\",\"url\":\"https:\\\/\\\/www.nordichotels.eu\\\/fi\\\/huoneet\\\/double-deluxe-huone\\\/\",\"name\":\"Double deluxe -huone - Nordic Hotel Forum\",\"isPartOf\":{\"@id\":\"https:\\\/\\\/www.nordichotels.eu\\\/fi\\\/#website\"},\"datePublished\":\"2024-03-04T10:50:17+00:00\",\"dateModified\":\"2025-10-22T08:08:00+00:00\",\"breadcrumb\":{\"@id\":\"https:\\\/\\\/www.nordichotels.eu\\\/fi\\\/huoneet\\\/double-deluxe-huone\\\/#breadcrumb\"},\"inLanguage\":\"fi\",\"potentialAction\":[{\"@type\":\"ReadAction\",\"target\":[\"https:\\\/\\\/www.nordichotels.eu\\\/fi\\\/huoneet\\\/double-deluxe-huone\\\/\"]}]},{\"@type\":\"BreadcrumbList\",\"@id\":\"https:\\\/\\\/www.nordichotels.eu\\\/fi\\\/huoneet\\\/double-deluxe-huone\\\/#breadcrumb\",\"itemListElement\":[{\"@type\":\"ListItem\",\"position\":1,\"name\":\"Home\",\"item\":\"https:\\\/\\\/www.nordichotels.eu\\\/fi\\\/\"},{\"@type\":\"ListItem\",\"position\":2,\"name\":\"HUONEET\",\"item\":\"https:\\\/\\\/www.nordichotels.eu\\\/fi\\\/huoneet\\\/\"},{\"@type\":\"ListItem\",\"position\":3,\"name\":\"Double deluxe -huone\"}]},{\"@type\":\"WebSite\",\"@id\":\"https:\\\/\\\/www.nordichotels.eu\\\/fi\\\/#website\",\"url\":\"https:\\\/\\\/www.nordichotels.eu\\\/fi\\\/\",\"name\":\"Nordic Hotel Forum\",\"description\":\"Kaiken keskell\u00e4\",\"potentialAction\":[{\"@type\":\"SearchAction\",\"target\":{\"@type\":\"EntryPoint\",\"urlTemplate\":\"https:\\\/\\\/www.nordichotels.eu\\\/fi\\\/?s={search_term_string}\"},\"query-input\":{\"@type\":\"PropertyValueSpecification\",\"valueRequired\":true,\"valueName\":\"search_term_string\"}}],\"inLanguage\":\"fi\"}]}<\/script>\n<!-- \/ Yoast SEO plugin. -->","yoast_head_json":{"title":"Double deluxe -huone - Nordic Hotel Forum","robots":{"index":"index","follow":"follow","max-snippet":"max-snippet:-1","max-image-preview":"max-image-preview:large","max-video-preview":"max-video-preview:-1"},"canonical":"https:\/\/www.nordichotels.eu\/fi\/huoneet\/double-deluxe-huone\/","og_locale":"fi_FI","og_type":"article","og_title":"Double deluxe -huone - Nordic Hotel Forum","og_url":"https:\/\/www.nordichotels.eu\/fi\/huoneet\/double-deluxe-huone\/","og_site_name":"Nordic Hotel Forum","article_modified_time":"2025-10-22T08:08:00+00:00","og_image":[{"width":1200,"height":675,"url":"https:\/\/www.nordichotels.eu\/wp-content\/uploads\/2024\/04\/Nordic-Hotel-Forum.jpg","type":"image\/jpeg"}],"twitter_card":"summary_large_image","twitter_misc":{"Arvioitu lukuaika":"2 minuuttia"},"schema":{"@context":"https:\/\/schema.org","@graph":[{"@type":"WebPage","@id":"https:\/\/www.nordichotels.eu\/fi\/huoneet\/double-deluxe-huone\/","url":"https:\/\/www.nordichotels.eu\/fi\/huoneet\/double-deluxe-huone\/","name":"Double deluxe -huone - Nordic Hotel Forum","isPartOf":{"@id":"https:\/\/www.nordichotels.eu\/fi\/#website"},"datePublished":"2024-03-04T10:50:17+00:00","dateModified":"2025-10-22T08:08:00+00:00","breadcrumb":{"@id":"https:\/\/www.nordichotels.eu\/fi\/huoneet\/double-deluxe-huone\/#breadcrumb"},"inLanguage":"fi","potentialAction":[{"@type":"ReadAction","target":["https:\/\/www.nordichotels.eu\/fi\/huoneet\/double-deluxe-huone\/"]}]},{"@type":"BreadcrumbList","@id":"https:\/\/www.nordichotels.eu\/fi\/huoneet\/double-deluxe-huone\/#breadcrumb","itemListElement":[{"@type":"ListItem","position":1,"name":"Home","item":"https:\/\/www.nordichotels.eu\/fi\/"},{"@type":"ListItem","position":2,"name":"HUONEET","item":"https:\/\/www.nordichotels.eu\/fi\/huoneet\/"},{"@type":"ListItem","position":3,"name":"Double deluxe -huone"}]},{"@type":"WebSite","@id":"https:\/\/www.nordichotels.eu\/fi\/#website","url":"https:\/\/www.nordichotels.eu\/fi\/","name":"Nordic Hotel Forum","description":"Kaiken keskell\u00e4","potentialAction":[{"@type":"SearchAction","target":{"@type":"EntryPoint","urlTemplate":"https:\/\/www.nordichotels.eu\/fi\/?s={search_term_string}"},"query-input":{"@type":"PropertyValueSpecification","valueRequired":true,"valueName":"search_term_string"}}],"inLanguage":"fi"}]}},"_links":{"self":[{"href":"https:\/\/www.nordichotels.eu\/fi\/wp-json\/wp\/v2\/pages\/1329","targetHints":{"allow":["GET"]}}],"collection":[{"href":"https:\/\/www.nordichotels.eu\/fi\/wp-json\/wp\/v2\/pages"}],"about":[{"href":"https:\/\/www.nordichotels.eu\/fi\/wp-json\/wp\/v2\/types\/page"}],"author":[{"embeddable":true,"href":"https:\/\/www.nordichotels.eu\/fi\/wp-json\/wp\/v2\/users\/2"}],"replies":[{"embeddable":true,"href":"https:\/\/www.nordichotels.eu\/fi\/wp-json\/wp\/v2\/comments?post=1329"}],"version-history":[{"count":8,"href":"https:\/\/www.nordichotels.eu\/fi\/wp-json\/wp\/v2\/pages\/1329\/revisions"}],"predecessor-version":[{"id":5269,"href":"https:\/\/www.nordichotels.eu\/fi\/wp-json\/wp\/v2\/pages\/1329\/revisions\/5269"}],"up":[{"embeddable":true,"href":"https:\/\/www.nordichotels.eu\/fi\/wp-json\/wp\/v2\/pages\/1321"}],"wp:attachment":[{"href":"https:\/\/www.nordichotels.eu\/fi\/wp-json\/wp\/v2\/media?parent=1329"}],"curies":[{"name":"wp","href":"https:\/\/api.w.org\/{rel}","templated":true}]}}