{"id":1289,"date":"2024-03-05T08:53:10","date_gmt":"2024-03-05T08:53:10","guid":{"rendered":"https:\/\/www.nordichotels.eu\/kokoukset-ja-tapahtumat\/capella\/"},"modified":"2024-03-20T09:24:33","modified_gmt":"2024-03-20T09:24:33","slug":"capella","status":"publish","type":"page","link":"https:\/\/www.nordichotels.eu\/fi\/kokoukset-ja-tapahtumat\/capella\/","title":{"rendered":"Capella"},"content":{"rendered":"<p><div class=\"fusion-fullwidth fullwidth-box fusion-builder-row-1 fusion-flex-container has-pattern-background has-mask-background nonhundred-percent-fullwidth non-hundred-percent-height-scrolling\" style=\"--awb-border-radius-top-left:0px;--awb-border-radius-top-right:0px;--awb-border-radius-bottom-right:0px;--awb-border-radius-bottom-left:0px;--awb-padding-top:0px;--awb-padding-bottom:0px;--awb-margin-top:0px;--awb-margin-bottom:0px;--awb-flex-wrap:wrap;\" ><div class=\"fusion-builder-row fusion-row fusion-flex-align-items-flex-start fusion-flex-content-wrap\" style=\"max-width:104%;margin-left: calc(-4% \/ 2 );margin-right: calc(-4% \/ 2 );\"><div class=\"fusion-layout-column fusion_builder_column fusion-builder-column-0 fusion_builder_column_1_1 1_1 fusion-flex-column\" style=\"--awb-bg-size:cover;--awb-width-large:100%;--awb-margin-top-large:0px;--awb-spacing-right-large:1.92%;--awb-margin-bottom-large:20px;--awb-spacing-left-large:1.92%;--awb-width-medium:100%;--awb-order-medium:0;--awb-spacing-right-medium:1.92%;--awb-spacing-left-medium:1.92%;--awb-width-small:100%;--awb-order-small:0;--awb-spacing-right-small:1.92%;--awb-spacing-left-small:1.92%;\"><div class=\"fusion-column-wrapper fusion-column-has-shadow fusion-flex-justify-content-flex-start fusion-content-layout-column\"><div class=\"fusion-image-element \" style=\"--awb-caption-title-font-family:var(--h2_typography-font-family);--awb-caption-title-font-weight:var(--h2_typography-font-weight);--awb-caption-title-font-style:var(--h2_typography-font-style);--awb-caption-title-size:var(--h2_typography-font-size);--awb-caption-title-transform:var(--h2_typography-text-transform);--awb-caption-title-line-height:var(--h2_typography-line-height);--awb-caption-title-letter-spacing:var(--h2_typography-letter-spacing);\"><span class=\" fusion-imageframe imageframe-none imageframe-1 hover-type-none\"><img decoding=\"async\" width=\"1920\" height=\"396\" src=\"https:\/\/www.nordichotels.eu\/wp-content\/uploads\/2024\/02\/toad.jpg\" alt class=\"img-responsive wp-image-870\" srcset=\"https:\/\/www.nordichotels.eu\/wp-content\/uploads\/2024\/02\/toad-200x41.jpg 200w, https:\/\/www.nordichotels.eu\/wp-content\/uploads\/2024\/02\/toad-400x83.jpg 400w, https:\/\/www.nordichotels.eu\/wp-content\/uploads\/2024\/02\/toad-600x124.jpg 600w, https:\/\/www.nordichotels.eu\/wp-content\/uploads\/2024\/02\/toad-800x165.jpg 800w, https:\/\/www.nordichotels.eu\/wp-content\/uploads\/2024\/02\/toad-1200x248.jpg 1200w, https:\/\/www.nordichotels.eu\/wp-content\/uploads\/2024\/02\/toad.jpg 1920w\" sizes=\"(max-width: 640px) 100vw, 1920px\" \/><\/span><\/div><\/div><\/div><\/div><\/div><div class=\"fusion-fullwidth fullwidth-box fusion-builder-row-2 fusion-flex-container has-pattern-background has-mask-background nonhundred-percent-fullwidth non-hundred-percent-height-scrolling\" style=\"--awb-border-radius-top-left:0px;--awb-border-radius-top-right:0px;--awb-border-radius-bottom-right:0px;--awb-border-radius-bottom-left:0px;--awb-margin-top:20px;--awb-flex-wrap:wrap;\" ><div class=\"fusion-builder-row fusion-row fusion-flex-align-items-stretch fusion-flex-content-wrap\" style=\"max-width:104%;margin-left: calc(-4% \/ 2 );margin-right: calc(-4% \/ 2 );\"><div class=\"fusion-layout-column fusion_builder_column fusion-builder-column-1 fusion_builder_column_3_5 3_5 fusion-flex-column\" style=\"--awb-bg-color:var(--awb-color1);--awb-bg-color-hover:var(--awb-color1);--awb-bg-size:cover;--awb-width-large:60%;--awb-margin-top-large:0px;--awb-spacing-right-large:3.2%;--awb-margin-bottom-large:20px;--awb-spacing-left-large:3.2%;--awb-width-medium:60%;--awb-order-medium:0;--awb-spacing-right-medium:3.2%;--awb-spacing-left-medium:3.2%;--awb-width-small:100%;--awb-order-small:0;--awb-spacing-right-small:1.92%;--awb-spacing-left-small:1.92%;\" data-scroll-devices=\"small-visibility,medium-visibility,large-visibility\"><div class=\"fusion-column-wrapper fusion-column-has-shadow fusion-flex-justify-content-flex-start fusion-content-layout-column\"><div class=\"fusion-slider-sc\"><div class=\"fusion-flexslider-loading flexslider flexslider-hover-type-none\" data-slideshow_autoplay=\"1\" data-slideshow_smooth_height=\"0\" data-slideshow_speed=\"7000\" style=\"max-width:100%;height:100%;\"><ul class=\"slides\"><li class=\"image\"><a class=\"lightbox-enabled fusion-lightbox\" data-rel=\"iLightbox[slider_carousel_1]\" title=\"Nordic Hotel Forum: Konverentsiruum Capella\" data-title=\"Nordic Hotel Forum: Konverentsiruum Capella\" aria-label=\"Nordic Hotel Forum: Konverentsiruum Capella\" href=\"https:\/\/www.nordichotels.eu\/wp-content\/uploads\/2024\/03\/Capella-U-kuju-1-min.jpg\" target=\"_self\"><span class=\"fusion-image-hover-element hover-type-none\"><img decoding=\"async\" src=\"https:\/\/www.nordichotels.eu\/wp-content\/uploads\/2024\/03\/Capella-U-kuju-1-min.jpg\" width=\"2000\" height=\"1333\" class=\"wp-image-478\" srcset=\"https:\/\/www.nordichotels.eu\/wp-content\/uploads\/2024\/03\/Capella-U-kuju-1-min-200x133.jpg 200w, https:\/\/www.nordichotels.eu\/wp-content\/uploads\/2024\/03\/Capella-U-kuju-1-min-400x267.jpg 400w, https:\/\/www.nordichotels.eu\/wp-content\/uploads\/2024\/03\/Capella-U-kuju-1-min-600x400.jpg 600w, https:\/\/www.nordichotels.eu\/wp-content\/uploads\/2024\/03\/Capella-U-kuju-1-min-800x533.jpg 800w, https:\/\/www.nordichotels.eu\/wp-content\/uploads\/2024\/03\/Capella-U-kuju-1-min-1200x800.jpg 1200w, https:\/\/www.nordichotels.eu\/wp-content\/uploads\/2024\/03\/Capella-U-kuju-1-min.jpg 2000w\" sizes=\"(max-width: 640px) 100vw, 1200px\" \/><\/span><\/a><\/li><li class=\"image\"><a class=\"lightbox-enabled fusion-lightbox\" data-rel=\"iLightbox[slider_carousel_1]\" title=\"Nordic Hotel Forum: Konverentsiruum Capella\" data-title=\"Nordic Hotel Forum: Konverentsiruum Capella\" aria-label=\"Nordic Hotel Forum: Konverentsiruum Capella\" href=\"https:\/\/www.nordichotels.eu\/wp-content\/uploads\/2024\/03\/CAPELLA-klassiruum-tugidega-min.jpg\" target=\"_self\"><span class=\"fusion-image-hover-element hover-type-none\"><img decoding=\"async\" src=\"https:\/\/www.nordichotels.eu\/wp-content\/uploads\/2024\/03\/CAPELLA-klassiruum-tugidega-min.jpg\" width=\"2000\" height=\"1333\" class=\"wp-image-477\" srcset=\"https:\/\/www.nordichotels.eu\/wp-content\/uploads\/2024\/03\/CAPELLA-klassiruum-tugidega-min-200x133.jpg 200w, https:\/\/www.nordichotels.eu\/wp-content\/uploads\/2024\/03\/CAPELLA-klassiruum-tugidega-min-400x267.jpg 400w, https:\/\/www.nordichotels.eu\/wp-content\/uploads\/2024\/03\/CAPELLA-klassiruum-tugidega-min-600x400.jpg 600w, https:\/\/www.nordichotels.eu\/wp-content\/uploads\/2024\/03\/CAPELLA-klassiruum-tugidega-min-800x533.jpg 800w, https:\/\/www.nordichotels.eu\/wp-content\/uploads\/2024\/03\/CAPELLA-klassiruum-tugidega-min-1200x800.jpg 1200w, https:\/\/www.nordichotels.eu\/wp-content\/uploads\/2024\/03\/CAPELLA-klassiruum-tugidega-min.jpg 2000w\" sizes=\"(max-width: 640px) 100vw, 1200px\" \/><\/span><\/a><\/li><li class=\"image\"><a class=\"lightbox-enabled fusion-lightbox\" data-rel=\"iLightbox[slider_carousel_1]\" title=\"Nordic Hotel Forum: Konverentsiruum Capella\" data-title=\"Nordic Hotel Forum: Konverentsiruum Capella\" aria-label=\"Nordic Hotel Forum: Konverentsiruum Capella\" href=\"https:\/\/www.nordichotels.eu\/wp-content\/uploads\/2024\/03\/CAPELLA-bankett-tugidega-min.jpg\" target=\"_self\"><span class=\"fusion-image-hover-element hover-type-none\"><img decoding=\"async\" src=\"https:\/\/www.nordichotels.eu\/wp-content\/uploads\/2024\/03\/CAPELLA-bankett-tugidega-min.jpg\" width=\"2000\" height=\"1333\" class=\"wp-image-476\" srcset=\"https:\/\/www.nordichotels.eu\/wp-content\/uploads\/2024\/03\/CAPELLA-bankett-tugidega-min-200x133.jpg 200w, https:\/\/www.nordichotels.eu\/wp-content\/uploads\/2024\/03\/CAPELLA-bankett-tugidega-min-400x267.jpg 400w, https:\/\/www.nordichotels.eu\/wp-content\/uploads\/2024\/03\/CAPELLA-bankett-tugidega-min-600x400.jpg 600w, https:\/\/www.nordichotels.eu\/wp-content\/uploads\/2024\/03\/CAPELLA-bankett-tugidega-min-800x533.jpg 800w, https:\/\/www.nordichotels.eu\/wp-content\/uploads\/2024\/03\/CAPELLA-bankett-tugidega-min-1200x800.jpg 1200w, https:\/\/www.nordichotels.eu\/wp-content\/uploads\/2024\/03\/CAPELLA-bankett-tugidega-min.jpg 2000w\" sizes=\"(max-width: 640px) 100vw, 1200px\" \/><\/span><\/a><\/li><\/ul><\/div><\/div><\/div><\/div><div class=\"fusion-layout-column fusion_builder_column fusion-builder-column-2 fusion_builder_column_2_5 2_5 fusion-flex-column\" style=\"--awb-bg-color:var(--awb-color1);--awb-bg-color-hover:var(--awb-color1);--awb-bg-size:cover;--awb-width-large:40%;--awb-margin-top-large:0px;--awb-spacing-right-large:4.8%;--awb-margin-bottom-large:20px;--awb-spacing-left-large:4.8%;--awb-width-medium:40%;--awb-order-medium:0;--awb-spacing-right-medium:4.8%;--awb-spacing-left-medium:4.8%;--awb-width-small:100%;--awb-order-small:0;--awb-spacing-right-small:1.92%;--awb-spacing-left-small:1.92%;\" data-scroll-devices=\"small-visibility,medium-visibility,large-visibility\"><div class=\"fusion-column-wrapper fusion-column-has-shadow fusion-flex-justify-content-flex-start fusion-content-layout-column\"><div class=\"fusion-text fusion-text-1 nhf-rooms-navigation\"><ul class=\"nhf-rooms-navigation\">\n<li><a href=\"https:\/\/www.nordichotels.eu\/fi\/kokoukset-ja-tapahtumat\/sirius\/\">SIRIUS<\/a><\/li>\n<li><a href=\"https:\/\/www.nordichotels.eu\/fi\/kokoukset-ja-tapahtumat\/capella\/\">CAPELLA\u00a0<\/a><\/li>\n<li><a href=\"https:\/\/www.nordichotels.eu\/fi\/kokoukset-ja-tapahtumat\/arcturus\/\">ARCTURUS<\/a><\/li>\n<li><a href=\"https:\/\/www.nordichotels.eu\/fi\/kokoukset-ja-tapahtumat\/vega\/\">VEGA<\/a><\/li>\n<li><a href=\"https:\/\/www.nordichotels.eu\/fi\/kokoukset-ja-tapahtumat\/altair\/\">ALTAIR<\/a><\/li>\n<li><a href=\"https:\/\/www.nordichotels.eu\/fi\/kokoukset-ja-tapahtumat\/wolf\/\">WOLF<\/a><\/li>\n<li><a href=\"https:\/\/www.nordichotels.eu\/fi\/kokoukset-ja-tapahtumat\/miitsar\/\">MIITSAR<\/a><\/li>\n<\/ul>\n<\/div>\n<div class=\"fusion-title title fusion-title-1 fusion-sep-none fusion-title-text fusion-title-size-one\" style=\"--awb-margin-top:0px;--awb-margin-bottom:0px;--awb-margin-top-small:10px;--awb-margin-right-small:0px;--awb-margin-bottom-small:10px;--awb-margin-left-small:0px;--awb-font-size:26px;\"><h1 class=\"fusion-title-heading title-heading-left fusion-responsive-typography-calculated\" style=\"font-family:&quot;Accurat regular&quot;;font-style:normal;font-weight:400;margin:0;font-size:1em;--fontSize:26;line-height:1.3;\">Capella<\/h1><\/div><div class=\"fusion-separator\" style=\"align-self: flex-start;margin-right:auto;margin-top:15px;margin-bottom:40px;width:100%;max-width:50px;\"><div class=\"fusion-separator-border sep-single sep-solid\" style=\"--awb-height:20px;--awb-amount:20px;--awb-sep-color:var(--awb-color4);border-color:var(--awb-color4);border-top-width:2px;\"><\/div><\/div><div class=\"fusion-text fusion-text-2\"><p>Avara ja suurten ikkunapintojen ansiosta valoisa sali soveltuu mainiosti yritysten ja yhteis\u00f6jen kokous- tai neuvottelutilaksi sek\u00e4 j\u00e4sentilaisuuksien pitopaikaksi.<\/p>\n<p>Salin k\u00e4ytt\u00f6hintaan sis\u00e4ltyy:<\/p>\n<ul>\n<li>langaton sek\u00e4 Ethernet-kaapeloitu internet-yhteys<\/li>\n<li>valkokangas<\/li>\n<li>data-\/videoprojektori<\/li>\n<li>\u00e4\u00e4nentoistoj\u00e4rjestelm\u00e4 langattomine mikrofoneineen<\/li>\n<li>fl\u00e4ppitaulu ja kirjoitusv\u00e4lineet<\/li>\n<li>muistiinpanov\u00e4lineet osallistujille<\/li>\n<\/ul>\n<p>Tilan suuruus: 131 m\u00b2<\/p>\n<p>Salin henkil\u00f6m\u00e4\u00e4r\u00e4 kalustuksen mukaan mitoitettuna:<\/p>\n<ul>\n<li>cocktail-tilaisuus 150 henkil\u00f6\u00e4<\/li>\n<li>teatteri 120 henkil\u00f6\u00e4<\/li>\n<li>luokkahuone 70 henkil\u00f6\u00e4<\/li>\n<li>p\u00f6yt\u00e4seurueillallinen 64 henkil\u00f6\u00e4<\/li>\n<li>O-neuvottelup\u00f6yt\u00e4 44 henkil\u00f6\u00e4<\/li>\n<li>U-neuvottelup\u00f6yt\u00e4 36 henkil\u00f6\u00e4<\/li>\n<\/ul>\n<\/div><div ><a class=\"fusion-button button-flat fusion-button-default-size button-custom fusion-button-default button-1 fusion-button-default-span fusion-button-default-type\" style=\"--button_accent_color:var(--awb-color7);--button_border_color:var(--awb-color4);--button_accent_hover_color:var(--awb-color6);--button_border_hover_color:var(--awb-color1);--button_border_width-top:2px;--button_border_width-right:2px;--button_border_width-bottom:2px;--button_border_width-left:2px;--button-border-radius-top-left:35px;--button-border-radius-top-right:35px;--button-border-radius-bottom-right:35px;--button-border-radius-bottom-left:35px;--button_gradient_top_color:var(--awb-color1);--button_gradient_bottom_color:var(--awb-color1);--button_gradient_top_color_hover:hsla(var(--awb-color4-h),calc(var(--awb-color4-s) - 5%),calc(var(--awb-color4-l) - 10%),var(--awb-color4-a));--button_gradient_bottom_color_hover:hsla(var(--awb-color4-h),calc(var(--awb-color4-s) - 5%),calc(var(--awb-color4-l) - 10%),var(--awb-color4-a));--button_font_size:14px;--button_typography-font-family:&quot;Accurat regular&quot;;--button_typography-font-style:normal;--button_typography-font-weight:400;--button_margin-top:20px;\" target=\"_self\" href=\"https:\/\/www.nordichotels.eu\/fi\/laheta-varaus\/\"><span class=\"fusion-button-text awb-button__text awb-button__text--default\">L\u00c4HET\u00c4 TARJOUSPYYNT\u00d6<\/span><\/a><\/div><\/div><\/div><\/div><\/div><\/p>\n","protected":false},"excerpt":{"rendered":"","protected":false},"author":2,"featured_media":0,"parent":1249,"menu_order":0,"comment_status":"closed","ping_status":"closed","template":"100-width.php","meta":{"inline_featured_image":false,"footnotes":""},"class_list":["post-1289","page","type-page","status-publish","hentry"],"yoast_head":"<!-- This site is optimized with the Yoast SEO plugin v27.3 - https:\/\/yoast.com\/product\/yoast-seo-wordpress\/ -->\n<title>Capella - Nordic Hotel Forum<\/title>\n<meta name=\"robots\" content=\"index, follow, max-snippet:-1, max-image-preview:large, max-video-preview:-1\" \/>\n<link rel=\"canonical\" href=\"https:\/\/www.nordichotels.eu\/fi\/kokoukset-ja-tapahtumat\/capella\/\" \/>\n<meta property=\"og:locale\" content=\"fi_FI\" \/>\n<meta property=\"og:type\" content=\"article\" \/>\n<meta property=\"og:title\" content=\"Capella - Nordic Hotel Forum\" \/>\n<meta property=\"og:url\" content=\"https:\/\/www.nordichotels.eu\/fi\/kokoukset-ja-tapahtumat\/capella\/\" \/>\n<meta property=\"og:site_name\" content=\"Nordic Hotel Forum\" \/>\n<meta property=\"article:modified_time\" content=\"2024-03-20T09:24:33+00:00\" \/>\n<meta property=\"og:image\" content=\"https:\/\/www.nordichotels.eu\/wp-content\/uploads\/2024\/04\/Nordic-Hotel-Forum.jpg\" \/>\n\t<meta property=\"og:image:width\" content=\"1200\" \/>\n\t<meta property=\"og:image:height\" content=\"675\" \/>\n\t<meta property=\"og:image:type\" content=\"image\/jpeg\" \/>\n<meta name=\"twitter:card\" content=\"summary_large_image\" \/>\n<meta name=\"twitter:label1\" content=\"Arvioitu lukuaika\" \/>\n\t<meta name=\"twitter:data1\" content=\"16 minuuttia\" \/>\n<script type=\"application\/ld+json\" class=\"yoast-schema-graph\">{\"@context\":\"https:\\\/\\\/schema.org\",\"@graph\":[{\"@type\":\"WebPage\",\"@id\":\"https:\\\/\\\/www.nordichotels.eu\\\/fi\\\/kokoukset-ja-tapahtumat\\\/capella\\\/\",\"url\":\"https:\\\/\\\/www.nordichotels.eu\\\/fi\\\/kokoukset-ja-tapahtumat\\\/capella\\\/\",\"name\":\"Capella - Nordic Hotel Forum\",\"isPartOf\":{\"@id\":\"https:\\\/\\\/www.nordichotels.eu\\\/fi\\\/#website\"},\"datePublished\":\"2024-03-05T08:53:10+00:00\",\"dateModified\":\"2024-03-20T09:24:33+00:00\",\"breadcrumb\":{\"@id\":\"https:\\\/\\\/www.nordichotels.eu\\\/fi\\\/kokoukset-ja-tapahtumat\\\/capella\\\/#breadcrumb\"},\"inLanguage\":\"fi\",\"potentialAction\":[{\"@type\":\"ReadAction\",\"target\":[\"https:\\\/\\\/www.nordichotels.eu\\\/fi\\\/kokoukset-ja-tapahtumat\\\/capella\\\/\"]}]},{\"@type\":\"BreadcrumbList\",\"@id\":\"https:\\\/\\\/www.nordichotels.eu\\\/fi\\\/kokoukset-ja-tapahtumat\\\/capella\\\/#breadcrumb\",\"itemListElement\":[{\"@type\":\"ListItem\",\"position\":1,\"name\":\"Home\",\"item\":\"https:\\\/\\\/www.nordichotels.eu\\\/fi\\\/\"},{\"@type\":\"ListItem\",\"position\":2,\"name\":\"KONFERENSSI\",\"item\":\"https:\\\/\\\/www.nordichotels.eu\\\/fi\\\/konverents\\\/\"},{\"@type\":\"ListItem\",\"position\":3,\"name\":\"Capella\"}]},{\"@type\":\"WebSite\",\"@id\":\"https:\\\/\\\/www.nordichotels.eu\\\/fi\\\/#website\",\"url\":\"https:\\\/\\\/www.nordichotels.eu\\\/fi\\\/\",\"name\":\"Nordic Hotel Forum\",\"description\":\"Kaiken keskell\u00e4\",\"potentialAction\":[{\"@type\":\"SearchAction\",\"target\":{\"@type\":\"EntryPoint\",\"urlTemplate\":\"https:\\\/\\\/www.nordichotels.eu\\\/fi\\\/?s={search_term_string}\"},\"query-input\":{\"@type\":\"PropertyValueSpecification\",\"valueRequired\":true,\"valueName\":\"search_term_string\"}}],\"inLanguage\":\"fi\"}]}<\/script>\n<!-- \/ Yoast SEO plugin. -->","yoast_head_json":{"title":"Capella - Nordic Hotel Forum","robots":{"index":"index","follow":"follow","max-snippet":"max-snippet:-1","max-image-preview":"max-image-preview:large","max-video-preview":"max-video-preview:-1"},"canonical":"https:\/\/www.nordichotels.eu\/fi\/kokoukset-ja-tapahtumat\/capella\/","og_locale":"fi_FI","og_type":"article","og_title":"Capella - Nordic Hotel Forum","og_url":"https:\/\/www.nordichotels.eu\/fi\/kokoukset-ja-tapahtumat\/capella\/","og_site_name":"Nordic Hotel Forum","article_modified_time":"2024-03-20T09:24:33+00:00","og_image":[{"width":1200,"height":675,"url":"https:\/\/www.nordichotels.eu\/wp-content\/uploads\/2024\/04\/Nordic-Hotel-Forum.jpg","type":"image\/jpeg"}],"twitter_card":"summary_large_image","twitter_misc":{"Arvioitu lukuaika":"16 minuuttia"},"schema":{"@context":"https:\/\/schema.org","@graph":[{"@type":"WebPage","@id":"https:\/\/www.nordichotels.eu\/fi\/kokoukset-ja-tapahtumat\/capella\/","url":"https:\/\/www.nordichotels.eu\/fi\/kokoukset-ja-tapahtumat\/capella\/","name":"Capella - Nordic Hotel Forum","isPartOf":{"@id":"https:\/\/www.nordichotels.eu\/fi\/#website"},"datePublished":"2024-03-05T08:53:10+00:00","dateModified":"2024-03-20T09:24:33+00:00","breadcrumb":{"@id":"https:\/\/www.nordichotels.eu\/fi\/kokoukset-ja-tapahtumat\/capella\/#breadcrumb"},"inLanguage":"fi","potentialAction":[{"@type":"ReadAction","target":["https:\/\/www.nordichotels.eu\/fi\/kokoukset-ja-tapahtumat\/capella\/"]}]},{"@type":"BreadcrumbList","@id":"https:\/\/www.nordichotels.eu\/fi\/kokoukset-ja-tapahtumat\/capella\/#breadcrumb","itemListElement":[{"@type":"ListItem","position":1,"name":"Home","item":"https:\/\/www.nordichotels.eu\/fi\/"},{"@type":"ListItem","position":2,"name":"KONFERENSSI","item":"https:\/\/www.nordichotels.eu\/fi\/konverents\/"},{"@type":"ListItem","position":3,"name":"Capella"}]},{"@type":"WebSite","@id":"https:\/\/www.nordichotels.eu\/fi\/#website","url":"https:\/\/www.nordichotels.eu\/fi\/","name":"Nordic Hotel Forum","description":"Kaiken keskell\u00e4","potentialAction":[{"@type":"SearchAction","target":{"@type":"EntryPoint","urlTemplate":"https:\/\/www.nordichotels.eu\/fi\/?s={search_term_string}"},"query-input":{"@type":"PropertyValueSpecification","valueRequired":true,"valueName":"search_term_string"}}],"inLanguage":"fi"}]}},"_links":{"self":[{"href":"https:\/\/www.nordichotels.eu\/fi\/wp-json\/wp\/v2\/pages\/1289","targetHints":{"allow":["GET"]}}],"collection":[{"href":"https:\/\/www.nordichotels.eu\/fi\/wp-json\/wp\/v2\/pages"}],"about":[{"href":"https:\/\/www.nordichotels.eu\/fi\/wp-json\/wp\/v2\/types\/page"}],"author":[{"embeddable":true,"href":"https:\/\/www.nordichotels.eu\/fi\/wp-json\/wp\/v2\/users\/2"}],"replies":[{"embeddable":true,"href":"https:\/\/www.nordichotels.eu\/fi\/wp-json\/wp\/v2\/comments?post=1289"}],"version-history":[{"count":2,"href":"https:\/\/www.nordichotels.eu\/fi\/wp-json\/wp\/v2\/pages\/1289\/revisions"}],"predecessor-version":[{"id":1316,"href":"https:\/\/www.nordichotels.eu\/fi\/wp-json\/wp\/v2\/pages\/1289\/revisions\/1316"}],"up":[{"embeddable":true,"href":"https:\/\/www.nordichotels.eu\/fi\/wp-json\/wp\/v2\/pages\/1249"}],"wp:attachment":[{"href":"https:\/\/www.nordichotels.eu\/fi\/wp-json\/wp\/v2\/media?parent=1289"}],"curies":[{"name":"wp","href":"https:\/\/api.w.org\/{rel}","templated":true}]}}