{"id":1168,"date":"2024-03-05T13:30:04","date_gmt":"2024-03-05T11:30:04","guid":{"rendered":"https:\/\/www.nordichotels.eu\/teenused\/saunad-bassein\/"},"modified":"2026-04-09T14:44:47","modified_gmt":"2026-04-09T11:44:47","slug":"saunat-ja-uima-allas","status":"publish","type":"page","link":"https:\/\/www.nordichotels.eu\/fi\/palvelut\/saunat-ja-uima-allas\/","title":{"rendered":"Saunat ja uima-allas"},"content":{"rendered":"<p><div class=\"fusion-fullwidth fullwidth-box fusion-builder-row-1 fusion-flex-container has-pattern-background has-mask-background nonhundred-percent-fullwidth non-hundred-percent-height-scrolling\" style=\"--awb-border-radius-top-left:0px;--awb-border-radius-top-right:0px;--awb-border-radius-bottom-right:0px;--awb-border-radius-bottom-left:0px;--awb-padding-top:0px;--awb-padding-bottom:0px;--awb-margin-top:0px;--awb-margin-bottom:0px;--awb-flex-wrap:wrap;\" ><div class=\"fusion-builder-row fusion-row fusion-flex-align-items-flex-start fusion-flex-content-wrap\" style=\"max-width:104%;margin-left: calc(-4% \/ 2 );margin-right: calc(-4% \/ 2 );\"><div class=\"fusion-layout-column fusion_builder_column fusion-builder-column-0 fusion_builder_column_1_1 1_1 fusion-flex-column\" style=\"--awb-bg-size:cover;--awb-width-large:100%;--awb-margin-top-large:0px;--awb-spacing-right-large:1.92%;--awb-margin-bottom-large:20px;--awb-spacing-left-large:1.92%;--awb-width-medium:100%;--awb-order-medium:0;--awb-spacing-right-medium:1.92%;--awb-spacing-left-medium:1.92%;--awb-width-small:100%;--awb-order-small:0;--awb-spacing-right-small:1.92%;--awb-spacing-left-small:1.92%;\"><div class=\"fusion-column-wrapper fusion-column-has-shadow fusion-flex-justify-content-flex-start fusion-content-layout-column\"><div class=\"fusion-image-element \" style=\"--awb-caption-title-font-family:var(--h2_typography-font-family);--awb-caption-title-font-weight:var(--h2_typography-font-weight);--awb-caption-title-font-style:var(--h2_typography-font-style);--awb-caption-title-size:var(--h2_typography-font-size);--awb-caption-title-transform:var(--h2_typography-text-transform);--awb-caption-title-line-height:var(--h2_typography-line-height);--awb-caption-title-letter-spacing:var(--h2_typography-letter-spacing);\"><span class=\" fusion-imageframe imageframe-none imageframe-1 hover-type-none\"><img decoding=\"async\" width=\"1920\" height=\"396\" src=\"https:\/\/www.nordichotels.eu\/wp-content\/uploads\/2024\/02\/toad.jpg\" alt class=\"img-responsive wp-image-870\" srcset=\"https:\/\/www.nordichotels.eu\/wp-content\/uploads\/2024\/02\/toad-200x41.jpg 200w, https:\/\/www.nordichotels.eu\/wp-content\/uploads\/2024\/02\/toad-400x83.jpg 400w, https:\/\/www.nordichotels.eu\/wp-content\/uploads\/2024\/02\/toad-600x124.jpg 600w, https:\/\/www.nordichotels.eu\/wp-content\/uploads\/2024\/02\/toad-800x165.jpg 800w, https:\/\/www.nordichotels.eu\/wp-content\/uploads\/2024\/02\/toad-1200x248.jpg 1200w, https:\/\/www.nordichotels.eu\/wp-content\/uploads\/2024\/02\/toad.jpg 1920w\" sizes=\"(max-width: 640px) 100vw, 1920px\" \/><\/span><\/div><\/div><\/div><\/div><\/div><div class=\"fusion-fullwidth fullwidth-box fusion-builder-row-2 fusion-flex-container has-pattern-background has-mask-background nonhundred-percent-fullwidth non-hundred-percent-height-scrolling\" style=\"--awb-border-radius-top-left:0px;--awb-border-radius-top-right:0px;--awb-border-radius-bottom-right:0px;--awb-border-radius-bottom-left:0px;--awb-flex-wrap:wrap;\" ><div class=\"fusion-builder-row fusion-row fusion-flex-align-items-stretch fusion-flex-content-wrap\" style=\"max-width:104%;margin-left: calc(-4% \/ 2 );margin-right: calc(-4% \/ 2 );\"><div class=\"fusion-layout-column fusion_builder_column fusion-builder-column-1 fusion_builder_column_3_5 3_5 fusion-flex-column\" style=\"--awb-padding-top:20px;--awb-padding-right:20px;--awb-padding-bottom:20px;--awb-padding-left:20px;--awb-bg-color:var(--awb-color1);--awb-bg-color-hover:var(--awb-color1);--awb-bg-size:cover;--awb-width-large:60%;--awb-margin-top-large:0px;--awb-spacing-right-large:3.2%;--awb-margin-bottom-large:20px;--awb-spacing-left-large:3.2%;--awb-width-medium:60%;--awb-order-medium:0;--awb-spacing-right-medium:3.2%;--awb-spacing-left-medium:3.2%;--awb-width-small:100%;--awb-order-small:0;--awb-spacing-right-small:1.92%;--awb-spacing-left-small:1.92%;\" data-scroll-devices=\"small-visibility,medium-visibility,large-visibility\"><div class=\"fusion-column-wrapper fusion-column-has-shadow fusion-flex-justify-content-flex-start fusion-content-layout-column\"><div class=\"fusion-title title fusion-title-1 fusion-sep-none fusion-title-text fusion-title-size-one\" style=\"--awb-margin-top:0px;--awb-margin-bottom:0px;--awb-margin-top-small:10px;--awb-margin-right-small:0px;--awb-margin-bottom-small:10px;--awb-margin-left-small:0px;--awb-font-size:26px;\"><h1 class=\"fusion-title-heading title-heading-left fusion-responsive-typography-calculated\" style=\"font-family:&quot;Accurat regular&quot;;font-style:normal;font-weight:400;margin:0;font-size:1em;--fontSize:26;line-height:1.3;\">Rentoutumiskeskus<\/h1><\/div><div class=\"fusion-separator\" style=\"align-self: flex-start;margin-right:auto;margin-top:15px;margin-bottom:40px;width:100%;max-width:50px;\"><div class=\"fusion-separator-border sep-single sep-solid\" style=\"--awb-height:20px;--awb-amount:20px;--awb-sep-color:var(--awb-color4);border-color:var(--awb-color4);border-top-width:2px;\"><\/div><\/div><div class=\"fusion-text fusion-text-1\"><p>Ei vain kuvitelmaa vaan t\u00e4ytt\u00e4 todellisuutta: Mahdollisuus nauttia kattojen yli Unescon maailmanperint\u00f6kohteisiin kuuluvaan Tallinnan Vanhaankaupunkiin avautuvasta kuvankauniista n\u00e4k\u00f6alasta samalla, kun ty\u00f6viikon, konferenssin tai vilkkaan ostosp\u00e4iv\u00e4n rasittama keho rentoutuu saunan l\u00f6ylyjen tai porealtaan l\u00e4mp\u00f6isen veden helliv\u00e4ss\u00e4 hyv\u00e4ilyss\u00e4.<\/p>\n<p>Juuri sellainen on Nordic Hotel Forumin rentoutumiskeskus \u2013 harmoninen tila, joka eroaa suurista sis\u00e4vesipuistoista ja meluisista uimahalleista satumaisen tunnelmansa ansiosta. Olemme luoneet sen virkist\u00e4\u00e4ksemme vieraittemme kehoja ja mieli\u00e4. Hotellin ylimm\u00e4ss\u00e4 kerroksessa voi arkip\u00e4iv\u00e4st\u00e4 erkaantua yhdell\u00e4 \u201dvarjoisaan mets\u00e4j\u00e4rveen\u201d teht\u00e4v\u00e4ll\u00e4 pulahduksella. Asiakkaiden k\u00e4yt\u00f6ss\u00e4 on sis\u00e4uima-allas, poreallas, h\u00f6yrysauna, perinteinen suomalainen sauna sek\u00e4 kuntosali. Lis\u00e4maksusta on mahdollista vuokrata kylpytakit ja tossut, ostaa uima-asuja, hius- ja vartalonhoitokosmetiikkaa.<\/p>\n<p>Rentoutumiskeskuksen aulakahviossa on myynniss\u00e4 vain alkoholittomia virvokkeita, eik\u00e4 alkoholijuomien nauttiminen allasosastolla tai saunoissa ole sallittua. Kiit\u00e4mme ymm\u00e4rt\u00e4myksest\u00e4 ja toivotamme virkist\u00e4vi\u00e4 rentoutumisen hetki\u00e4.<\/p>\n<h3><strong>AVOINNA:<\/strong><\/h3>\n<ul>\n<li>Rentoutumiskeskus on avoinna klo 7.00\u201322.00.<\/li>\n<li>Saunat ovat avoinna ja l\u00e4mmitettyin\u00e4 Ma\u2013Pe klo 7.00\u201312.00 ja 17.00-22.00. La-Su 7.00-22.00<\/li>\n<li>Kuntosali on avoinna 24h.<\/li>\n<li>Huomioithan, ett\u00e4 rentoutumiskeskukseen p\u00e4\u00e4see sis\u00e4\u00e4n viimeist\u00e4\u00e4n 30 minuuttia ennen sulkemista.<\/li>\n<li><strong><span style=\"color: #ff6600;\">NB!<\/span><\/strong> Rentoutumiskeskus on <span class=\"a_GcMg font-feature-liga-off font-feature-clig-off font-feature-calt-off text-decoration-none text-strikethrough-none\">varattu <\/span>yksityistilaisuutta varten torstaina, 16.4 klo 18.30\u201322.00<\/li>\n<\/ul>\n<p><!---\n \t\n\n\n\n<li><span data-mce-type=\"bookmark\" style=\"display: inline-block; width: 0px; overflow: hidden; line-height: 0;\" class=\"mce_SELRES_start\"><\/span>saunat ovat l\u00e4mpimin\u00e4 ma-pe klo 7.00-12.00 ja 17.00-22.00. La-su saunat ovat l\u00e4mpimin\u00e4 klo 7.00-22.00.<\/li>\n\n\n\n\n--><\/p>\n<p><strong>Hotellivieraille majoituksen hintaan sis\u00e4ltyy k\u00e4ynti rentoutumiskeskuksessa ja saunassa.<\/strong><\/p>\n<p>Ilman majoitusta oleville vieraille kertak\u00e4yntilippu maksaa 20 \u20ac. 7-12-vuotiaat lapset maksavat 13 \u20ac, 0-6-vuotiaat lapset uivat ilmaiseksi.<\/p>\n<p>Olemme laatineet s\u00e4\u00e4nn\u00f6t, joiden avulla voidaan varmistaa kaikkien vieraiden hyvinvointi ja ymp\u00e4rist\u00f6n turvallisuus. Tutustu s\u00e4\u00e4nt\u00f6ihin <a href=\"https:\/\/www.nordichotels.eu\/wp-content\/uploads\/2025\/01\/Loogastuskeskuse-sisekorraeeskirjad-FI-20012025.pdf\" target=\"_blank\" rel=\"noopener\">t\u00e4\u00e4ll\u00e4<\/a> ennen rentoutuskeskuksen vierailua.<\/p>\n<p><strong>Lis\u00e4tietoja saat soittamalla hotellihuoneesta vastaanottoon pikavalintanumerolla 3900 (<a href=\"tel:+3726222900\">+ 372 622 2900<\/a>).<\/strong><\/p>\n<\/div><\/div><\/div><div class=\"fusion-layout-column fusion_builder_column fusion-builder-column-2 fusion_builder_column_2_5 2_5 fusion-flex-column\" style=\"--awb-padding-top:20px;--awb-padding-right:20px;--awb-padding-bottom:20px;--awb-padding-left:20px;--awb-bg-color:var(--awb-color1);--awb-bg-color-hover:var(--awb-color1);--awb-bg-size:cover;--awb-width-large:40%;--awb-margin-top-large:0px;--awb-spacing-right-large:4.8%;--awb-margin-bottom-large:20px;--awb-spacing-left-large:4.8%;--awb-width-medium:40%;--awb-order-medium:0;--awb-spacing-right-medium:4.8%;--awb-spacing-left-medium:4.8%;--awb-width-small:100%;--awb-order-small:0;--awb-spacing-right-small:1.92%;--awb-spacing-left-small:1.92%;\" data-scroll-devices=\"small-visibility,medium-visibility,large-visibility\"><div class=\"fusion-column-wrapper fusion-column-has-shadow fusion-flex-justify-content-flex-start fusion-content-layout-column\"><div class=\"fusion-image-element \" style=\"--awb-caption-title-font-family:var(--h2_typography-font-family);--awb-caption-title-font-weight:var(--h2_typography-font-weight);--awb-caption-title-font-style:var(--h2_typography-font-style);--awb-caption-title-size:var(--h2_typography-font-size);--awb-caption-title-transform:var(--h2_typography-text-transform);--awb-caption-title-line-height:var(--h2_typography-line-height);--awb-caption-title-letter-spacing:var(--h2_typography-letter-spacing);\"><span class=\" fusion-imageframe imageframe-none imageframe-2 hover-type-none\"><img decoding=\"async\" width=\"800\" height=\"355\" src=\"https:\/\/www.nordichotels.eu\/wp-content\/uploads\/2024\/03\/saunad-bassein.jpg\" alt class=\"img-responsive wp-image-1020\" srcset=\"https:\/\/www.nordichotels.eu\/wp-content\/uploads\/2024\/03\/saunad-bassein-200x89.jpg 200w, https:\/\/www.nordichotels.eu\/wp-content\/uploads\/2024\/03\/saunad-bassein-400x178.jpg 400w, https:\/\/www.nordichotels.eu\/wp-content\/uploads\/2024\/03\/saunad-bassein-600x266.jpg 600w, https:\/\/www.nordichotels.eu\/wp-content\/uploads\/2024\/03\/saunad-bassein.jpg 800w\" sizes=\"(max-width: 640px) 100vw, 800px\" \/><\/span><\/div><\/div><\/div><\/div><\/div><\/p>\n","protected":false},"excerpt":{"rendered":"","protected":false},"author":2,"featured_media":0,"parent":1148,"menu_order":0,"comment_status":"closed","ping_status":"closed","template":"100-width.php","meta":{"inline_featured_image":false,"footnotes":""},"class_list":["post-1168","page","type-page","status-publish","hentry"],"yoast_head":"<!-- This site is optimized with the Yoast SEO plugin v27.3 - https:\/\/yoast.com\/product\/yoast-seo-wordpress\/ -->\n<title>Saunat ja uima-allas - Nordic Hotel Forum<\/title>\n<meta name=\"description\" content=\"Nordic Hotel Forumin rentoutumiskeskus \u2013 harmoninen tila, joka eroaa suurista sis\u00e4vesipuistoista satumaisen tunnelmansa ansiosta.\" \/>\n<meta name=\"robots\" content=\"index, follow, max-snippet:-1, max-image-preview:large, max-video-preview:-1\" \/>\n<link rel=\"canonical\" href=\"https:\/\/www.nordichotels.eu\/fi\/palvelut\/saunat-ja-uima-allas\/\" \/>\n<meta property=\"og:locale\" content=\"fi_FI\" \/>\n<meta property=\"og:type\" content=\"article\" \/>\n<meta property=\"og:title\" content=\"Saunat ja uima-allas - Nordic Hotel Forum\" \/>\n<meta property=\"og:description\" content=\"Nordic Hotel Forumin rentoutumiskeskus \u2013 harmoninen tila, joka eroaa suurista sis\u00e4vesipuistoista satumaisen tunnelmansa ansiosta.\" \/>\n<meta property=\"og:url\" content=\"https:\/\/www.nordichotels.eu\/fi\/palvelut\/saunat-ja-uima-allas\/\" \/>\n<meta property=\"og:site_name\" content=\"Nordic Hotel Forum\" \/>\n<meta property=\"article:modified_time\" content=\"2026-04-09T11:44:47+00:00\" \/>\n<meta property=\"og:image\" content=\"https:\/\/www.nordichotels.eu\/wp-content\/uploads\/2024\/04\/Nordic-Hotel-Forum.jpg\" \/>\n\t<meta property=\"og:image:width\" content=\"1200\" \/>\n\t<meta property=\"og:image:height\" content=\"675\" \/>\n\t<meta property=\"og:image:type\" content=\"image\/jpeg\" \/>\n<meta name=\"twitter:card\" content=\"summary_large_image\" \/>\n<meta name=\"twitter:label1\" content=\"Arvioitu lukuaika\" \/>\n\t<meta name=\"twitter:data1\" content=\"2 minuuttia\" \/>\n<script type=\"application\/ld+json\" class=\"yoast-schema-graph\">{\"@context\":\"https:\\\/\\\/schema.org\",\"@graph\":[{\"@type\":\"WebPage\",\"@id\":\"https:\\\/\\\/www.nordichotels.eu\\\/fi\\\/palvelut\\\/saunat-ja-uima-allas\\\/\",\"url\":\"https:\\\/\\\/www.nordichotels.eu\\\/fi\\\/palvelut\\\/saunat-ja-uima-allas\\\/\",\"name\":\"Saunat ja uima-allas - Nordic Hotel Forum\",\"isPartOf\":{\"@id\":\"https:\\\/\\\/www.nordichotels.eu\\\/fi\\\/#website\"},\"datePublished\":\"2024-03-05T11:30:04+00:00\",\"dateModified\":\"2026-04-09T11:44:47+00:00\",\"description\":\"Nordic Hotel Forumin rentoutumiskeskus \u2013 harmoninen tila, joka eroaa suurista sis\u00e4vesipuistoista satumaisen tunnelmansa ansiosta.\",\"breadcrumb\":{\"@id\":\"https:\\\/\\\/www.nordichotels.eu\\\/fi\\\/palvelut\\\/saunat-ja-uima-allas\\\/#breadcrumb\"},\"inLanguage\":\"fi\",\"potentialAction\":[{\"@type\":\"ReadAction\",\"target\":[\"https:\\\/\\\/www.nordichotels.eu\\\/fi\\\/palvelut\\\/saunat-ja-uima-allas\\\/\"]}]},{\"@type\":\"BreadcrumbList\",\"@id\":\"https:\\\/\\\/www.nordichotels.eu\\\/fi\\\/palvelut\\\/saunat-ja-uima-allas\\\/#breadcrumb\",\"itemListElement\":[{\"@type\":\"ListItem\",\"position\":1,\"name\":\"Home\",\"item\":\"https:\\\/\\\/www.nordichotels.eu\\\/fi\\\/\"},{\"@type\":\"ListItem\",\"position\":2,\"name\":\"PALVELUT\",\"item\":\"https:\\\/\\\/www.nordichotels.eu\\\/fi\\\/palvelut\\\/\"},{\"@type\":\"ListItem\",\"position\":3,\"name\":\"Saunat ja uima-allas\"}]},{\"@type\":\"WebSite\",\"@id\":\"https:\\\/\\\/www.nordichotels.eu\\\/fi\\\/#website\",\"url\":\"https:\\\/\\\/www.nordichotels.eu\\\/fi\\\/\",\"name\":\"Nordic Hotel Forum\",\"description\":\"Kaiken keskell\u00e4\",\"potentialAction\":[{\"@type\":\"SearchAction\",\"target\":{\"@type\":\"EntryPoint\",\"urlTemplate\":\"https:\\\/\\\/www.nordichotels.eu\\\/fi\\\/?s={search_term_string}\"},\"query-input\":{\"@type\":\"PropertyValueSpecification\",\"valueRequired\":true,\"valueName\":\"search_term_string\"}}],\"inLanguage\":\"fi\"}]}<\/script>\n<!-- \/ Yoast SEO plugin. -->","yoast_head_json":{"title":"Saunat ja uima-allas - Nordic Hotel Forum","description":"Nordic Hotel Forumin rentoutumiskeskus \u2013 harmoninen tila, joka eroaa suurista sis\u00e4vesipuistoista satumaisen tunnelmansa ansiosta.","robots":{"index":"index","follow":"follow","max-snippet":"max-snippet:-1","max-image-preview":"max-image-preview:large","max-video-preview":"max-video-preview:-1"},"canonical":"https:\/\/www.nordichotels.eu\/fi\/palvelut\/saunat-ja-uima-allas\/","og_locale":"fi_FI","og_type":"article","og_title":"Saunat ja uima-allas - Nordic Hotel Forum","og_description":"Nordic Hotel Forumin rentoutumiskeskus \u2013 harmoninen tila, joka eroaa suurista sis\u00e4vesipuistoista satumaisen tunnelmansa ansiosta.","og_url":"https:\/\/www.nordichotels.eu\/fi\/palvelut\/saunat-ja-uima-allas\/","og_site_name":"Nordic Hotel Forum","article_modified_time":"2026-04-09T11:44:47+00:00","og_image":[{"width":1200,"height":675,"url":"https:\/\/www.nordichotels.eu\/wp-content\/uploads\/2024\/04\/Nordic-Hotel-Forum.jpg","type":"image\/jpeg"}],"twitter_card":"summary_large_image","twitter_misc":{"Arvioitu lukuaika":"2 minuuttia"},"schema":{"@context":"https:\/\/schema.org","@graph":[{"@type":"WebPage","@id":"https:\/\/www.nordichotels.eu\/fi\/palvelut\/saunat-ja-uima-allas\/","url":"https:\/\/www.nordichotels.eu\/fi\/palvelut\/saunat-ja-uima-allas\/","name":"Saunat ja uima-allas - Nordic Hotel Forum","isPartOf":{"@id":"https:\/\/www.nordichotels.eu\/fi\/#website"},"datePublished":"2024-03-05T11:30:04+00:00","dateModified":"2026-04-09T11:44:47+00:00","description":"Nordic Hotel Forumin rentoutumiskeskus \u2013 harmoninen tila, joka eroaa suurista sis\u00e4vesipuistoista satumaisen tunnelmansa ansiosta.","breadcrumb":{"@id":"https:\/\/www.nordichotels.eu\/fi\/palvelut\/saunat-ja-uima-allas\/#breadcrumb"},"inLanguage":"fi","potentialAction":[{"@type":"ReadAction","target":["https:\/\/www.nordichotels.eu\/fi\/palvelut\/saunat-ja-uima-allas\/"]}]},{"@type":"BreadcrumbList","@id":"https:\/\/www.nordichotels.eu\/fi\/palvelut\/saunat-ja-uima-allas\/#breadcrumb","itemListElement":[{"@type":"ListItem","position":1,"name":"Home","item":"https:\/\/www.nordichotels.eu\/fi\/"},{"@type":"ListItem","position":2,"name":"PALVELUT","item":"https:\/\/www.nordichotels.eu\/fi\/palvelut\/"},{"@type":"ListItem","position":3,"name":"Saunat ja uima-allas"}]},{"@type":"WebSite","@id":"https:\/\/www.nordichotels.eu\/fi\/#website","url":"https:\/\/www.nordichotels.eu\/fi\/","name":"Nordic Hotel Forum","description":"Kaiken keskell\u00e4","potentialAction":[{"@type":"SearchAction","target":{"@type":"EntryPoint","urlTemplate":"https:\/\/www.nordichotels.eu\/fi\/?s={search_term_string}"},"query-input":{"@type":"PropertyValueSpecification","valueRequired":true,"valueName":"search_term_string"}}],"inLanguage":"fi"}]}},"_links":{"self":[{"href":"https:\/\/www.nordichotels.eu\/fi\/wp-json\/wp\/v2\/pages\/1168","targetHints":{"allow":["GET"]}}],"collection":[{"href":"https:\/\/www.nordichotels.eu\/fi\/wp-json\/wp\/v2\/pages"}],"about":[{"href":"https:\/\/www.nordichotels.eu\/fi\/wp-json\/wp\/v2\/types\/page"}],"author":[{"embeddable":true,"href":"https:\/\/www.nordichotels.eu\/fi\/wp-json\/wp\/v2\/users\/2"}],"replies":[{"embeddable":true,"href":"https:\/\/www.nordichotels.eu\/fi\/wp-json\/wp\/v2\/comments?post=1168"}],"version-history":[{"count":48,"href":"https:\/\/www.nordichotels.eu\/fi\/wp-json\/wp\/v2\/pages\/1168\/revisions"}],"predecessor-version":[{"id":6169,"href":"https:\/\/www.nordichotels.eu\/fi\/wp-json\/wp\/v2\/pages\/1168\/revisions\/6169"}],"up":[{"embeddable":true,"href":"https:\/\/www.nordichotels.eu\/fi\/wp-json\/wp\/v2\/pages\/1148"}],"wp:attachment":[{"href":"https:\/\/www.nordichotels.eu\/fi\/wp-json\/wp\/v2\/media?parent=1168"}],"curies":[{"name":"wp","href":"https:\/\/api.w.org\/{rel}","templated":true}]}}