{"id":1152,"date":"2024-03-05T13:35:27","date_gmt":"2024-03-05T11:35:27","guid":{"rendered":"https:\/\/www.nordichotels.eu\/teenused\/hommikusook\/"},"modified":"2026-01-05T09:45:36","modified_gmt":"2026-01-05T07:45:36","slug":"aamiainen","status":"publish","type":"page","link":"https:\/\/www.nordichotels.eu\/fi\/palvelut\/aamiainen\/","title":{"rendered":"Aamiainen"},"content":{"rendered":"<p><div class=\"fusion-fullwidth fullwidth-box fusion-builder-row-1 fusion-flex-container has-pattern-background has-mask-background nonhundred-percent-fullwidth non-hundred-percent-height-scrolling\" style=\"--awb-border-radius-top-left:0px;--awb-border-radius-top-right:0px;--awb-border-radius-bottom-right:0px;--awb-border-radius-bottom-left:0px;--awb-padding-top:0px;--awb-padding-bottom:0px;--awb-margin-top:0px;--awb-margin-bottom:0px;--awb-flex-wrap:wrap;\" ><div class=\"fusion-builder-row fusion-row fusion-flex-align-items-flex-start fusion-flex-content-wrap\" style=\"max-width:104%;margin-left: calc(-4% \/ 2 );margin-right: calc(-4% \/ 2 );\"><div class=\"fusion-layout-column fusion_builder_column fusion-builder-column-0 fusion_builder_column_1_1 1_1 fusion-flex-column\" style=\"--awb-bg-size:cover;--awb-width-large:100%;--awb-margin-top-large:0px;--awb-spacing-right-large:1.92%;--awb-margin-bottom-large:20px;--awb-spacing-left-large:1.92%;--awb-width-medium:100%;--awb-order-medium:0;--awb-spacing-right-medium:1.92%;--awb-spacing-left-medium:1.92%;--awb-width-small:100%;--awb-order-small:0;--awb-spacing-right-small:1.92%;--awb-spacing-left-small:1.92%;\"><div class=\"fusion-column-wrapper fusion-column-has-shadow fusion-flex-justify-content-flex-start fusion-content-layout-column\"><div class=\"fusion-image-element \" style=\"--awb-caption-title-font-family:var(--h2_typography-font-family);--awb-caption-title-font-weight:var(--h2_typography-font-weight);--awb-caption-title-font-style:var(--h2_typography-font-style);--awb-caption-title-size:var(--h2_typography-font-size);--awb-caption-title-transform:var(--h2_typography-text-transform);--awb-caption-title-line-height:var(--h2_typography-line-height);--awb-caption-title-letter-spacing:var(--h2_typography-letter-spacing);\"><span class=\" fusion-imageframe imageframe-none imageframe-1 hover-type-none\"><img decoding=\"async\" width=\"1920\" height=\"396\" src=\"https:\/\/www.nordichotels.eu\/wp-content\/uploads\/2024\/02\/toad.jpg\" alt class=\"img-responsive wp-image-870\" srcset=\"https:\/\/www.nordichotels.eu\/wp-content\/uploads\/2024\/02\/toad-200x41.jpg 200w, https:\/\/www.nordichotels.eu\/wp-content\/uploads\/2024\/02\/toad-400x83.jpg 400w, https:\/\/www.nordichotels.eu\/wp-content\/uploads\/2024\/02\/toad-600x124.jpg 600w, https:\/\/www.nordichotels.eu\/wp-content\/uploads\/2024\/02\/toad-800x165.jpg 800w, https:\/\/www.nordichotels.eu\/wp-content\/uploads\/2024\/02\/toad-1200x248.jpg 1200w, https:\/\/www.nordichotels.eu\/wp-content\/uploads\/2024\/02\/toad.jpg 1920w\" sizes=\"(max-width: 640px) 100vw, 1920px\" \/><\/span><\/div><\/div><\/div><\/div><\/div><div class=\"fusion-fullwidth fullwidth-box fusion-builder-row-2 fusion-flex-container has-pattern-background has-mask-background nonhundred-percent-fullwidth non-hundred-percent-height-scrolling\" style=\"--awb-border-radius-top-left:0px;--awb-border-radius-top-right:0px;--awb-border-radius-bottom-right:0px;--awb-border-radius-bottom-left:0px;--awb-flex-wrap:wrap;\" ><div class=\"fusion-builder-row fusion-row fusion-flex-align-items-stretch fusion-flex-content-wrap\" style=\"max-width:104%;margin-left: calc(-4% \/ 2 );margin-right: calc(-4% \/ 2 );\"><div class=\"fusion-layout-column fusion_builder_column fusion-builder-column-1 fusion_builder_column_3_5 3_5 fusion-flex-column\" style=\"--awb-padding-top:20px;--awb-padding-right:20px;--awb-padding-bottom:20px;--awb-padding-left:20px;--awb-bg-color:var(--awb-color1);--awb-bg-color-hover:var(--awb-color1);--awb-bg-size:cover;--awb-width-large:60%;--awb-margin-top-large:0px;--awb-spacing-right-large:3.2%;--awb-margin-bottom-large:20px;--awb-spacing-left-large:3.2%;--awb-width-medium:60%;--awb-order-medium:0;--awb-spacing-right-medium:3.2%;--awb-spacing-left-medium:3.2%;--awb-width-small:100%;--awb-order-small:0;--awb-spacing-right-small:1.92%;--awb-spacing-left-small:1.92%;\" data-scroll-devices=\"small-visibility,medium-visibility,large-visibility\"><div class=\"fusion-column-wrapper fusion-column-has-shadow fusion-flex-justify-content-flex-start fusion-content-layout-column\"><div class=\"fusion-title title fusion-title-1 fusion-sep-none fusion-title-text fusion-title-size-one\" style=\"--awb-margin-top:0px;--awb-margin-bottom:0px;--awb-margin-top-small:10px;--awb-margin-right-small:0px;--awb-margin-bottom-small:10px;--awb-margin-left-small:0px;--awb-font-size:26px;\"><h1 class=\"fusion-title-heading title-heading-left fusion-responsive-typography-calculated\" style=\"font-family:&quot;Accurat regular&quot;;font-style:normal;font-weight:400;margin:0;font-size:1em;--fontSize:26;line-height:1.3;\">Aamiainen<\/h1><\/div><div class=\"fusion-separator\" style=\"align-self: flex-start;margin-right:auto;margin-top:15px;margin-bottom:40px;width:100%;max-width:50px;\"><div class=\"fusion-separator-border sep-single sep-solid\" style=\"--awb-height:20px;--awb-amount:20px;--awb-sep-color:var(--awb-color4);border-color:var(--awb-color4);border-top-width:2px;\"><\/div><\/div><div class=\"fusion-text fusion-text-1\"><p>Aamiainen Tallinnan keskustassa. Jotta p\u00e4iv\u00e4 alkaisi hyvin, tarjoamme <a href=\"https:\/\/www.nordichotels.eu\/wp-content\/uploads\/2025\/08\/Nomel-aamupala.pdf\" target=\"_blank\" rel=\"noopener\"><strong>runsaan aamiaisen<\/strong><\/a>, joka sis\u00e4lt\u00e4\u00e4 tuoreita salaatteja, lihaa, kalaa ja muita suosikkituotteita.<\/p>\n<p>Hotellin 1. kerroksessa sijaitseva <a href=\"https:\/\/www.nordichotels.eu\/fi\/ravintolat\/ravintola-nomel\/\">ravintola Nomel<\/a> kattaa esille joka aamu monipuolisen, maistuvan ja y\u00f6pyjilt\u00e4mme runsasta kiitosta saaneen buffet-aamiaisen. Sen valikoimaan kuuluu sek\u00e4 kylmi\u00e4 ett\u00e4 l\u00e4mpimi\u00e4 ruokalajeja, joiden kohdalla olemme huomioineet my\u00f6s laktoosi- ja gluteiinivapaata ruokavaliota noudattavien tarpeita. Aamiaisalueella kannattaa suunnata munatiskille, jossa keitti\u00f6mestari valmistaa vapaiden kanojen munista toivomasi ruoan.<\/p>\n<p>Aamiaista voi lis\u00e4maksusta t\u00e4ydent\u00e4\u00e4 erikoiskahvien, kuohuviinin tai paikan p\u00e4\u00e4ll\u00e4 puristettavien tuoremehujen valikoimalla. Tutustu aamiaismenyyymme <strong><span style=\"color: #0000ff;\"><a style=\"color: #0000ff;\" href=\"https:\/\/www.nordichotels.eu\/wp-content\/uploads\/2025\/08\/Nomel-aamupala.pdf\">t\u00e4\u00e4ll\u00e4<\/a><\/span><\/strong>!<\/p>\n<h5><strong>Aamiainen on katettu:<\/strong><\/h5>\n<ul>\n<li><strong>Ma &#8211; Pe klo 7.00 \u2013 10.00<\/strong><\/li>\n<li><strong>\u00a0<\/strong><strong>La \u2013 Su klo 7.00 \u2013 11.00<\/strong><\/li>\n<\/ul>\n<h5><strong>Aikainen aamiainen<\/strong><\/h5>\n<p>Aamuvirkuille tarjoillaan varhainen aamiainen <strong>p\u00e4ivitt\u00e4in kello 4.00-7.00<\/strong> alakerran Nomel-ravintolassa.<br \/>\nVarhaisella aamiaisella valikoima on tavallista aamiaisruokalistaa pienempi. Aamupalavalikoimaan kuuluu herkullisia tuoreita leivonnaisia, croissantteja, paahtoleip\u00e4\u00e4, juusto- ja kinkkuviipaleita, keitettyj\u00e4 kananmunia, jogurttia ja tuoreita hedelmi\u00e4.<br \/>\nAloita p\u00e4iv\u00e4si jo ennen auringonnousua aikaisella aamupalalla!<\/p>\n<\/div><\/div><\/div><div class=\"fusion-layout-column fusion_builder_column fusion-builder-column-2 fusion_builder_column_2_5 2_5 fusion-flex-column\" style=\"--awb-padding-top:20px;--awb-padding-right:20px;--awb-padding-bottom:20px;--awb-padding-left:20px;--awb-bg-color:var(--awb-color1);--awb-bg-color-hover:var(--awb-color1);--awb-bg-size:cover;--awb-width-large:40%;--awb-margin-top-large:0px;--awb-spacing-right-large:4.8%;--awb-margin-bottom-large:20px;--awb-spacing-left-large:4.8%;--awb-width-medium:40%;--awb-order-medium:0;--awb-spacing-right-medium:4.8%;--awb-spacing-left-medium:4.8%;--awb-width-small:100%;--awb-order-small:0;--awb-spacing-right-small:1.92%;--awb-spacing-left-small:1.92%;\" data-scroll-devices=\"small-visibility,medium-visibility,large-visibility\"><div class=\"fusion-column-wrapper fusion-column-has-shadow fusion-flex-justify-content-flex-start fusion-content-layout-column\"><div class=\"fusion-image-element \" style=\"--awb-caption-title-font-family:var(--h2_typography-font-family);--awb-caption-title-font-weight:var(--h2_typography-font-weight);--awb-caption-title-font-style:var(--h2_typography-font-style);--awb-caption-title-size:var(--h2_typography-font-size);--awb-caption-title-transform:var(--h2_typography-text-transform);--awb-caption-title-line-height:var(--h2_typography-line-height);--awb-caption-title-letter-spacing:var(--h2_typography-letter-spacing);\"><span class=\" fusion-imageframe imageframe-none imageframe-2 hover-type-none\"><img decoding=\"async\" width=\"800\" height=\"355\" src=\"https:\/\/www.nordichotels.eu\/wp-content\/uploads\/2024\/03\/hommikusook.jpg\" alt class=\"img-responsive wp-image-1022\" srcset=\"https:\/\/www.nordichotels.eu\/wp-content\/uploads\/2024\/03\/hommikusook-200x89.jpg 200w, https:\/\/www.nordichotels.eu\/wp-content\/uploads\/2024\/03\/hommikusook-400x178.jpg 400w, https:\/\/www.nordichotels.eu\/wp-content\/uploads\/2024\/03\/hommikusook-600x266.jpg 600w, https:\/\/www.nordichotels.eu\/wp-content\/uploads\/2024\/03\/hommikusook.jpg 800w\" sizes=\"(max-width: 640px) 100vw, 800px\" \/><\/span><\/div><\/div><\/div><\/div><\/div><\/p>\n","protected":false},"excerpt":{"rendered":"","protected":false},"author":2,"featured_media":0,"parent":1148,"menu_order":0,"comment_status":"closed","ping_status":"closed","template":"100-width.php","meta":{"inline_featured_image":false,"footnotes":""},"class_list":["post-1152","page","type-page","status-publish","hentry"],"yoast_head":"<!-- This site is optimized with the Yoast SEO plugin v27.3 - https:\/\/yoast.com\/product\/yoast-seo-wordpress\/ -->\n<title>Aamiainen Tallinnan keskustassa - Nordic Hotel Forum<\/title>\n<meta name=\"description\" content=\"Aamiainen Tallinnan keskustassa. Valikoimassa on vaihtoehtoja vegaaneille, kalaa ja lihaa. Lasten suosikit puuroa ja pannukakkuja.\" \/>\n<meta name=\"robots\" content=\"index, follow, max-snippet:-1, max-image-preview:large, max-video-preview:-1\" \/>\n<link rel=\"canonical\" href=\"https:\/\/www.nordichotels.eu\/fi\/palvelut\/aamiainen\/\" \/>\n<meta property=\"og:locale\" content=\"fi_FI\" \/>\n<meta property=\"og:type\" content=\"article\" \/>\n<meta property=\"og:title\" content=\"Aamiainen Tallinnan keskustassa - Nordic Hotel Forum\" \/>\n<meta property=\"og:description\" content=\"Aamiainen Tallinnan keskustassa. Valikoimassa on vaihtoehtoja vegaaneille, kalaa ja lihaa. Lasten suosikit puuroa ja pannukakkuja.\" \/>\n<meta property=\"og:url\" content=\"https:\/\/www.nordichotels.eu\/fi\/palvelut\/aamiainen\/\" \/>\n<meta property=\"og:site_name\" content=\"Nordic Hotel Forum\" \/>\n<meta property=\"article:modified_time\" content=\"2026-01-05T07:45:36+00:00\" \/>\n<meta property=\"og:image\" content=\"https:\/\/www.nordichotels.eu\/wp-content\/uploads\/2024\/04\/Nordic-Hotel-Forum.jpg\" \/>\n\t<meta property=\"og:image:width\" content=\"1200\" \/>\n\t<meta property=\"og:image:height\" content=\"675\" \/>\n\t<meta property=\"og:image:type\" content=\"image\/jpeg\" \/>\n<meta name=\"twitter:card\" content=\"summary_large_image\" \/>\n<meta name=\"twitter:label1\" content=\"Arvioitu lukuaika\" \/>\n\t<meta name=\"twitter:data1\" content=\"2 minuuttia\" \/>\n<script type=\"application\/ld+json\" class=\"yoast-schema-graph\">{\"@context\":\"https:\\\/\\\/schema.org\",\"@graph\":[{\"@type\":\"WebPage\",\"@id\":\"https:\\\/\\\/www.nordichotels.eu\\\/fi\\\/palvelut\\\/aamiainen\\\/\",\"url\":\"https:\\\/\\\/www.nordichotels.eu\\\/fi\\\/palvelut\\\/aamiainen\\\/\",\"name\":\"Aamiainen Tallinnan keskustassa - Nordic Hotel Forum\",\"isPartOf\":{\"@id\":\"https:\\\/\\\/www.nordichotels.eu\\\/fi\\\/#website\"},\"datePublished\":\"2024-03-05T11:35:27+00:00\",\"dateModified\":\"2026-01-05T07:45:36+00:00\",\"description\":\"Aamiainen Tallinnan keskustassa. Valikoimassa on vaihtoehtoja vegaaneille, kalaa ja lihaa. Lasten suosikit puuroa ja pannukakkuja.\",\"breadcrumb\":{\"@id\":\"https:\\\/\\\/www.nordichotels.eu\\\/fi\\\/palvelut\\\/aamiainen\\\/#breadcrumb\"},\"inLanguage\":\"fi\",\"potentialAction\":[{\"@type\":\"ReadAction\",\"target\":[\"https:\\\/\\\/www.nordichotels.eu\\\/fi\\\/palvelut\\\/aamiainen\\\/\"]}]},{\"@type\":\"BreadcrumbList\",\"@id\":\"https:\\\/\\\/www.nordichotels.eu\\\/fi\\\/palvelut\\\/aamiainen\\\/#breadcrumb\",\"itemListElement\":[{\"@type\":\"ListItem\",\"position\":1,\"name\":\"Home\",\"item\":\"https:\\\/\\\/www.nordichotels.eu\\\/fi\\\/\"},{\"@type\":\"ListItem\",\"position\":2,\"name\":\"PALVELUT\",\"item\":\"https:\\\/\\\/www.nordichotels.eu\\\/fi\\\/palvelut\\\/\"},{\"@type\":\"ListItem\",\"position\":3,\"name\":\"Aamiainen\"}]},{\"@type\":\"WebSite\",\"@id\":\"https:\\\/\\\/www.nordichotels.eu\\\/fi\\\/#website\",\"url\":\"https:\\\/\\\/www.nordichotels.eu\\\/fi\\\/\",\"name\":\"Nordic Hotel Forum\",\"description\":\"Kaiken keskell\u00e4\",\"potentialAction\":[{\"@type\":\"SearchAction\",\"target\":{\"@type\":\"EntryPoint\",\"urlTemplate\":\"https:\\\/\\\/www.nordichotels.eu\\\/fi\\\/?s={search_term_string}\"},\"query-input\":{\"@type\":\"PropertyValueSpecification\",\"valueRequired\":true,\"valueName\":\"search_term_string\"}}],\"inLanguage\":\"fi\"}]}<\/script>\n<!-- \/ Yoast SEO plugin. -->","yoast_head_json":{"title":"Aamiainen Tallinnan keskustassa - Nordic Hotel Forum","description":"Aamiainen Tallinnan keskustassa. Valikoimassa on vaihtoehtoja vegaaneille, kalaa ja lihaa. Lasten suosikit puuroa ja pannukakkuja.","robots":{"index":"index","follow":"follow","max-snippet":"max-snippet:-1","max-image-preview":"max-image-preview:large","max-video-preview":"max-video-preview:-1"},"canonical":"https:\/\/www.nordichotels.eu\/fi\/palvelut\/aamiainen\/","og_locale":"fi_FI","og_type":"article","og_title":"Aamiainen Tallinnan keskustassa - Nordic Hotel Forum","og_description":"Aamiainen Tallinnan keskustassa. Valikoimassa on vaihtoehtoja vegaaneille, kalaa ja lihaa. Lasten suosikit puuroa ja pannukakkuja.","og_url":"https:\/\/www.nordichotels.eu\/fi\/palvelut\/aamiainen\/","og_site_name":"Nordic Hotel Forum","article_modified_time":"2026-01-05T07:45:36+00:00","og_image":[{"width":1200,"height":675,"url":"https:\/\/www.nordichotels.eu\/wp-content\/uploads\/2024\/04\/Nordic-Hotel-Forum.jpg","type":"image\/jpeg"}],"twitter_card":"summary_large_image","twitter_misc":{"Arvioitu lukuaika":"2 minuuttia"},"schema":{"@context":"https:\/\/schema.org","@graph":[{"@type":"WebPage","@id":"https:\/\/www.nordichotels.eu\/fi\/palvelut\/aamiainen\/","url":"https:\/\/www.nordichotels.eu\/fi\/palvelut\/aamiainen\/","name":"Aamiainen Tallinnan keskustassa - Nordic Hotel Forum","isPartOf":{"@id":"https:\/\/www.nordichotels.eu\/fi\/#website"},"datePublished":"2024-03-05T11:35:27+00:00","dateModified":"2026-01-05T07:45:36+00:00","description":"Aamiainen Tallinnan keskustassa. Valikoimassa on vaihtoehtoja vegaaneille, kalaa ja lihaa. Lasten suosikit puuroa ja pannukakkuja.","breadcrumb":{"@id":"https:\/\/www.nordichotels.eu\/fi\/palvelut\/aamiainen\/#breadcrumb"},"inLanguage":"fi","potentialAction":[{"@type":"ReadAction","target":["https:\/\/www.nordichotels.eu\/fi\/palvelut\/aamiainen\/"]}]},{"@type":"BreadcrumbList","@id":"https:\/\/www.nordichotels.eu\/fi\/palvelut\/aamiainen\/#breadcrumb","itemListElement":[{"@type":"ListItem","position":1,"name":"Home","item":"https:\/\/www.nordichotels.eu\/fi\/"},{"@type":"ListItem","position":2,"name":"PALVELUT","item":"https:\/\/www.nordichotels.eu\/fi\/palvelut\/"},{"@type":"ListItem","position":3,"name":"Aamiainen"}]},{"@type":"WebSite","@id":"https:\/\/www.nordichotels.eu\/fi\/#website","url":"https:\/\/www.nordichotels.eu\/fi\/","name":"Nordic Hotel Forum","description":"Kaiken keskell\u00e4","potentialAction":[{"@type":"SearchAction","target":{"@type":"EntryPoint","urlTemplate":"https:\/\/www.nordichotels.eu\/fi\/?s={search_term_string}"},"query-input":{"@type":"PropertyValueSpecification","valueRequired":true,"valueName":"search_term_string"}}],"inLanguage":"fi"}]}},"_links":{"self":[{"href":"https:\/\/www.nordichotels.eu\/fi\/wp-json\/wp\/v2\/pages\/1152","targetHints":{"allow":["GET"]}}],"collection":[{"href":"https:\/\/www.nordichotels.eu\/fi\/wp-json\/wp\/v2\/pages"}],"about":[{"href":"https:\/\/www.nordichotels.eu\/fi\/wp-json\/wp\/v2\/types\/page"}],"author":[{"embeddable":true,"href":"https:\/\/www.nordichotels.eu\/fi\/wp-json\/wp\/v2\/users\/2"}],"replies":[{"embeddable":true,"href":"https:\/\/www.nordichotels.eu\/fi\/wp-json\/wp\/v2\/comments?post=1152"}],"version-history":[{"count":33,"href":"https:\/\/www.nordichotels.eu\/fi\/wp-json\/wp\/v2\/pages\/1152\/revisions"}],"predecessor-version":[{"id":5684,"href":"https:\/\/www.nordichotels.eu\/fi\/wp-json\/wp\/v2\/pages\/1152\/revisions\/5684"}],"up":[{"embeddable":true,"href":"https:\/\/www.nordichotels.eu\/fi\/wp-json\/wp\/v2\/pages\/1148"}],"wp:attachment":[{"href":"https:\/\/www.nordichotels.eu\/fi\/wp-json\/wp\/v2\/media?parent=1152"}],"curies":[{"name":"wp","href":"https:\/\/api.w.org\/{rel}","templated":true}]}}