{"id":1126,"date":"2024-03-04T14:25:24","date_gmt":"2024-03-04T12:25:24","guid":{"rendered":"https:\/\/www.nordichotels.eu\/vastutustundlik-ettevotlus\/"},"modified":"2025-09-28T15:15:12","modified_gmt":"2025-09-28T12:15:12","slug":"vastuullinen-liiketoiminta","status":"publish","type":"page","link":"https:\/\/www.nordichotels.eu\/fi\/vastuullinen-liiketoiminta\/","title":{"rendered":"Vastuullinen liiketoiminta"},"content":{"rendered":"<p><div class=\"fusion-fullwidth fullwidth-box fusion-builder-row-1 fusion-flex-container has-pattern-background has-mask-background nonhundred-percent-fullwidth non-hundred-percent-height-scrolling\" style=\"--awb-border-radius-top-left:0px;--awb-border-radius-top-right:0px;--awb-border-radius-bottom-right:0px;--awb-border-radius-bottom-left:0px;--awb-padding-top:0px;--awb-padding-bottom:0px;--awb-margin-top:0px;--awb-margin-bottom:0px;--awb-flex-wrap:wrap;\" ><div class=\"fusion-builder-row fusion-row fusion-flex-align-items-flex-start fusion-flex-content-wrap\" style=\"max-width:104%;margin-left: calc(-4% \/ 2 );margin-right: calc(-4% \/ 2 );\"><div class=\"fusion-layout-column fusion_builder_column fusion-builder-column-0 fusion_builder_column_1_1 1_1 fusion-flex-column\" style=\"--awb-bg-size:cover;--awb-width-large:100%;--awb-margin-top-large:0px;--awb-spacing-right-large:1.92%;--awb-margin-bottom-large:20px;--awb-spacing-left-large:1.92%;--awb-width-medium:100%;--awb-order-medium:0;--awb-spacing-right-medium:1.92%;--awb-spacing-left-medium:1.92%;--awb-width-small:100%;--awb-order-small:0;--awb-spacing-right-small:1.92%;--awb-spacing-left-small:1.92%;\"><div class=\"fusion-column-wrapper fusion-column-has-shadow fusion-flex-justify-content-flex-start fusion-content-layout-column\"><div class=\"fusion-image-element \" style=\"--awb-caption-title-font-family:var(--h2_typography-font-family);--awb-caption-title-font-weight:var(--h2_typography-font-weight);--awb-caption-title-font-style:var(--h2_typography-font-style);--awb-caption-title-size:var(--h2_typography-font-size);--awb-caption-title-transform:var(--h2_typography-text-transform);--awb-caption-title-line-height:var(--h2_typography-line-height);--awb-caption-title-letter-spacing:var(--h2_typography-letter-spacing);\"><span class=\" fusion-imageframe imageframe-none imageframe-1 hover-type-none\"><img decoding=\"async\" width=\"1920\" height=\"396\" src=\"https:\/\/www.nordichotels.eu\/wp-content\/uploads\/2024\/02\/toad.jpg\" alt class=\"img-responsive wp-image-870\" srcset=\"https:\/\/www.nordichotels.eu\/wp-content\/uploads\/2024\/02\/toad-200x41.jpg 200w, https:\/\/www.nordichotels.eu\/wp-content\/uploads\/2024\/02\/toad-400x83.jpg 400w, https:\/\/www.nordichotels.eu\/wp-content\/uploads\/2024\/02\/toad-600x124.jpg 600w, https:\/\/www.nordichotels.eu\/wp-content\/uploads\/2024\/02\/toad-800x165.jpg 800w, https:\/\/www.nordichotels.eu\/wp-content\/uploads\/2024\/02\/toad-1200x248.jpg 1200w, https:\/\/www.nordichotels.eu\/wp-content\/uploads\/2024\/02\/toad.jpg 1920w\" sizes=\"(max-width: 640px) 100vw, 1920px\" \/><\/span><\/div><\/div><\/div><\/div><\/div><div class=\"fusion-fullwidth fullwidth-box fusion-builder-row-2 fusion-flex-container has-pattern-background has-mask-background nonhundred-percent-fullwidth non-hundred-percent-height-scrolling\" style=\"--awb-border-radius-top-left:0px;--awb-border-radius-top-right:0px;--awb-border-radius-bottom-right:0px;--awb-border-radius-bottom-left:0px;--awb-flex-wrap:wrap;\" ><div class=\"fusion-builder-row fusion-row fusion-flex-align-items-stretch fusion-flex-content-wrap\" style=\"max-width:104%;margin-left: calc(-4% \/ 2 );margin-right: calc(-4% \/ 2 );\"><div class=\"fusion-layout-column fusion_builder_column fusion-builder-column-1 fusion_builder_column_1_1 1_1 fusion-flex-column\" style=\"--awb-padding-top:20px;--awb-padding-right:20px;--awb-padding-bottom:20px;--awb-padding-left:20px;--awb-bg-color:var(--awb-color1);--awb-bg-color-hover:var(--awb-color1);--awb-bg-size:cover;--awb-width-large:100%;--awb-margin-top-large:0px;--awb-spacing-right-large:1.92%;--awb-margin-bottom-large:20px;--awb-spacing-left-large:1.92%;--awb-width-medium:100%;--awb-order-medium:0;--awb-spacing-right-medium:1.92%;--awb-spacing-left-medium:1.92%;--awb-width-small:100%;--awb-order-small:0;--awb-spacing-right-small:1.92%;--awb-spacing-left-small:1.92%;\" data-scroll-devices=\"small-visibility,medium-visibility,large-visibility\"><div class=\"fusion-column-wrapper fusion-column-has-shadow fusion-flex-justify-content-flex-start fusion-content-layout-column\"><div class=\"fusion-title title fusion-title-1 fusion-sep-none fusion-title-text fusion-title-size-one\" style=\"--awb-margin-top:0px;--awb-margin-bottom:0px;--awb-margin-top-small:10px;--awb-margin-right-small:0px;--awb-margin-bottom-small:10px;--awb-margin-left-small:0px;--awb-font-size:26px;\"><h1 class=\"fusion-title-heading title-heading-left fusion-responsive-typography-calculated\" style=\"font-family:&quot;Accurat regular&quot;;font-style:normal;font-weight:400;margin:0;font-size:1em;--fontSize:26;line-height:1.3;\">Vastuullinen liiketoiminta<\/h1><\/div><div class=\"fusion-separator\" style=\"align-self: flex-start;margin-right:auto;margin-top:15px;margin-bottom:40px;width:100%;max-width:50px;\"><div class=\"fusion-separator-border sep-single sep-solid\" style=\"--awb-height:20px;--awb-amount:20px;--awb-sep-color:var(--awb-color4);border-color:var(--awb-color4);border-top-width:2px;\"><\/div><\/div><div class=\"fusion-text fusion-text-1\"><h3><strong>Vastuullisuus liiketoiminnassamme<\/strong><\/h3>\n<p>Nordic Hotel Forum noudattaa vastuullisen liiketoiminnan periaatteita ymp\u00e4rivuotisesti. Kunnioitamme ymp\u00e4rist\u00f6vastuuta, teemme yhteisty\u00f6t\u00e4 meit\u00e4 ymp\u00e4r\u00f6iv\u00e4n yhteis\u00f6n kanssa ja huolehdimme ty\u00f6ntekij\u00f6idemme hyvinvoinnista, terveydest\u00e4 ja ty\u00f6turvallisuudesta.\u00a0Vastuullisuuteen kuuluvat yksil\u00f6iden ja yhteisty\u00f6kumppanien huomiointi, tulevaisuuteen t\u00e4ht\u00e4\u00e4v\u00e4 p\u00e4\u00e4t\u00f6ksenteko sek\u00e4 toimintamme vaikutusten analysointi.<\/p>\n<p>Vastuullisen liiketoimintamme perusl\u00e4ht\u00f6kohdat ovat:<\/p>\n<ul>\n<li>Olemme ymp\u00e4rist\u00f6tietoinen majoitus-, ravintola- ja tapahtumapalvelujen tarjoaja, joka tarkkaan pohdittujen toimintatapojen avulla pyrkii minimoimaan kaikkia mahdollisia negatiivisia vaikutuksia ymp\u00e4rist\u00f6lleen.<\/li>\n<li>Kunnioitamme yksil\u00f6llisyytt\u00e4, moniarvoisuutta, tasa-arvoisuutta ja huomaavaisuutta sek\u00e4 oman henkil\u00f6kuntamme, asiakkaidemme ett\u00e4 yhteisty\u00f6kumppaniemme osalta.<\/li>\n<li>Huomioimme ja tuemme heit\u00e4, jotka ovat avun tarpeessa.<\/li>\n<\/ul>\n<h3><strong>Olemme ymp\u00e4rist\u00f6yst\u00e4v\u00e4llisi\u00e4<\/strong><\/h3>\n<p>Nordic Hotel Forum toteuttaa ymp\u00e4rist\u00f6vastuutaan noudattamalla aihetta koskevia lakeja, m\u00e4\u00e4r\u00e4yksi\u00e4 ja hyvi\u00e4 k\u00e4yt\u00e4nt\u00f6j\u00e4. Tavoitteemme on v\u00e4hent\u00e4\u00e4 ja ennaltaehk\u00e4ist\u00e4 luonnon kuormittumista sek\u00e4 suoraan ett\u00e4 v\u00e4lillisesti, jotta elinymp\u00e4rist\u00f6mme s\u00e4ilyisi puhtaana my\u00f6s tulevaisuudessa.<\/p>\n<p>Ymp\u00e4rist\u00f6tekojamme on kiitetty Viron rajojen ulkopuolellakin. Vuonna 2010 hotellille my\u00f6nnettiin kansainv\u00e4linen matkailu- ja majoitusyritysten ekomerkki\u00a0<strong>Vihre\u00e4 Avain<\/strong>.<\/p>\n<p><strong>Ymp\u00e4rist\u00f6yst\u00e4v\u00e4llisyyden periaatteisiin sitoutuneina:<\/strong><\/p>\n<ul>\n<li>kulutamme vett\u00e4 ja energiaa mahdollisimman s\u00e4\u00e4steli\u00e4\u00e4sti, sek\u00e4 pyrimme v\u00e4hent\u00e4m\u00e4\u00e4n j\u00e4tteiden m\u00e4\u00e4r\u00e4\u00e4 erilaisin k\u00e4yt\u00e4nn\u00f6n keinoin;<\/li>\n<li>teemme hankintoja ymp\u00e4rist\u00f6n\u00e4k\u00f6kohdat huomioiden, esimerkiksi tilaten vain ekomerkinn\u00f6in varustettuja tai uusiopaperista valmistettuja k\u00e4sipyyhkeit\u00e4, wc-paperia ja toimistopaperia;<\/li>\n<li>k\u00e4yt\u00e4mme ymp\u00e4rist\u00f6yst\u00e4v\u00e4llisi\u00e4 puhdistusaineita ja pyrimme rajoittamaan kemikaalien k\u00e4ytt\u00f6\u00e4 vain v\u00e4ltt\u00e4m\u00e4tt\u00f6mimm\u00e4lle tasolle;<\/li>\n<li>suosimme ravintolan ruoanvalmistuksessa paikallisia raaka-aineita aina mahdollisuuden mukaan;<\/li>\n<li>koulutamme henkil\u00f6kuntaa ja esittelemme my\u00f6s asiakkaille keinoja, joiden avulla jokainen voi antaa oman panoksensa hotellin ymp\u00e4rist\u00f6yst\u00e4v\u00e4lliseen toimintaan.<strong>\u00a0<\/strong><\/li>\n<\/ul>\n<p><strong>Seitsem\u00e4n pient\u00e4 hotellivieraan ekotekoa \u2013 kiitos, jos toteutat n\u00e4ist\u00e4 yhdenkin:<\/strong><\/p>\n<ul>\n<li>ota huoneesta l\u00e4htiess\u00e4si oven avainkortti sen pidikkeest\u00e4 mukaan, n\u00e4in<\/li>\n<li>s\u00e4\u00e4st\u00e4t s\u00e4hk\u00f6- ja l\u00e4mmitysenergiaa;<\/li>\n<li>k\u00e4yt\u00e4 vett\u00e4 s\u00e4\u00e4steli\u00e4\u00e4sti;<\/li>\n<li>j\u00e4t\u00e4 kylpyhuoneen lattialle vain k\u00e4ytt\u00e4m\u00e4si pyyhkeet, n\u00e4in v\u00e4henn\u00e4t pest\u00e4vien materiaalien ja ty\u00f6h\u00f6n tarvittavan pesuaineen m\u00e4\u00e4r\u00e4\u00e4;<\/li>\n<li>lajittele huonej\u00e4tteet: j\u00e4t\u00e4 paperi ja pahvi apup\u00f6yd\u00e4lle, laita tyhj\u00e4t(!) juoma- ym. purkit ja pakkaukset roskakorin viereen lattialle ja vain sekaj\u00e4te roskakoriin<\/li>\n<li>\u00e4l\u00e4 heit\u00e4 k\u00e4ytettyj\u00e4 paristoja tai akkuja roskiin vaan anna ne vastaanoton henkil\u00f6kunnalle<\/li>\n<li>Tallinna on mukavan pieni paikka \u2013 liiku keskustassa jalan tai kaupunkipy\u00f6rill\u00e4<\/li>\n<li>aktiviteetti- ja ulkoilulomillasi hy\u00f6dynn\u00e4 hotellin omaa rentoutumiskeskusta, kaupunkipuistoja tai RMK:n eli Viron Mets\u00e4keskuksen yll\u00e4pit\u00e4mi\u00e4 retkeilyreittej\u00e4<\/li>\n<\/ul>\n<p>Ymp\u00e4rist\u00f6ohjelmaamme kuuluu my\u00f6s jokakev\u00e4isten\u00a0<strong>Teeme \u00c4ra -talkoiden<\/strong>\u00a0(Virosta alkunsa saaneen ja my\u00f6s \u201dSuomi puhtaaksi p\u00e4iv\u00e4ss\u00e4!\u201d -nimell\u00e4 tunnetun tapahtuman) tukeminen. Siivouksen ohella talkoot ovat viime vuosina kehitt\u00e4neet virolaista kansalaisyhteiskuntaa sek\u00e4 lis\u00e4nneet paikallisten yhteis\u00f6jen keskin\u00e4isen vastuunkannon ja yhteenkuuluvuuden tunnetta.<\/p>\n<h3><strong>Kunnioitamme yksil\u00f6llisyytt\u00e4<\/strong><\/h3>\n<p>Ty\u00f6yhteis\u00f6mme j\u00e4senten, asiakkaiden ja yhteisty\u00f6kumppanien v\u00e4linen keskin\u00e4inen kunnioitus on yksi arvomaailmamme peruspilareista. Vaalimme hyv\u00e4ntahtoisuutta ja \u2013tuulisuutta sek\u00e4 asiallista ja luottamuksenarvoista ty\u00f6kulttuuria. Ty\u00f6ntekij\u00e4mme eiv\u00e4t ole vain nimikyltill\u00e4 varustettuja hahmoja, vaan yksil\u00f6llisi\u00e4 ja ainutlaatuisia persoonia, jotka rikastavat yhteis\u00f6\u00e4mme.<\/p>\n<p>Yhteiskunnallisen moniarvoisuuden vaalimisen nimiss\u00e4 allekirjoitimme vuoden 2014 lopulla vapaaehtoisen\u00a0<strong>Moniarvoisuuden sopimuksen<\/strong>. Virolaisten yritysten, kansalaisj\u00e4rjest\u00f6jen ja julkissektorin tahojen muodostaman yhteis\u00f6n j\u00e4senen\u00e4 todennamme sopimuksen my\u00f6t\u00e4 kunnioittavamme ihmisten moniarvoisuutta sek\u00e4 tasa-arvoisen kohtelun periaatteita sek\u00e4 oman henkil\u00f6st\u00f6mme, asiakkaidemme ett\u00e4 yhteisty\u00f6kumppaniemme keskuudessa.<\/p>\n<p><strong>Sopimuksen sis\u00e4lt\u00f6\u00f6n viitaten lupaamme:<\/strong><\/p>\n<ul>\n<li>arvottaa omassa ty\u00f6yhteis\u00f6ss\u00e4mme keskin\u00e4isen kunnioituksen, moniarvoisuuden ja tasa-arvoisen kohtelun periaatteita;<\/li>\n<li>asettaa moniarvoisuuskysymykset keskeiseksi osaksi liiketoiminnan johtamista;<\/li>\n<li>kehitt\u00e4\u00e4 henkil\u00f6st\u00f6politiikkaa siten, ett\u00e4 kaikkia ty\u00f6yhteis\u00f6n j\u00e4seni\u00e4 kohdellaan tasapuolisesti. Jokaisella ty\u00f6ntekij\u00e4ll\u00e4 on oikeus hy\u00f6dynt\u00e4\u00e4 osaamistaan ja kehitty\u00e4 sukupuolesta, ihonv\u00e4rist\u00e4, etnisest\u00e4 tai kansallisesta taustasta, i\u00e4st\u00e4, invaliditeetista, poliittisista tai uskonnollisista n\u00e4kemyksist\u00e4 sek\u00e4 sukupuolisesta suuntautumisesta riippumatta;<\/li>\n<li>edesauttaa sit\u00e4, ett\u00e4 yhteiskunnallinen moniarvoisuus olisi n\u00e4ht\u00e4viss\u00e4 my\u00f6s henkil\u00f6st\u00f6mme joukossa;<\/li>\n<li>suojella ty\u00f6ntekij\u00f6it\u00e4mme kaikenlaiselta edell\u00e4 lueteltuihin seikkoihin liittyv\u00e4lt\u00e4 syrjinn\u00e4lt\u00e4 tai kiusaamiselta.<\/li>\n<\/ul>\n<h3><strong>Huomioimme avun tarvitsijoita<\/strong><\/h3>\n<p>Mielest\u00e4mme on t\u00e4rke\u00e4\u00e4 huomata ymp\u00e4rill\u00e4mme ne, jotka ovat avun tarpeessa, ja olla heid\u00e4n tukenaan. Emme voi auttaa kaikkia, mutta voimme auttaa niit\u00e4, jotka osuvat kohdallemme. Tuemme mielell\u00e4mme erilaista hyv\u00e4ntekev\u00e4isyytt\u00e4 ja panostamme paremman ja v\u00e4litt\u00e4v\u00e4mm\u00e4n yhteiskunnan rakentamiseen.<\/p>\n<p>Autetaan yhdess\u00e4 tukemaan:<br \/>\n\u2022 <strong><a href=\"https:\/\/kiusamisvaba.ee\/\" target=\"_blank\" rel=\"noopener\">KiVa Koulu<\/a><\/strong> -ohjelman virolaisen Kiusamisvaba Kool -vastineen<br \/>\n\u2022 vakavasti sairaiden lasten unelmia toteuttavan <strong><a href=\"https:\/\/www.minuunistustepaev.ee\/en\/\" target=\"_blank\" rel=\"noopener\">Minu Unistuste P\u00e4ev MT\u00dc<\/a><\/strong> -hyv\u00e4ntekev\u00e4isyysrahaston<br \/>\n\u2022 <strong><a href=\"https:\/\/sos-lastekyla.ee\/?_gl=1*3dsa0r*_up*MQ..*_gs*MQ..&amp;gclid=EAIaIQobChMI9M-U_bb7jwMVORmiAx2_WSABEAAYASAAEgINhfD_BwE&amp;gbraid=0AAAAA-1pfxGweF6UXqFH5zrfy2JYL9dcM\" target=\"_blank\" rel=\"noopener\">SOS Lastek\u00fcla<\/a><\/strong> -lastenavustusj\u00e4rjest\u00f6n ja<br \/>\n\u2022 muidenkin hyv\u00e4ntekev\u00e4isyysj\u00e4rjest\u00f6jen toimintaa.<br \/>\nLuodaan lapsille yhdess\u00e4 turvallisempi ja yst\u00e4v\u00e4llisempi ymp\u00e4rist\u00f6.<\/p>\n<\/div><\/div><\/div><\/div><\/div><\/p>\n","protected":false},"excerpt":{"rendered":"","protected":false},"author":2,"featured_media":0,"parent":0,"menu_order":0,"comment_status":"closed","ping_status":"closed","template":"100-width.php","meta":{"inline_featured_image":false,"footnotes":""},"class_list":["post-1126","page","type-page","status-publish","hentry"],"yoast_head":"<!-- This site is optimized with the Yoast SEO plugin v27.3 - https:\/\/yoast.com\/product\/yoast-seo-wordpress\/ -->\n<title>Vastuullinen liiketoiminta - Nordic Hotel Forum<\/title>\n<meta name=\"description\" content=\"Vuonna 2010 hotellille my\u00f6nnettiin kansainv\u00e4linen matkailu- ja majoitusyritysten ekomerkki Vihre\u00e4 Avain (Green Key).\" \/>\n<meta name=\"robots\" content=\"index, follow, max-snippet:-1, max-image-preview:large, max-video-preview:-1\" \/>\n<link rel=\"canonical\" href=\"https:\/\/www.nordichotels.eu\/fi\/vastuullinen-liiketoiminta\/\" \/>\n<meta property=\"og:locale\" content=\"fi_FI\" \/>\n<meta property=\"og:type\" content=\"article\" \/>\n<meta property=\"og:title\" content=\"Vastuullinen liiketoiminta - Nordic Hotel Forum\" \/>\n<meta property=\"og:description\" content=\"Vuonna 2010 hotellille my\u00f6nnettiin kansainv\u00e4linen matkailu- ja majoitusyritysten ekomerkki Vihre\u00e4 Avain (Green Key).\" \/>\n<meta property=\"og:url\" content=\"https:\/\/www.nordichotels.eu\/fi\/vastuullinen-liiketoiminta\/\" \/>\n<meta property=\"og:site_name\" content=\"Nordic Hotel Forum\" \/>\n<meta property=\"article:modified_time\" content=\"2025-09-28T12:15:12+00:00\" \/>\n<meta property=\"og:image\" content=\"https:\/\/www.nordichotels.eu\/wp-content\/uploads\/2024\/04\/Nordic-Hotel-Forum.jpg\" \/>\n\t<meta property=\"og:image:width\" content=\"1200\" \/>\n\t<meta property=\"og:image:height\" content=\"675\" \/>\n\t<meta property=\"og:image:type\" content=\"image\/jpeg\" \/>\n<meta name=\"twitter:card\" content=\"summary_large_image\" \/>\n<script type=\"application\/ld+json\" class=\"yoast-schema-graph\">{\"@context\":\"https:\\\/\\\/schema.org\",\"@graph\":[{\"@type\":\"WebPage\",\"@id\":\"https:\\\/\\\/www.nordichotels.eu\\\/fi\\\/vastuullinen-liiketoiminta\\\/\",\"url\":\"https:\\\/\\\/www.nordichotels.eu\\\/fi\\\/vastuullinen-liiketoiminta\\\/\",\"name\":\"Vastuullinen liiketoiminta - Nordic Hotel Forum\",\"isPartOf\":{\"@id\":\"https:\\\/\\\/www.nordichotels.eu\\\/fi\\\/#website\"},\"datePublished\":\"2024-03-04T12:25:24+00:00\",\"dateModified\":\"2025-09-28T12:15:12+00:00\",\"description\":\"Vuonna 2010 hotellille my\u00f6nnettiin kansainv\u00e4linen matkailu- ja majoitusyritysten ekomerkki Vihre\u00e4 Avain (Green Key).\",\"breadcrumb\":{\"@id\":\"https:\\\/\\\/www.nordichotels.eu\\\/fi\\\/vastuullinen-liiketoiminta\\\/#breadcrumb\"},\"inLanguage\":\"fi\",\"potentialAction\":[{\"@type\":\"ReadAction\",\"target\":[\"https:\\\/\\\/www.nordichotels.eu\\\/fi\\\/vastuullinen-liiketoiminta\\\/\"]}]},{\"@type\":\"BreadcrumbList\",\"@id\":\"https:\\\/\\\/www.nordichotels.eu\\\/fi\\\/vastuullinen-liiketoiminta\\\/#breadcrumb\",\"itemListElement\":[{\"@type\":\"ListItem\",\"position\":1,\"name\":\"Home\",\"item\":\"https:\\\/\\\/www.nordichotels.eu\\\/fi\\\/\"},{\"@type\":\"ListItem\",\"position\":2,\"name\":\"Vastuullinen liiketoiminta\"}]},{\"@type\":\"WebSite\",\"@id\":\"https:\\\/\\\/www.nordichotels.eu\\\/fi\\\/#website\",\"url\":\"https:\\\/\\\/www.nordichotels.eu\\\/fi\\\/\",\"name\":\"Nordic Hotel Forum\",\"description\":\"Kaiken keskell\u00e4\",\"potentialAction\":[{\"@type\":\"SearchAction\",\"target\":{\"@type\":\"EntryPoint\",\"urlTemplate\":\"https:\\\/\\\/www.nordichotels.eu\\\/fi\\\/?s={search_term_string}\"},\"query-input\":{\"@type\":\"PropertyValueSpecification\",\"valueRequired\":true,\"valueName\":\"search_term_string\"}}],\"inLanguage\":\"fi\"}]}<\/script>\n<!-- \/ Yoast SEO plugin. -->","yoast_head_json":{"title":"Vastuullinen liiketoiminta - Nordic Hotel Forum","description":"Vuonna 2010 hotellille my\u00f6nnettiin kansainv\u00e4linen matkailu- ja majoitusyritysten ekomerkki Vihre\u00e4 Avain (Green Key).","robots":{"index":"index","follow":"follow","max-snippet":"max-snippet:-1","max-image-preview":"max-image-preview:large","max-video-preview":"max-video-preview:-1"},"canonical":"https:\/\/www.nordichotels.eu\/fi\/vastuullinen-liiketoiminta\/","og_locale":"fi_FI","og_type":"article","og_title":"Vastuullinen liiketoiminta - Nordic Hotel Forum","og_description":"Vuonna 2010 hotellille my\u00f6nnettiin kansainv\u00e4linen matkailu- ja majoitusyritysten ekomerkki Vihre\u00e4 Avain (Green Key).","og_url":"https:\/\/www.nordichotels.eu\/fi\/vastuullinen-liiketoiminta\/","og_site_name":"Nordic Hotel Forum","article_modified_time":"2025-09-28T12:15:12+00:00","og_image":[{"width":1200,"height":675,"url":"https:\/\/www.nordichotels.eu\/wp-content\/uploads\/2024\/04\/Nordic-Hotel-Forum.jpg","type":"image\/jpeg"}],"twitter_card":"summary_large_image","schema":{"@context":"https:\/\/schema.org","@graph":[{"@type":"WebPage","@id":"https:\/\/www.nordichotels.eu\/fi\/vastuullinen-liiketoiminta\/","url":"https:\/\/www.nordichotels.eu\/fi\/vastuullinen-liiketoiminta\/","name":"Vastuullinen liiketoiminta - Nordic Hotel Forum","isPartOf":{"@id":"https:\/\/www.nordichotels.eu\/fi\/#website"},"datePublished":"2024-03-04T12:25:24+00:00","dateModified":"2025-09-28T12:15:12+00:00","description":"Vuonna 2010 hotellille my\u00f6nnettiin kansainv\u00e4linen matkailu- ja majoitusyritysten ekomerkki Vihre\u00e4 Avain (Green Key).","breadcrumb":{"@id":"https:\/\/www.nordichotels.eu\/fi\/vastuullinen-liiketoiminta\/#breadcrumb"},"inLanguage":"fi","potentialAction":[{"@type":"ReadAction","target":["https:\/\/www.nordichotels.eu\/fi\/vastuullinen-liiketoiminta\/"]}]},{"@type":"BreadcrumbList","@id":"https:\/\/www.nordichotels.eu\/fi\/vastuullinen-liiketoiminta\/#breadcrumb","itemListElement":[{"@type":"ListItem","position":1,"name":"Home","item":"https:\/\/www.nordichotels.eu\/fi\/"},{"@type":"ListItem","position":2,"name":"Vastuullinen liiketoiminta"}]},{"@type":"WebSite","@id":"https:\/\/www.nordichotels.eu\/fi\/#website","url":"https:\/\/www.nordichotels.eu\/fi\/","name":"Nordic Hotel Forum","description":"Kaiken keskell\u00e4","potentialAction":[{"@type":"SearchAction","target":{"@type":"EntryPoint","urlTemplate":"https:\/\/www.nordichotels.eu\/fi\/?s={search_term_string}"},"query-input":{"@type":"PropertyValueSpecification","valueRequired":true,"valueName":"search_term_string"}}],"inLanguage":"fi"}]}},"_links":{"self":[{"href":"https:\/\/www.nordichotels.eu\/fi\/wp-json\/wp\/v2\/pages\/1126","targetHints":{"allow":["GET"]}}],"collection":[{"href":"https:\/\/www.nordichotels.eu\/fi\/wp-json\/wp\/v2\/pages"}],"about":[{"href":"https:\/\/www.nordichotels.eu\/fi\/wp-json\/wp\/v2\/types\/page"}],"author":[{"embeddable":true,"href":"https:\/\/www.nordichotels.eu\/fi\/wp-json\/wp\/v2\/users\/2"}],"replies":[{"embeddable":true,"href":"https:\/\/www.nordichotels.eu\/fi\/wp-json\/wp\/v2\/comments?post=1126"}],"version-history":[{"count":4,"href":"https:\/\/www.nordichotels.eu\/fi\/wp-json\/wp\/v2\/pages\/1126\/revisions"}],"predecessor-version":[{"id":5055,"href":"https:\/\/www.nordichotels.eu\/fi\/wp-json\/wp\/v2\/pages\/1126\/revisions\/5055"}],"wp:attachment":[{"href":"https:\/\/www.nordichotels.eu\/fi\/wp-json\/wp\/v2\/media?parent=1126"}],"curies":[{"name":"wp","href":"https:\/\/api.w.org\/{rel}","templated":true}]}}