{"id":4582,"date":"2025-04-29T10:09:50","date_gmt":"2025-04-29T07:09:50","guid":{"rendered":"https:\/\/www.nordichotels.eu\/emadepaeva-brunch\/"},"modified":"2026-04-27T13:41:57","modified_gmt":"2026-04-27T10:41:57","slug":"mothersday-brunch","status":"publish","type":"page","link":"https:\/\/www.nordichotels.eu\/en\/mothersday-brunch\/","title":{"rendered":"Mother\u00b4s Day Brunch"},"content":{"rendered":"<p><div class=\"fusion-fullwidth fullwidth-box fusion-builder-row-1 fusion-flex-container has-pattern-background has-mask-background nonhundred-percent-fullwidth non-hundred-percent-height-scrolling\" style=\"--awb-border-radius-top-left:0px;--awb-border-radius-top-right:0px;--awb-border-radius-bottom-right:0px;--awb-border-radius-bottom-left:0px;--awb-padding-top:0px;--awb-padding-bottom:0px;--awb-margin-top:0px;--awb-margin-bottom:0px;--awb-flex-wrap:wrap;\" ><div class=\"fusion-builder-row fusion-row fusion-flex-align-items-flex-start fusion-flex-content-wrap\" style=\"max-width:104%;margin-left: calc(-4% \/ 2 );margin-right: calc(-4% \/ 2 );\"><div class=\"fusion-layout-column fusion_builder_column fusion-builder-column-0 fusion_builder_column_1_1 1_1 fusion-flex-column\" style=\"--awb-bg-size:cover;--awb-width-large:100%;--awb-margin-top-large:0px;--awb-spacing-right-large:1.92%;--awb-margin-bottom-large:20px;--awb-spacing-left-large:1.92%;--awb-width-medium:100%;--awb-order-medium:0;--awb-spacing-right-medium:1.92%;--awb-spacing-left-medium:1.92%;--awb-width-small:100%;--awb-order-small:0;--awb-spacing-right-small:1.92%;--awb-spacing-left-small:1.92%;\"><div class=\"fusion-column-wrapper fusion-column-has-shadow fusion-flex-justify-content-flex-start fusion-content-layout-column\"><div class=\"fusion-image-element \" style=\"--awb-caption-title-font-family:var(--h2_typography-font-family);--awb-caption-title-font-weight:var(--h2_typography-font-weight);--awb-caption-title-font-style:var(--h2_typography-font-style);--awb-caption-title-size:var(--h2_typography-font-size);--awb-caption-title-transform:var(--h2_typography-text-transform);--awb-caption-title-line-height:var(--h2_typography-line-height);--awb-caption-title-letter-spacing:var(--h2_typography-letter-spacing);\"><span class=\" fusion-imageframe imageframe-none imageframe-1 hover-type-none\"><img decoding=\"async\" width=\"1920\" height=\"396\" src=\"https:\/\/www.nordichotels.eu\/wp-content\/uploads\/2024\/02\/toad.jpg\" alt class=\"img-responsive wp-image-869\" srcset=\"https:\/\/www.nordichotels.eu\/wp-content\/uploads\/2024\/02\/toad-200x41.jpg 200w, https:\/\/www.nordichotels.eu\/wp-content\/uploads\/2024\/02\/toad-400x83.jpg 400w, https:\/\/www.nordichotels.eu\/wp-content\/uploads\/2024\/02\/toad-600x124.jpg 600w, https:\/\/www.nordichotels.eu\/wp-content\/uploads\/2024\/02\/toad-800x165.jpg 800w, https:\/\/www.nordichotels.eu\/wp-content\/uploads\/2024\/02\/toad-1200x248.jpg 1200w, https:\/\/www.nordichotels.eu\/wp-content\/uploads\/2024\/02\/toad.jpg 1920w\" sizes=\"(max-width: 640px) 100vw, 1920px\" \/><\/span><\/div><\/div><\/div><\/div><\/div><div class=\"fusion-fullwidth fullwidth-box fusion-builder-row-2 fusion-flex-container has-pattern-background has-mask-background nonhundred-percent-fullwidth non-hundred-percent-height-scrolling\" style=\"--awb-border-radius-top-left:0px;--awb-border-radius-top-right:0px;--awb-border-radius-bottom-right:0px;--awb-border-radius-bottom-left:0px;--awb-flex-wrap:wrap;\" ><div class=\"fusion-builder-row fusion-row fusion-flex-align-items-stretch fusion-flex-content-wrap\" style=\"max-width:104%;margin-left: calc(-4% \/ 2 );margin-right: calc(-4% \/ 2 );\"><div class=\"fusion-layout-column fusion_builder_column fusion-builder-column-1 fusion_builder_column_3_5 3_5 fusion-flex-column\" style=\"--awb-padding-top:20px;--awb-padding-right:20px;--awb-padding-bottom:20px;--awb-padding-left:20px;--awb-bg-color:var(--awb-color1);--awb-bg-color-hover:var(--awb-color1);--awb-bg-size:cover;--awb-width-large:60%;--awb-margin-top-large:0px;--awb-spacing-right-large:3.2%;--awb-margin-bottom-large:20px;--awb-spacing-left-large:3.2%;--awb-width-medium:60%;--awb-order-medium:0;--awb-spacing-right-medium:3.2%;--awb-spacing-left-medium:3.2%;--awb-width-small:100%;--awb-order-small:0;--awb-spacing-right-small:1.92%;--awb-spacing-left-small:1.92%;\" data-scroll-devices=\"small-visibility,medium-visibility,large-visibility\"><div class=\"fusion-column-wrapper fusion-column-has-shadow fusion-flex-justify-content-flex-start fusion-content-layout-column\"><div class=\"fusion-title title fusion-title-1 fusion-sep-none fusion-title-text fusion-title-size-one\" style=\"--awb-margin-top:0px;--awb-margin-bottom:0px;--awb-margin-top-small:10px;--awb-margin-right-small:0px;--awb-margin-bottom-small:10px;--awb-margin-left-small:0px;--awb-font-size:26px;\"><h1 class=\"fusion-title-heading title-heading-left fusion-responsive-typography-calculated\" style=\"font-family:&quot;Accurat regular&quot;;font-style:normal;font-weight:400;margin:0;font-size:1em;--fontSize:26;line-height:1.3;\">Mother\u2019s day brunch at Nordic Hotel Forum<\/h1><\/div><div class=\"fusion-separator\" style=\"align-self: flex-start;margin-right:auto;margin-top:15px;margin-bottom:40px;width:100%;max-width:50px;\"><div class=\"fusion-separator-border sep-single sep-solid\" style=\"--awb-height:20px;--awb-amount:20px;--awb-sep-color:var(--awb-color4);border-color:var(--awb-color4);border-top-width:2px;\"><\/div><\/div><div class=\"fusion-text fusion-text-1\"><h5><strong>Mother\u2019s Day brunch with an unlimited welcome drink at a restaurant in the heart of Tallinn. Free for preschoolers. This is exactly what defines an elegantly rich and spring-fresh Mother\u2019s Day reception at restaurant Nomel at Nordic Hotel Forum.<\/strong><\/h5>\n<p>We invite you to celebrate Mother&#8217;s Day in the heart of Tallinn at Nordic Hotel Forum&#8217;s restaurant Nomel. It is a wonderful day to spend with your loved ones, to thank your mother for everything, and to gift her the luxury of time. Enjoy quality moments with your family without anyone having to worry about cooking, serving, or cleaning up.<\/p>\n<p>The Executive Chef of Nordic Hotel Forum and his team have crafted a flavor-rich menu, featuring spring-fresh appetizers and a wide selection of warm dishes. To conclude the lovely gathering, we offer an enticing array of desserts to delight guests of all ages.<\/p>\n<p>For a truly unique experience, enjoy our <strong>Pavlova buffet,<\/strong> where everyone can create a dessert tailored perfectly to their own taste.<\/p>\n<h5>Menu<\/h5>\n<p>Enjoy a Mother&#8217;s Day culinary journey featuring delicacies such as scallop ceviche with tiger prawns, cured salmon, and a rich selection of salads. Our chef will be preparing poached eggs at the egg station, while our hot selection includes honey-glazed salmon and BBQ pork tenderloin served with gourmet fries. For a sweet finale, choose from a silky cr\u00e8me br\u00fbl\u00e9e or a refreshing syrup and mint smoothie, just to name few delicates from the menu.<\/p>\n<p>As a special highlight, guests can enjoy our Pavlova buffet, where everyone can create a dessert tailored to their own taste. Simply top a crispy meringue base with your favorite toppings, fresh berries, and airy whipped cream\u2014exactly the way you like it.<\/p>\n<p><strong>Have a look at the Mother\u2019s day menu <a href=\"https:\/\/www.nordichotels.eu\/wp-content\/uploads\/2026\/04\/Mothers-Day-brunch-menu-2026.pdf\" target=\"_blank\" rel=\"noopener\"><span style=\"color: #0000ff;\">here<\/span><\/a>. Unlimited mimosas throughout the event!<\/strong><\/p>\n<p>Give mum the gift of time and celebrate Mother\u2019s day in the heart of Tallinn, next to <a href=\"https:\/\/rotermann.ee\/en\/\" target=\"_blank\" rel=\"noopener\">Rotermann Quarter<\/a>.<\/p>\n<p>For additional information, please contact us via email at <a class=\"underline\" href=\"mailto:forum@nordichotels.eu\">forum@nordichotels.eu<\/a> or by phone at +372 622 2999<\/p>\n<\/div><div class=\"fusion-separator\" style=\"align-self: flex-start;margin-right:auto;margin-top:15px;margin-bottom:40px;width:100%;max-width:50px;\"><div class=\"fusion-separator-border sep-single sep-solid\" style=\"--awb-height:20px;--awb-amount:20px;--awb-sep-color:var(--awb-color4);border-color:var(--awb-color4);border-top-width:2px;\"><\/div><\/div><div class=\"fusion-text fusion-text-2\"><h5><strong>We are offering a Mother\u2019s Day family reception <a href=\"https:\/\/www.nordichotels.eu\/wp-content\/uploads\/2026\/04\/Mothers-Day-brunch-menu-2026.pdf\" target=\"_blank\" rel=\"noopener\">buffet<\/a> on Sunday, 10 May 2026 from 1 PM to 4 PM at the Nordic Hotel Forum restaurant Nomel.<\/strong><\/h5>\n<p>Prices and booking:<\/p>\n<ul>\n<li>\u20ac46 per adult (aged 15 and above)<\/li>\n<li>\u20ac23 per child (aged 7-14)<\/li>\n<li>FREE for small children aged 0-6<\/li>\n<li>The price includes: a buffet-style menu, unlimited alcoholic and non-alcoholic mimosas. View the menu <strong><span style=\"color: #0000ff;\"><a style=\"color: #0000ff;\" href=\"https:\/\/www.nordichotels.eu\/wp-content\/uploads\/2026\/04\/Mothers-Day-brunch-menu-2026.pdf\" target=\"_blank\" rel=\"noopener\">here<\/a><\/span><\/strong>.<\/li>\n<li>Drinks can also be purchased on site<\/li>\n<li>Last admission to the reception at 3 PM<\/li>\n<li>If your plans change, you may cancel your prepaid reservation free of charge by notifying us at least 48 hours before the event.<\/li>\n<li>Tickets to the buffet can be purchased from our online <a href=\"https:\/\/www.nordichotels.eu\/pood\/\">store<\/a>. Please add to cart and buy tickets for all guests, including small children. This way we will know to expect you and prepare the tables accordingly. Thank you!<\/li>\n<\/ul>\n<\/div><div ><a class=\"fusion-button button-flat fusion-button-default-size button-custom fusion-button-default button-1 fusion-button-default-span fusion-button-default-type\" style=\"--button_accent_color:var(--awb-color7);--button_border_color:var(--awb-color4);--button_accent_hover_color:var(--awb-color6);--button_border_hover_color:var(--awb-color1);--button_border_width-top:2px;--button_border_width-right:2px;--button_border_width-bottom:2px;--button_border_width-left:2px;--button-border-radius-top-left:35px;--button-border-radius-top-right:35px;--button-border-radius-bottom-right:35px;--button-border-radius-bottom-left:35px;--button_gradient_top_color:var(--awb-color1);--button_gradient_bottom_color:var(--awb-color1);--button_gradient_top_color_hover:hsla(var(--awb-color4-h),calc(var(--awb-color4-s) - 5%),calc(var(--awb-color4-l) - 10%),var(--awb-color4-a));--button_gradient_bottom_color_hover:hsla(var(--awb-color4-h),calc(var(--awb-color4-s) - 5%),calc(var(--awb-color4-l) - 10%),var(--awb-color4-a));--button_font_size:14px;--button_typography-font-family:&quot;Accurat regular&quot;;--button_typography-font-style:normal;--button_typography-font-weight:400;\" target=\"_self\" href=\"https:\/\/www.nordichotels.eu\/pood\/\"><span class=\"fusion-button-text awb-button__text awb-button__text--default\">BOOK A TABLE<\/span><\/a><\/div><\/div><\/div><div class=\"fusion-layout-column fusion_builder_column fusion-builder-column-2 fusion_builder_column_2_5 2_5 fusion-flex-column\" style=\"--awb-padding-top:20px;--awb-padding-right:20px;--awb-padding-bottom:20px;--awb-padding-left:20px;--awb-bg-color:var(--awb-color1);--awb-bg-color-hover:var(--awb-color1);--awb-bg-size:cover;--awb-width-large:40%;--awb-margin-top-large:0px;--awb-spacing-right-large:4.8%;--awb-margin-bottom-large:20px;--awb-spacing-left-large:4.8%;--awb-width-medium:40%;--awb-order-medium:0;--awb-spacing-right-medium:4.8%;--awb-spacing-left-medium:4.8%;--awb-width-small:100%;--awb-order-small:0;--awb-spacing-right-small:1.92%;--awb-spacing-left-small:1.92%;\" data-scroll-devices=\"small-visibility,medium-visibility,large-visibility\"><div class=\"fusion-column-wrapper fusion-column-has-shadow fusion-flex-justify-content-flex-start fusion-content-layout-column\"><div class=\"fusion-image-element \" style=\"--awb-caption-title-font-family:var(--h2_typography-font-family);--awb-caption-title-font-weight:var(--h2_typography-font-weight);--awb-caption-title-font-style:var(--h2_typography-font-style);--awb-caption-title-size:var(--h2_typography-font-size);--awb-caption-title-transform:var(--h2_typography-text-transform);--awb-caption-title-line-height:var(--h2_typography-line-height);--awb-caption-title-letter-spacing:var(--h2_typography-letter-spacing);\"><span class=\" fusion-imageframe imageframe-none imageframe-2 hover-type-none\"><a class=\"fusion-no-lightbox\" href=\"https:\/\/www.nordichotels.eu\/pood\/\" target=\"_self\"><img decoding=\"async\" width=\"1920\" height=\"1080\" alt=\"Mother\u00b4 s Day brunch\" src=\"https:\/\/www.nordichotels.eu\/wp-content\/uploads\/2026\/04\/Mothers-Day-2026.png\" class=\"img-responsive wp-image-6247\" srcset=\"https:\/\/www.nordichotels.eu\/wp-content\/uploads\/2026\/04\/Mothers-Day-2026-200x113.png 200w, https:\/\/www.nordichotels.eu\/wp-content\/uploads\/2026\/04\/Mothers-Day-2026-400x225.png 400w, https:\/\/www.nordichotels.eu\/wp-content\/uploads\/2026\/04\/Mothers-Day-2026-600x338.png 600w, https:\/\/www.nordichotels.eu\/wp-content\/uploads\/2026\/04\/Mothers-Day-2026-800x450.png 800w, https:\/\/www.nordichotels.eu\/wp-content\/uploads\/2026\/04\/Mothers-Day-2026-1200x675.png 1200w, https:\/\/www.nordichotels.eu\/wp-content\/uploads\/2026\/04\/Mothers-Day-2026.png 1920w\" sizes=\"(max-width: 640px) 100vw, 800px\" \/><\/a><\/span><\/div><div class=\"fusion-separator\" style=\"align-self: flex-start;margin-right:auto;margin-top:15px;margin-bottom:40px;width:100%;max-width:50px;\"><div class=\"fusion-separator-border sep-single sep-solid\" style=\"--awb-height:20px;--awb-amount:20px;--awb-sep-color:var(--awb-color4);border-color:var(--awb-color4);border-top-width:2px;\"><\/div><\/div><div class=\"fusion-text fusion-text-3\"><p>An invaluable gift for a mother \u2013 time spent with family! Join us for our spring Mother&#8217;s Day feast featuring a rich buffet of appetizers and desserts. We offer unlimited mimosas, and for young children, the buffet is FREE. View the menu <a href=\"https:\/\/www.nordichotels.eu\/wp-content\/uploads\/2026\/04\/Mothers-Day-brunch-menu-2026.pdf\" target=\"_blank\" rel=\"noopener\"><strong><span style=\"color: #0000ff;\">here<\/span><\/strong><\/a>.<\/p>\n<\/div><\/div><\/div><\/div><\/div><\/p>\n","protected":false},"excerpt":{"rendered":"","protected":false},"author":3,"featured_media":0,"parent":0,"menu_order":0,"comment_status":"closed","ping_status":"closed","template":"100-width.php","meta":{"inline_featured_image":false,"footnotes":""},"class_list":["post-4582","page","type-page","status-publish","hentry"],"yoast_head":"<!-- This site is optimized with the Yoast SEO plugin v27.3 - https:\/\/yoast.com\/product\/yoast-seo-wordpress\/ -->\n<title>Mother\u00b4s Day brunch with unlimited drink!<\/title>\n<meta name=\"description\" content=\"Mother&#039;s Day brunch with unlimited drinks! The selection includes warm and cold appetizers. Preschool children eat FREE.\" \/>\n<meta name=\"robots\" content=\"index, follow, max-snippet:-1, max-image-preview:large, max-video-preview:-1\" \/>\n<link rel=\"canonical\" href=\"https:\/\/www.nordichotels.eu\/en\/mothersday-brunch\/\" \/>\n<meta property=\"og:locale\" content=\"en_US\" \/>\n<meta property=\"og:type\" content=\"article\" \/>\n<meta property=\"og:title\" content=\"Kingi emale aega!\" \/>\n<meta property=\"og:description\" content=\"Emadep\u00e4eva brunch piiramatu tervitusjoogiga! Buffet on koolieelikule tasuta! Just selline ongi elegantselt rikkalik ning kevadiselt v\u00e4rske emadep\u00e4eva vastuv\u00f5tt Nordic Hotel Forumi restoranis Nomel.\" \/>\n<meta property=\"og:url\" content=\"https:\/\/www.nordichotels.eu\/en\/mothersday-brunch\/\" \/>\n<meta property=\"og:site_name\" content=\"Nordic Hotel Forum\" \/>\n<meta property=\"article:modified_time\" content=\"2026-04-27T10:41:57+00:00\" \/>\n<meta property=\"og:image\" content=\"https:\/\/www.nordichotels.eu\/wp-content\/uploads\/2025\/04\/Emadepaev-koduleht-sotsiaalmeediasse.png\" \/>\n\t<meta property=\"og:image:width\" content=\"1920\" \/>\n\t<meta property=\"og:image:height\" content=\"1080\" \/>\n\t<meta property=\"og:image:type\" content=\"image\/png\" \/>\n<meta name=\"twitter:card\" content=\"summary_large_image\" \/>\n<meta name=\"twitter:label1\" content=\"Est. reading time\" \/>\n\t<meta name=\"twitter:data1\" content=\"4 minutes\" \/>\n<script type=\"application\/ld+json\" class=\"yoast-schema-graph\">{\"@context\":\"https:\\\/\\\/schema.org\",\"@graph\":[{\"@type\":\"WebPage\",\"@id\":\"https:\\\/\\\/www.nordichotels.eu\\\/en\\\/mothersday-brunch\\\/\",\"url\":\"https:\\\/\\\/www.nordichotels.eu\\\/en\\\/mothersday-brunch\\\/\",\"name\":\"Mother\u00b4s Day brunch with unlimited drink!\",\"isPartOf\":{\"@id\":\"https:\\\/\\\/www.nordichotels.eu\\\/en\\\/#website\"},\"datePublished\":\"2025-04-29T07:09:50+00:00\",\"dateModified\":\"2026-04-27T10:41:57+00:00\",\"description\":\"Mother's Day brunch with unlimited drinks! The selection includes warm and cold appetizers. Preschool children eat FREE.\",\"breadcrumb\":{\"@id\":\"https:\\\/\\\/www.nordichotels.eu\\\/en\\\/mothersday-brunch\\\/#breadcrumb\"},\"inLanguage\":\"en-US\",\"potentialAction\":[{\"@type\":\"ReadAction\",\"target\":[\"https:\\\/\\\/www.nordichotels.eu\\\/en\\\/mothersday-brunch\\\/\"]}]},{\"@type\":\"BreadcrumbList\",\"@id\":\"https:\\\/\\\/www.nordichotels.eu\\\/en\\\/mothersday-brunch\\\/#breadcrumb\",\"itemListElement\":[{\"@type\":\"ListItem\",\"position\":1,\"name\":\"Home\",\"item\":\"https:\\\/\\\/www.nordichotels.eu\\\/en\\\/\"},{\"@type\":\"ListItem\",\"position\":2,\"name\":\"Mother\u00b4s Day Brunch\"}]},{\"@type\":\"WebSite\",\"@id\":\"https:\\\/\\\/www.nordichotels.eu\\\/en\\\/#website\",\"url\":\"https:\\\/\\\/www.nordichotels.eu\\\/en\\\/\",\"name\":\"Nordic Hotel Forum\",\"description\":\"At the heart of things\",\"potentialAction\":[{\"@type\":\"SearchAction\",\"target\":{\"@type\":\"EntryPoint\",\"urlTemplate\":\"https:\\\/\\\/www.nordichotels.eu\\\/en\\\/?s={search_term_string}\"},\"query-input\":{\"@type\":\"PropertyValueSpecification\",\"valueRequired\":true,\"valueName\":\"search_term_string\"}}],\"inLanguage\":\"en-US\"}]}<\/script>\n<!-- \/ Yoast SEO plugin. -->","yoast_head_json":{"title":"Mother\u00b4s Day brunch with unlimited drink!","description":"Mother's Day brunch with unlimited drinks! The selection includes warm and cold appetizers. Preschool children eat FREE.","robots":{"index":"index","follow":"follow","max-snippet":"max-snippet:-1","max-image-preview":"max-image-preview:large","max-video-preview":"max-video-preview:-1"},"canonical":"https:\/\/www.nordichotels.eu\/en\/mothersday-brunch\/","og_locale":"en_US","og_type":"article","og_title":"Kingi emale aega!","og_description":"Emadep\u00e4eva brunch piiramatu tervitusjoogiga! Buffet on koolieelikule tasuta! Just selline ongi elegantselt rikkalik ning kevadiselt v\u00e4rske emadep\u00e4eva vastuv\u00f5tt Nordic Hotel Forumi restoranis Nomel.","og_url":"https:\/\/www.nordichotels.eu\/en\/mothersday-brunch\/","og_site_name":"Nordic Hotel Forum","article_modified_time":"2026-04-27T10:41:57+00:00","og_image":[{"width":1920,"height":1080,"url":"https:\/\/www.nordichotels.eu\/wp-content\/uploads\/2025\/04\/Emadepaev-koduleht-sotsiaalmeediasse.png","type":"image\/png"}],"twitter_card":"summary_large_image","twitter_misc":{"Est. reading time":"4 minutes"},"schema":{"@context":"https:\/\/schema.org","@graph":[{"@type":"WebPage","@id":"https:\/\/www.nordichotels.eu\/en\/mothersday-brunch\/","url":"https:\/\/www.nordichotels.eu\/en\/mothersday-brunch\/","name":"Mother\u00b4s Day brunch with unlimited drink!","isPartOf":{"@id":"https:\/\/www.nordichotels.eu\/en\/#website"},"datePublished":"2025-04-29T07:09:50+00:00","dateModified":"2026-04-27T10:41:57+00:00","description":"Mother's Day brunch with unlimited drinks! The selection includes warm and cold appetizers. Preschool children eat FREE.","breadcrumb":{"@id":"https:\/\/www.nordichotels.eu\/en\/mothersday-brunch\/#breadcrumb"},"inLanguage":"en-US","potentialAction":[{"@type":"ReadAction","target":["https:\/\/www.nordichotels.eu\/en\/mothersday-brunch\/"]}]},{"@type":"BreadcrumbList","@id":"https:\/\/www.nordichotels.eu\/en\/mothersday-brunch\/#breadcrumb","itemListElement":[{"@type":"ListItem","position":1,"name":"Home","item":"https:\/\/www.nordichotels.eu\/en\/"},{"@type":"ListItem","position":2,"name":"Mother\u00b4s Day Brunch"}]},{"@type":"WebSite","@id":"https:\/\/www.nordichotels.eu\/en\/#website","url":"https:\/\/www.nordichotels.eu\/en\/","name":"Nordic Hotel Forum","description":"At the heart of things","potentialAction":[{"@type":"SearchAction","target":{"@type":"EntryPoint","urlTemplate":"https:\/\/www.nordichotels.eu\/en\/?s={search_term_string}"},"query-input":{"@type":"PropertyValueSpecification","valueRequired":true,"valueName":"search_term_string"}}],"inLanguage":"en-US"}]}},"_links":{"self":[{"href":"https:\/\/www.nordichotels.eu\/en\/wp-json\/wp\/v2\/pages\/4582","targetHints":{"allow":["GET"]}}],"collection":[{"href":"https:\/\/www.nordichotels.eu\/en\/wp-json\/wp\/v2\/pages"}],"about":[{"href":"https:\/\/www.nordichotels.eu\/en\/wp-json\/wp\/v2\/types\/page"}],"author":[{"embeddable":true,"href":"https:\/\/www.nordichotels.eu\/en\/wp-json\/wp\/v2\/users\/3"}],"replies":[{"embeddable":true,"href":"https:\/\/www.nordichotels.eu\/en\/wp-json\/wp\/v2\/comments?post=4582"}],"version-history":[{"count":11,"href":"https:\/\/www.nordichotels.eu\/en\/wp-json\/wp\/v2\/pages\/4582\/revisions"}],"predecessor-version":[{"id":6279,"href":"https:\/\/www.nordichotels.eu\/en\/wp-json\/wp\/v2\/pages\/4582\/revisions\/6279"}],"wp:attachment":[{"href":"https:\/\/www.nordichotels.eu\/en\/wp-json\/wp\/v2\/media?parent=4582"}],"curies":[{"name":"wp","href":"https:\/\/api.w.org\/{rel}","templated":true}]}}