{"id":4234,"date":"2025-03-03T16:04:07","date_gmt":"2025-03-03T14:04:07","guid":{"rendered":"https:\/\/www.nordichotels.eu\/restaurants\/tallinna-restoranide-nadal\/"},"modified":"2026-03-04T10:42:33","modified_gmt":"2026-03-04T08:42:33","slug":"tallinn-restaurant-week","status":"publish","type":"page","link":"https:\/\/www.nordichotels.eu\/en\/restaurants\/tallinn-restaurant-week\/","title":{"rendered":"Tallinna Restaurant Week"},"content":{"rendered":"<p><div class=\"fusion-fullwidth fullwidth-box fusion-builder-row-1 fusion-flex-container has-pattern-background has-mask-background nonhundred-percent-fullwidth non-hundred-percent-height-scrolling\" style=\"--awb-border-radius-top-left:0px;--awb-border-radius-top-right:0px;--awb-border-radius-bottom-right:0px;--awb-border-radius-bottom-left:0px;--awb-padding-top:0px;--awb-padding-bottom:0px;--awb-margin-top:0px;--awb-margin-bottom:0px;--awb-flex-wrap:wrap;\" ><div class=\"fusion-builder-row fusion-row fusion-flex-align-items-flex-start fusion-flex-content-wrap\" style=\"max-width:104%;margin-left: calc(-4% \/ 2 );margin-right: calc(-4% \/ 2 );\"><div class=\"fusion-layout-column fusion_builder_column fusion-builder-column-0 fusion_builder_column_1_1 1_1 fusion-flex-column\" style=\"--awb-bg-size:cover;--awb-width-large:100%;--awb-margin-top-large:0px;--awb-spacing-right-large:1.92%;--awb-margin-bottom-large:20px;--awb-spacing-left-large:1.92%;--awb-width-medium:100%;--awb-order-medium:0;--awb-spacing-right-medium:1.92%;--awb-spacing-left-medium:1.92%;--awb-width-small:100%;--awb-order-small:0;--awb-spacing-right-small:1.92%;--awb-spacing-left-small:1.92%;\"><div class=\"fusion-column-wrapper fusion-column-has-shadow fusion-flex-justify-content-flex-start fusion-content-layout-column\"><div class=\"fusion-image-element \" style=\"--awb-caption-title-font-family:var(--h2_typography-font-family);--awb-caption-title-font-weight:var(--h2_typography-font-weight);--awb-caption-title-font-style:var(--h2_typography-font-style);--awb-caption-title-size:var(--h2_typography-font-size);--awb-caption-title-transform:var(--h2_typography-text-transform);--awb-caption-title-line-height:var(--h2_typography-line-height);--awb-caption-title-letter-spacing:var(--h2_typography-letter-spacing);\"><span class=\" fusion-imageframe imageframe-none imageframe-1 hover-type-none\"><img decoding=\"async\" width=\"1920\" height=\"396\" src=\"https:\/\/www.nordichotels.eu\/wp-content\/uploads\/2024\/02\/toad.jpg\" alt class=\"img-responsive wp-image-869\" srcset=\"https:\/\/www.nordichotels.eu\/wp-content\/uploads\/2024\/02\/toad-200x41.jpg 200w, https:\/\/www.nordichotels.eu\/wp-content\/uploads\/2024\/02\/toad-400x83.jpg 400w, https:\/\/www.nordichotels.eu\/wp-content\/uploads\/2024\/02\/toad-600x124.jpg 600w, https:\/\/www.nordichotels.eu\/wp-content\/uploads\/2024\/02\/toad-800x165.jpg 800w, https:\/\/www.nordichotels.eu\/wp-content\/uploads\/2024\/02\/toad-1200x248.jpg 1200w, https:\/\/www.nordichotels.eu\/wp-content\/uploads\/2024\/02\/toad.jpg 1920w\" sizes=\"(max-width: 640px) 100vw, 1920px\" \/><\/span><\/div><\/div><\/div><\/div><\/div><div class=\"fusion-fullwidth fullwidth-box fusion-builder-row-2 fusion-flex-container has-pattern-background has-mask-background nonhundred-percent-fullwidth non-hundred-percent-height-scrolling\" style=\"--awb-border-radius-top-left:0px;--awb-border-radius-top-right:0px;--awb-border-radius-bottom-right:0px;--awb-border-radius-bottom-left:0px;--awb-margin-top:20px;--awb-flex-wrap:wrap;\" id=\"restoran-noho\" ><div class=\"fusion-builder-row fusion-row fusion-flex-align-items-stretch fusion-flex-content-wrap\" style=\"max-width:104%;margin-left: calc(-4% \/ 2 );margin-right: calc(-4% \/ 2 );\"><div class=\"fusion-layout-column fusion_builder_column fusion-builder-column-1 fusion_builder_column_1_2 1_2 fusion-flex-column\" style=\"--awb-bg-color:var(--awb-color1);--awb-bg-color-hover:var(--awb-color1);--awb-bg-size:cover;--awb-width-large:50%;--awb-margin-top-large:0px;--awb-spacing-right-large:3.84%;--awb-margin-bottom-large:20px;--awb-spacing-left-large:3.84%;--awb-width-medium:50%;--awb-order-medium:0;--awb-spacing-right-medium:3.84%;--awb-spacing-left-medium:3.84%;--awb-width-small:100%;--awb-order-small:0;--awb-spacing-right-small:1.92%;--awb-spacing-left-small:1.92%;\" data-scroll-devices=\"small-visibility,medium-visibility,large-visibility\"><div class=\"fusion-column-wrapper fusion-column-has-shadow fusion-flex-justify-content-flex-start fusion-content-layout-column\"><div class=\"fusion-title title fusion-title-1 fusion-sep-none fusion-title-text fusion-title-size-one\" style=\"--awb-margin-top:0px;--awb-margin-bottom:0px;--awb-margin-top-small:10px;--awb-margin-right-small:0px;--awb-margin-bottom-small:10px;--awb-margin-left-small:0px;--awb-font-size:26px;\"><h1 class=\"fusion-title-heading title-heading-left fusion-responsive-typography-calculated\" style=\"font-family:&quot;Accurat regular&quot;;font-style:normal;font-weight:400;margin:0;font-size:1em;--fontSize:26;line-height:1.3;\">Restaurant Noho\u2019s special offer during Tallinn Restaurant Week<\/h1><\/div><div class=\"fusion-separator\" style=\"align-self: flex-start;margin-right:auto;margin-top:15px;margin-bottom:40px;width:100%;max-width:50px;\"><div class=\"fusion-separator-border sep-single sep-solid\" style=\"--awb-height:20px;--awb-amount:20px;--awb-sep-color:var(--awb-color4);border-color:var(--awb-color4);border-top-width:2px;\"><\/div><\/div><div class=\"fusion-text fusion-text-1\" style=\"--awb-user-select:none;\"><p><strong>Tallinn Restaurant Week from March 11\u201322, 2026, at Restaurant Noho! A flavorful lunch and dinner menu in the heart of Tallinn.<\/strong><\/p>\n<p>Nordic Hotel Forum\u2019s restaurant &amp; bar <a href=\"https:\/\/www.nordichotels.eu\/restoranid\/noho\/\"><strong>Noho<\/strong> <\/a>invites you to experience TRW. Nordic Hotel Forum\u00b4s Executive Chef <strong>Virko Tugevus<\/strong>,\u00a0 together with his team have created a <strong>two-course lunch menu and a three-course dinner menu<\/strong> that reflect the best traditions and ingredients of Nordic cuisine, while adding their own signature touch to the flavours.<\/p>\n<p>These <strong><a href=\"https:\/\/www.nordichotels.eu\/wp-content\/uploads\/2026\/03\/Noho-X-TRW-2-coures-lunch-menu-2026.pdf\" target=\"_blank\" rel=\"noopener\">two-course lunches<\/a> and <a href=\"https:\/\/www.nordichotels.eu\/wp-content\/uploads\/2026\/03\/Noho-X-TRW-3-coures-dinner-menu-2026.pdf\" target=\"_blank\" rel=\"noopener\">three-course dinners<\/a><\/strong> offer a great opportunity to explore the restaurant\u2019s menu at a more affordable price than usual.<\/p>\n<p><strong>The Noho team welcomes you and reminds that:<\/strong><\/p>\n<p>\u2022 Tallinn Restaurant Week takes place from <strong>March 11\u201322, 2026<\/strong>.<br \/>\n\u2022 Please reserve your table <strong>one day<\/strong> in advance via the TRW website <strong><a href=\"https:\/\/www.tallinnrestaurantweek.ee\/en\/restaurant\/noho\/\" target=\"_blank\" rel=\"noopener\">www.tallinnrestaurantweek.ee<\/a><\/strong><br \/>\n\u2022 Bookings can be made for 2-6 people.<br \/>\n\u2022 The regular menu will also be available, allowing you to order additional dishes if desired.<br \/>\n\u2022 Reserve your table today, as seats are filling up fast!<\/p>\n<\/div><div ><a class=\"fusion-button button-flat fusion-button-default-size button-default fusion-button-default button-1 fusion-button-default-span fusion-button-default-type\" target=\"_self\" href=\"https:\/\/www.tallinnrestaurantweek.ee\/en\/restaurant\/noho\/\"><span class=\"fusion-button-text awb-button__text awb-button__text--default\">BOOK A TABLE<\/span><\/a><\/div><div class=\"fusion-separator\" style=\"align-self: flex-start;margin-right:auto;margin-top:15px;margin-bottom:40px;width:100%;max-width:50px;\"><div class=\"fusion-separator-border sep-single sep-solid\" style=\"--awb-height:20px;--awb-amount:20px;--awb-sep-color:var(--awb-color4);border-color:var(--awb-color4);border-top-width:2px;\"><\/div><\/div><div class=\"fusion-text fusion-text-2\" style=\"--awb-user-select:none;\"><p><strong>Restaurant Noho is open:<\/strong><\/p>\n<ul>\n<li>Mon &#8211; Sun 11.30 am \u2013 11.00 pm<\/li>\n<li>Kitchen is open until 11 pm<\/li>\n<\/ul>\n<p><strong>Additional info:<\/strong><\/p>\n<ul>\n<li>phone: <a href=\"tel:+3726222980\">+372 622 2980<\/a><\/li>\n<li>e-mail: noho@nordichotels.eu<\/li>\n<\/ul>\n<\/div><\/div><\/div><div class=\"fusion-layout-column fusion_builder_column fusion-builder-column-2 fusion_builder_column_1_2 1_2 fusion-flex-column\" style=\"--awb-bg-color:var(--awb-color1);--awb-bg-color-hover:var(--awb-color1);--awb-bg-size:cover;--awb-width-large:50%;--awb-margin-top-large:0px;--awb-spacing-right-large:3.84%;--awb-margin-bottom-large:20px;--awb-spacing-left-large:3.84%;--awb-width-medium:50%;--awb-order-medium:0;--awb-spacing-right-medium:3.84%;--awb-spacing-left-medium:3.84%;--awb-width-small:100%;--awb-order-small:0;--awb-spacing-right-small:1.92%;--awb-spacing-left-small:1.92%;\" data-scroll-devices=\"small-visibility,medium-visibility,large-visibility\"><div class=\"fusion-column-wrapper fusion-column-has-shadow fusion-flex-justify-content-flex-start fusion-content-layout-column\"><div class=\"fusion-title title fusion-title-2 fusion-sep-none fusion-title-text fusion-title-size-one\" style=\"--awb-margin-top:0px;--awb-margin-bottom:0px;--awb-margin-top-small:10px;--awb-margin-right-small:0px;--awb-margin-bottom-small:10px;--awb-margin-left-small:0px;--awb-font-size:26px;\"><h1 class=\"fusion-title-heading title-heading-left fusion-responsive-typography-calculated\" style=\"font-family:&quot;Accurat regular&quot;;font-style:normal;font-weight:400;margin:0;font-size:1em;--fontSize:26;line-height:1.3;\"><\/h1><\/div><div class=\"fusion-image-carousel fusion-image-carousel-auto fusion-image-carousel-1 fusion-carousel-border\"><div class=\"awb-carousel awb-swiper awb-swiper-carousel awb-carousel--carousel awb-swiper-dots-position-bottom\" data-layout=\"carousel\" data-autoplay=\"yes\" data-autoplayspeed=\"2500\" data-autoplaypause=\"no\" data-columns=\"1\" data-columnsmedium=\"1\" data-columnssmall=\"1\" data-itemmargin=\"13\" data-itemwidth=\"180\" data-touchscroll=\"no\" data-freemode=\"no\" data-imagesize=\"auto\" data-scrollitems=\"0\" data-centeredslides=\"no\" data-rotationangle=\"50\" data-depth=\"100\" data-speed=\"500\" data-shadow=\"no\" data-pagination=\"bullets\" style=\"--awb-columns:1;--awb-border-width:1px;--awb-border-color:#e9eaee;--awb-dots-align:center;\"><div class=\"swiper-wrapper awb-image-carousel-wrapper fusion-flex-align-items-center\"><div class=\"swiper-slide\"><div class=\"fusion-carousel-item-wrapper\"><div class=\"fusion-image-wrapper hover-type-none\"><img decoding=\"async\" width=\"1120\" height=\"703\" src=\"https:\/\/www.nordichotels.eu\/wp-content\/uploads\/2025\/10\/NHF-Kodulehe-sisulehtede-pilt-1120-x-703-1.png\" class=\"attachment-full size-full\" alt=\"Nordic Hotel Forums Executive Chef Virko Tugevus\" srcset=\"https:\/\/www.nordichotels.eu\/wp-content\/uploads\/2025\/10\/NHF-Kodulehe-sisulehtede-pilt-1120-x-703-1-200x126.png 200w, https:\/\/www.nordichotels.eu\/wp-content\/uploads\/2025\/10\/NHF-Kodulehe-sisulehtede-pilt-1120-x-703-1-300x188.png 300w, https:\/\/www.nordichotels.eu\/wp-content\/uploads\/2025\/10\/NHF-Kodulehe-sisulehtede-pilt-1120-x-703-1-320x202.png 320w, https:\/\/www.nordichotels.eu\/wp-content\/uploads\/2025\/10\/NHF-Kodulehe-sisulehtede-pilt-1120-x-703-1-400x251.png 400w, https:\/\/www.nordichotels.eu\/wp-content\/uploads\/2025\/10\/NHF-Kodulehe-sisulehtede-pilt-1120-x-703-1-500x314.png 500w, https:\/\/www.nordichotels.eu\/wp-content\/uploads\/2025\/10\/NHF-Kodulehe-sisulehtede-pilt-1120-x-703-1-600x377.png 600w, https:\/\/www.nordichotels.eu\/wp-content\/uploads\/2025\/10\/NHF-Kodulehe-sisulehtede-pilt-1120-x-703-1-700x439.png 700w, https:\/\/www.nordichotels.eu\/wp-content\/uploads\/2025\/10\/NHF-Kodulehe-sisulehtede-pilt-1120-x-703-1-768x482.png 768w, https:\/\/www.nordichotels.eu\/wp-content\/uploads\/2025\/10\/NHF-Kodulehe-sisulehtede-pilt-1120-x-703-1-800x502.png 800w, https:\/\/www.nordichotels.eu\/wp-content\/uploads\/2025\/10\/NHF-Kodulehe-sisulehtede-pilt-1120-x-703-1-1024x643.png 1024w, https:\/\/www.nordichotels.eu\/wp-content\/uploads\/2025\/10\/NHF-Kodulehe-sisulehtede-pilt-1120-x-703-1.png 1120w\" sizes=\"(max-width: 1120px) 100vw, 1120px\" \/><\/div><\/div><\/div><\/div><div class=\"awb-swiper-button awb-swiper-button-prev\"><i class=\"awb-icon-angle-left\" aria-hidden=\"true\"><\/i><\/div><div class=\"awb-swiper-button awb-swiper-button-next\"><i class=\"awb-icon-angle-right\" aria-hidden=\"true\"><\/i><\/div><\/div><\/div><\/div><\/div><\/div><\/div><\/p>\n","protected":false},"excerpt":{"rendered":"","protected":false},"author":3,"featured_media":0,"parent":1202,"menu_order":0,"comment_status":"closed","ping_status":"closed","template":"100-width.php","meta":{"inline_featured_image":false,"footnotes":""},"class_list":["post-4234","page","type-page","status-publish","hentry"],"yoast_head":"<!-- This site is optimized with the Yoast SEO plugin v27.3 - https:\/\/yoast.com\/product\/yoast-seo-wordpress\/ -->\n<title>Tallinn Restaurant Week \u2764\ufe0f Restaurant Noho in the heart of Tallinn<\/title>\n<meta name=\"description\" content=\"Tallinn Restaurant Week and Restaurant Noho. The restaurant\u2019s two-course and three-course menus at a special introductory price.\" \/>\n<meta name=\"robots\" content=\"index, follow, max-snippet:-1, max-image-preview:large, max-video-preview:-1\" \/>\n<link rel=\"canonical\" href=\"https:\/\/www.nordichotels.eu\/en\/restaurants\/tallinn-restaurant-week\/\" \/>\n<meta property=\"og:locale\" content=\"en_US\" \/>\n<meta property=\"og:type\" content=\"article\" \/>\n<meta property=\"og:title\" content=\"Restoran Noho \u2764\ufe0f Tallinna Restoranide N\u00e4dal\" \/>\n<meta property=\"og:description\" content=\"Nordic Hotel Forumi restoran Noho osaleb Tallinna Restoranide N\u00e4dalal 11.-17.03.2025. Pakume 2-k\u00e4igulisi ja 3-k\u00e4igulisi Skandinaaviast inspireeritud men\u00fc\u00fcsid TRW erihinnaga. Avastage P\u00f5hjamaade k\u00f6\u00f6gi maitsed Tallinna s\u00fcdames asuvas restoranis.\" \/>\n<meta property=\"og:url\" content=\"https:\/\/www.nordichotels.eu\/en\/restaurants\/tallinn-restaurant-week\/\" \/>\n<meta property=\"og:site_name\" content=\"Nordic Hotel Forum\" \/>\n<meta property=\"article:modified_time\" content=\"2026-03-04T08:42:33+00:00\" \/>\n<meta property=\"og:image\" content=\"https:\/\/www.nordichotels.eu\/wp-content\/uploads\/2024\/07\/1920-x-1080-1024x576.png\" \/>\n\t<meta property=\"og:image:width\" content=\"1024\" \/>\n\t<meta property=\"og:image:height\" content=\"576\" \/>\n\t<meta property=\"og:image:type\" content=\"image\/png\" \/>\n<meta name=\"twitter:card\" content=\"summary_large_image\" \/>\n<meta name=\"twitter:label1\" content=\"Est. reading time\" \/>\n\t<meta name=\"twitter:data1\" content=\"2 minutes\" \/>\n<script type=\"application\/ld+json\" class=\"yoast-schema-graph\">{\"@context\":\"https:\\\/\\\/schema.org\",\"@graph\":[{\"@type\":\"WebPage\",\"@id\":\"https:\\\/\\\/www.nordichotels.eu\\\/en\\\/restaurants\\\/tallinn-restaurant-week\\\/\",\"url\":\"https:\\\/\\\/www.nordichotels.eu\\\/en\\\/restaurants\\\/tallinn-restaurant-week\\\/\",\"name\":\"Tallinn Restaurant Week \u2764\ufe0f Restaurant Noho in the heart of Tallinn\",\"isPartOf\":{\"@id\":\"https:\\\/\\\/www.nordichotels.eu\\\/en\\\/#website\"},\"datePublished\":\"2025-03-03T14:04:07+00:00\",\"dateModified\":\"2026-03-04T08:42:33+00:00\",\"description\":\"Tallinn Restaurant Week and Restaurant Noho. The restaurant\u2019s two-course and three-course menus at a special introductory price.\",\"breadcrumb\":{\"@id\":\"https:\\\/\\\/www.nordichotels.eu\\\/en\\\/restaurants\\\/tallinn-restaurant-week\\\/#breadcrumb\"},\"inLanguage\":\"en-US\",\"potentialAction\":[{\"@type\":\"ReadAction\",\"target\":[\"https:\\\/\\\/www.nordichotels.eu\\\/en\\\/restaurants\\\/tallinn-restaurant-week\\\/\"]}]},{\"@type\":\"BreadcrumbList\",\"@id\":\"https:\\\/\\\/www.nordichotels.eu\\\/en\\\/restaurants\\\/tallinn-restaurant-week\\\/#breadcrumb\",\"itemListElement\":[{\"@type\":\"ListItem\",\"position\":1,\"name\":\"Home\",\"item\":\"https:\\\/\\\/www.nordichotels.eu\\\/en\\\/\"},{\"@type\":\"ListItem\",\"position\":2,\"name\":\"RESTAURANT\",\"item\":\"https:\\\/\\\/www.nordichotels.eu\\\/en\\\/restaurants\\\/\"},{\"@type\":\"ListItem\",\"position\":3,\"name\":\"Tallinna Restaurant Week\"}]},{\"@type\":\"WebSite\",\"@id\":\"https:\\\/\\\/www.nordichotels.eu\\\/en\\\/#website\",\"url\":\"https:\\\/\\\/www.nordichotels.eu\\\/en\\\/\",\"name\":\"Nordic Hotel Forum\",\"description\":\"At the heart of things\",\"potentialAction\":[{\"@type\":\"SearchAction\",\"target\":{\"@type\":\"EntryPoint\",\"urlTemplate\":\"https:\\\/\\\/www.nordichotels.eu\\\/en\\\/?s={search_term_string}\"},\"query-input\":{\"@type\":\"PropertyValueSpecification\",\"valueRequired\":true,\"valueName\":\"search_term_string\"}}],\"inLanguage\":\"en-US\"}]}<\/script>\n<!-- \/ Yoast SEO plugin. -->","yoast_head_json":{"title":"Tallinn Restaurant Week \u2764\ufe0f Restaurant Noho in the heart of Tallinn","description":"Tallinn Restaurant Week and Restaurant Noho. The restaurant\u2019s two-course and three-course menus at a special introductory price.","robots":{"index":"index","follow":"follow","max-snippet":"max-snippet:-1","max-image-preview":"max-image-preview:large","max-video-preview":"max-video-preview:-1"},"canonical":"https:\/\/www.nordichotels.eu\/en\/restaurants\/tallinn-restaurant-week\/","og_locale":"en_US","og_type":"article","og_title":"Restoran Noho \u2764\ufe0f Tallinna Restoranide N\u00e4dal","og_description":"Nordic Hotel Forumi restoran Noho osaleb Tallinna Restoranide N\u00e4dalal 11.-17.03.2025. Pakume 2-k\u00e4igulisi ja 3-k\u00e4igulisi Skandinaaviast inspireeritud men\u00fc\u00fcsid TRW erihinnaga. Avastage P\u00f5hjamaade k\u00f6\u00f6gi maitsed Tallinna s\u00fcdames asuvas restoranis.","og_url":"https:\/\/www.nordichotels.eu\/en\/restaurants\/tallinn-restaurant-week\/","og_site_name":"Nordic Hotel Forum","article_modified_time":"2026-03-04T08:42:33+00:00","og_image":[{"width":1024,"height":576,"url":"https:\/\/www.nordichotels.eu\/wp-content\/uploads\/2024\/07\/1920-x-1080-1024x576.png","type":"image\/png"}],"twitter_card":"summary_large_image","twitter_misc":{"Est. reading time":"2 minutes"},"schema":{"@context":"https:\/\/schema.org","@graph":[{"@type":"WebPage","@id":"https:\/\/www.nordichotels.eu\/en\/restaurants\/tallinn-restaurant-week\/","url":"https:\/\/www.nordichotels.eu\/en\/restaurants\/tallinn-restaurant-week\/","name":"Tallinn Restaurant Week \u2764\ufe0f Restaurant Noho in the heart of Tallinn","isPartOf":{"@id":"https:\/\/www.nordichotels.eu\/en\/#website"},"datePublished":"2025-03-03T14:04:07+00:00","dateModified":"2026-03-04T08:42:33+00:00","description":"Tallinn Restaurant Week and Restaurant Noho. The restaurant\u2019s two-course and three-course menus at a special introductory price.","breadcrumb":{"@id":"https:\/\/www.nordichotels.eu\/en\/restaurants\/tallinn-restaurant-week\/#breadcrumb"},"inLanguage":"en-US","potentialAction":[{"@type":"ReadAction","target":["https:\/\/www.nordichotels.eu\/en\/restaurants\/tallinn-restaurant-week\/"]}]},{"@type":"BreadcrumbList","@id":"https:\/\/www.nordichotels.eu\/en\/restaurants\/tallinn-restaurant-week\/#breadcrumb","itemListElement":[{"@type":"ListItem","position":1,"name":"Home","item":"https:\/\/www.nordichotels.eu\/en\/"},{"@type":"ListItem","position":2,"name":"RESTAURANT","item":"https:\/\/www.nordichotels.eu\/en\/restaurants\/"},{"@type":"ListItem","position":3,"name":"Tallinna Restaurant Week"}]},{"@type":"WebSite","@id":"https:\/\/www.nordichotels.eu\/en\/#website","url":"https:\/\/www.nordichotels.eu\/en\/","name":"Nordic Hotel Forum","description":"At the heart of things","potentialAction":[{"@type":"SearchAction","target":{"@type":"EntryPoint","urlTemplate":"https:\/\/www.nordichotels.eu\/en\/?s={search_term_string}"},"query-input":{"@type":"PropertyValueSpecification","valueRequired":true,"valueName":"search_term_string"}}],"inLanguage":"en-US"}]}},"_links":{"self":[{"href":"https:\/\/www.nordichotels.eu\/en\/wp-json\/wp\/v2\/pages\/4234","targetHints":{"allow":["GET"]}}],"collection":[{"href":"https:\/\/www.nordichotels.eu\/en\/wp-json\/wp\/v2\/pages"}],"about":[{"href":"https:\/\/www.nordichotels.eu\/en\/wp-json\/wp\/v2\/types\/page"}],"author":[{"embeddable":true,"href":"https:\/\/www.nordichotels.eu\/en\/wp-json\/wp\/v2\/users\/3"}],"replies":[{"embeddable":true,"href":"https:\/\/www.nordichotels.eu\/en\/wp-json\/wp\/v2\/comments?post=4234"}],"version-history":[{"count":12,"href":"https:\/\/www.nordichotels.eu\/en\/wp-json\/wp\/v2\/pages\/4234\/revisions"}],"predecessor-version":[{"id":6031,"href":"https:\/\/www.nordichotels.eu\/en\/wp-json\/wp\/v2\/pages\/4234\/revisions\/6031"}],"up":[{"embeddable":true,"href":"https:\/\/www.nordichotels.eu\/en\/wp-json\/wp\/v2\/pages\/1202"}],"wp:attachment":[{"href":"https:\/\/www.nordichotels.eu\/en\/wp-json\/wp\/v2\/media?parent=4234"}],"curies":[{"name":"wp","href":"https:\/\/api.w.org\/{rel}","templated":true}]}}